{"id":225009,"date":"2022-10-20T17:16:52","date_gmt":"2022-10-20T15:16:52","guid":{"rendered":"http:\/\/dev.claret.cat\/producte\/poesia-7\/"},"modified":"2025-01-31T19:51:52","modified_gmt":"2025-01-31T18:51:52","slug":"poesia-9788424658915","status":"publish","type":"product","link":"https:\/\/www.claret.cat\/es\/libro\/poesia-9788424658915\/","title":{"rendered":"POES\u00cdA"},"content":{"rendered":"<p>Un poema son un mont\u00f3n de palabras que se mezclan de una forma especial. Los poemas sirven para inventarnos historias, describir personajes, o explicar c\u00f3mo nos sentimos. A veces, cuanto m\u00e1s raro parece un poema, m\u00e1s incre\u00edble resulta. Por eso no hay poemas ni buenos ni malos. Y mucho menos cuando los escribes t\u00fa.&lt;BR&gt;&lt;BR&gt;&lt;i&gt;Poes\u00eda &lt;\/i&gt;es una colecci\u00f3n de m\u00e1s de veinte poemas pensados para que ni\u00f1os y ni\u00f1as los completen y se los hagan suyos.<\/p>\n","protected":false},"excerpt":{"rendered":"<p>S\u00c1NCHEZ VEGARA, MAR\u00cdA ISABEL<\/p>\n","protected":false},"featured_media":225010,"template":"","meta":{"_acf_changed":false,"om_disable_all_campaigns":false,"rs_blank_template":"","rs_page_bg_color":"","slide_template_v7":"","inline_featured_image":false,"_monsterinsights_skip_tracking":false,"_monsterinsights_sitenote_active":false,"_monsterinsights_sitenote_note":"","_monsterinsights_sitenote_category":0},"product_brand":[],"product_cat":[86,352],"product_tag":[],"class_list":{"0":"post-225009","1":"product","2":"type-product","3":"status-publish","4":"has-post-thumbnail","6":"product_cat-infantil","7":"product_cat-infantil-3_infantil-juvenil-spa","9":"first","10":"instock","11":"taxable","12":"shipping-taxable","13":"purchasable","14":"product-type-simple"},"acf":{"autor":"S\u00c1NCHEZ VEGARA, MAR\u00cdA ISABEL","codart":"842465891","libros-coleccion":"","ediciones":"1","encuadernacion":"Carton\u00e9","fecha_de_publicacion":"01\/10\/2016","novedad":"0","paginas":"48","subtitulo":"EL PRIMER LIBRO DE POEMAS ESCRITO POR TI","orden":"999","portada":"0","idioma":"spa","autores-libros":[{"ID":163648,"post_author":"3","post_date":"2022-10-14 17:40:43","post_date_gmt":"2022-10-14 15:40:43","post_content":"","post_title":"MAR\u00cdA ISABEL S\u00c1NCHEZ VEGARA","post_excerpt":"","post_status":"publish","comment_status":"closed","ping_status":"closed","post_password":"","post_name":"maria-isabel-sanchez-vegara","to_ping":"","pinged":"","post_modified":"2022-10-14 17:40:43","post_modified_gmt":"2022-10-14 15:40:43","post_content_filtered":"","post_parent":0,"guid":"http:\/\/dev.claret.cat\/autor\/maria-isabel-sanchez-vegara\/","menu_order":0,"post_type":"autor","post_mime_type":"","comment_count":"0","filter":"raw"}],"editorial":[{"ID":262224,"post_author":"3","post_date":"2022-10-24 11:21:33","post_date_gmt":"2022-10-24 09:21:33","post_content":"","post_title":"La Galera, SAU","post_excerpt":"","post_status":"publish","comment_status":"closed","ping_status":"closed","post_password":"","post_name":"la-galera-sau","to_ping":"","pinged":"","post_modified":"2022-10-24 11:21:33","post_modified_gmt":"2022-10-24 09:21:33","post_content_filtered":"","post_parent":0,"guid":"http:\/\/dev.claret.cat\/editorial\/la-galera-sau\/","menu_order":0,"post_type":"editorial","post_mime_type":"","comment_count":"0","filter":"raw"}]},"aioseo_notices":[],"_links":{"self":[{"href":"https:\/\/www.claret.cat\/es\/wp-json\/wp\/v2\/product\/225009","targetHints":{"allow":["GET"]}}],"collection":[{"href":"https:\/\/www.claret.cat\/es\/wp-json\/wp\/v2\/product"}],"about":[{"href":"https:\/\/www.claret.cat\/es\/wp-json\/wp\/v2\/types\/product"}],"wp:featuredmedia":[{"embeddable":true,"href":"https:\/\/www.claret.cat\/es\/wp-json\/wp\/v2\/media\/225010"}],"wp:attachment":[{"href":"https:\/\/www.claret.cat\/es\/wp-json\/wp\/v2\/media?parent=225009"}],"wp:term":[{"taxonomy":"product_brand","embeddable":true,"href":"https:\/\/www.claret.cat\/es\/wp-json\/wp\/v2\/product_brand?post=225009"},{"taxonomy":"product_cat","embeddable":true,"href":"https:\/\/www.claret.cat\/es\/wp-json\/wp\/v2\/product_cat?post=225009"},{"taxonomy":"product_tag","embeddable":true,"href":"https:\/\/www.claret.cat\/es\/wp-json\/wp\/v2\/product_tag?post=225009"}],"curies":[{"name":"wp","href":"https:\/\/api.w.org\/{rel}","templated":true}]}}