{"id":225129,"date":"2022-10-20T17:19:29","date_gmt":"2022-10-20T15:19:29","guid":{"rendered":"http:\/\/dev.claret.cat\/producte\/100-ilusiones-opticas\/"},"modified":"2024-09-10T12:55:57","modified_gmt":"2024-09-10T10:55:57","slug":"100-ilusiones-opticas-9788428550659","status":"publish","type":"product","link":"https:\/\/www.claret.cat\/es\/libro\/100-ilusiones-opticas-9788428550659\/","title":{"rendered":"100% ILUSIONES \u00d3PTICAS"},"content":{"rendered":"<p>M\u00e1s de 50 curiosas pruebas \u00f3pticas (im\u00e1genes contradictorias, enigmas visuales, figuras escondidas, espejismos, jerogl\u00edficos, palabras ocultas, espejos deformantes, im\u00e1genes \u00aben movimiento\u00bb, figuras ficticias&#8230;) que har\u00e1n que el cerebro dude del ojo y ayudar\u00e1n a afinar la atenci\u00f3n y la percepci\u00f3n visual. Incluye varias p\u00e1ginas con las soluciones a los trucos y enigmas, y los materiales necesarios para disfrutar las ilusiones \u00f3pticas: cartas m\u00e1gicas, gafas 3-D, un periscopio, una hucha m\u00e1gica, un estroboscopio, tangrams, discos de Newton&#8230;<\/p>\n","protected":false},"excerpt":{"rendered":"<p>AULAS, CAMILE\/AULAS, FRAN\u00c7OIS<\/p>\n","protected":false},"featured_media":978842,"template":"","meta":{"_acf_changed":false,"om_disable_all_campaigns":false,"rs_blank_template":"","rs_page_bg_color":"","slide_template_v7":"","inline_featured_image":false,"_monsterinsights_skip_tracking":false,"_monsterinsights_sitenote_active":false,"_monsterinsights_sitenote_note":"","_monsterinsights_sitenote_category":0},"product_brand":[],"product_cat":[86,352],"product_tag":[],"class_list":{"0":"post-225129","1":"product","2":"type-product","3":"status-publish","4":"has-post-thumbnail","6":"product_cat-infantil","7":"product_cat-infantil-3_infantil-juvenil-spa","9":"first","10":"outofstock","11":"taxable","12":"shipping-taxable","13":"purchasable","14":"product-type-simple"},"acf":{"autor":"AULAS, CAMILE\/AULAS, FRAN\u00c7OIS","codart":"842855065","libros-coleccion":"","ediciones":"1","encuadernacion":"Carton\u00e9","fecha_de_publicacion":"01\/10\/2016","novedad":"0","paginas":"16","subtitulo":"\u00a1ABRE BIEN LOS OJOS!","orden":"999","portada":"0","idioma":"spa","editorial":[{"ID":148782,"post_author":"3","post_date":"2022-10-14 12:00:56","post_date_gmt":"2022-10-14 10:00:56","post_content":"","post_title":"SAN PABLO, Editorial","post_excerpt":"","post_status":"publish","comment_status":"closed","ping_status":"closed","post_password":"","post_name":"san-pablo-editorial","to_ping":"","pinged":"","post_modified":"2022-10-14 12:00:56","post_modified_gmt":"2022-10-14 10:00:56","post_content_filtered":"","post_parent":0,"guid":"http:\/\/dev.claret.cat\/editorial\/san-pablo-editorial\/","menu_order":0,"post_type":"editorial","post_mime_type":"","comment_count":"0","filter":"raw"}],"autores-libros":[{"ID":285698,"post_author":"3","post_date":"2022-12-10 03:25:05","post_date_gmt":"2022-12-10 02:25:05","post_content":"","post_title":"CAMILE AULAS","post_excerpt":"","post_status":"publish","comment_status":"closed","ping_status":"closed","post_password":"","post_name":"camile-aulas","to_ping":"","pinged":"","post_modified":"2022-12-10 03:25:05","post_modified_gmt":"2022-12-10 02:25:05","post_content_filtered":"","post_parent":0,"guid":"http:\/\/dev.claret.cat\/autor\/camile-aulas\/","menu_order":0,"post_type":"autor","post_mime_type":"","comment_count":"0","filter":"raw"},{"ID":285699,"post_author":"3","post_date":"2022-12-10 03:25:06","post_date_gmt":"2022-12-10 02:25:06","post_content":"","post_title":"FRAN\u00c7OIS AULAS","post_excerpt":"","post_status":"publish","comment_status":"closed","ping_status":"closed","post_password":"","post_name":"francois-aulas","to_ping":"","pinged":"","post_modified":"2022-12-10 03:25:06","post_modified_gmt":"2022-12-10 02:25:06","post_content_filtered":"","post_parent":0,"guid":"http:\/\/dev.claret.cat\/autor\/francois-aulas\/","menu_order":0,"post_type":"autor","post_mime_type":"","comment_count":"0","filter":"raw"}]},"aioseo_notices":[],"_links":{"self":[{"href":"https:\/\/www.claret.cat\/es\/wp-json\/wp\/v2\/product\/225129","targetHints":{"allow":["GET"]}}],"collection":[{"href":"https:\/\/www.claret.cat\/es\/wp-json\/wp\/v2\/product"}],"about":[{"href":"https:\/\/www.claret.cat\/es\/wp-json\/wp\/v2\/types\/product"}],"wp:featuredmedia":[{"embeddable":true,"href":"https:\/\/www.claret.cat\/es\/wp-json\/wp\/v2\/media\/978842"}],"wp:attachment":[{"href":"https:\/\/www.claret.cat\/es\/wp-json\/wp\/v2\/media?parent=225129"}],"wp:term":[{"taxonomy":"product_brand","embeddable":true,"href":"https:\/\/www.claret.cat\/es\/wp-json\/wp\/v2\/product_brand?post=225129"},{"taxonomy":"product_cat","embeddable":true,"href":"https:\/\/www.claret.cat\/es\/wp-json\/wp\/v2\/product_cat?post=225129"},{"taxonomy":"product_tag","embeddable":true,"href":"https:\/\/www.claret.cat\/es\/wp-json\/wp\/v2\/product_tag?post=225129"}],"curies":[{"name":"wp","href":"https:\/\/api.w.org\/{rel}","templated":true}]}}