{"id":225135,"date":"2022-10-20T17:19:37","date_gmt":"2022-10-20T15:19:37","guid":{"rendered":"http:\/\/dev.claret.cat\/producte\/a-que-no-te-atreves\/"},"modified":"2024-05-02T09:26:12","modified_gmt":"2024-05-02T07:26:12","slug":"a-que-no-te-atreves-9788428549387","status":"publish","type":"product","link":"https:\/\/www.claret.cat\/es\/libro\/a-que-no-te-atreves-9788428549387\/","title":{"rendered":"\u00bfA QUE NO TE ATREVES?"},"content":{"rendered":"<p>Tocar una ara\u00f1a, besar a una bruja, acariciar a un monstruo, meter la mano en la boca de un lobo, mirar lo que hay debajo de la cama&#8230; Los ni\u00f1os son retados a vencer sus p\u00e1nicos tocando los dibujos de este fant\u00e1stico libro, que incorporan diferentes texturas (suave, \u00e1spero, pegajoso&#8230;) en la cubierta y en todas sus p\u00e1ginas. Gracias a su sorprendente final, el libro se convierte en una herramienta educativa que ayudar\u00e1 a los padres a hablar con los hijos sobre sus grandes temores (fantasmas, monstruos, animales, brujas&#8230;). Un libro imprescindible para los peque\u00f1os asustadizos de la casa.<\/p>\n","protected":false},"excerpt":{"rendered":"<p>MAUBERT, NICOLE \/ AULAS, CAMILE \/ AULAS, FRAN\u00c7OIS<\/p>\n","protected":false},"featured_media":335141,"template":"","meta":{"_acf_changed":false,"om_disable_all_campaigns":false,"rs_blank_template":"","rs_page_bg_color":"","slide_template_v7":"","inline_featured_image":false,"_monsterinsights_skip_tracking":false,"_monsterinsights_sitenote_active":false,"_monsterinsights_sitenote_note":"","_monsterinsights_sitenote_category":0},"product_brand":[],"product_cat":[86,352],"product_tag":[],"class_list":{"0":"post-225135","1":"product","2":"type-product","3":"status-publish","4":"has-post-thumbnail","6":"product_cat-infantil","7":"product_cat-infantil-3_infantil-juvenil-spa","9":"first","10":"instock","11":"taxable","12":"shipping-taxable","13":"purchasable","14":"product-type-simple"},"acf":{"autor":"MAUBERT, NICOLE \/ AULAS, CAMILE \/ AULAS, FRAN\u00c7OIS","codart":"842854938","libros-coleccion":"","ediciones":"1","encuadernacion":"Carton\u00e9","fecha_de_publicacion":"01\/10\/2016","novedad":"0","paginas":"32","subtitulo":"UN LIBRO PARA TOCAR...\u00a1SI ERES VALIENTE!","orden":"999","portada":"0","idioma":"spa","editorial":[{"ID":148782,"post_author":"3","post_date":"2022-10-14 12:00:56","post_date_gmt":"2022-10-14 10:00:56","post_content":"","post_title":"SAN PABLO, Editorial","post_excerpt":"","post_status":"publish","comment_status":"closed","ping_status":"closed","post_password":"","post_name":"san-pablo-editorial","to_ping":"","pinged":"","post_modified":"2022-10-14 12:00:56","post_modified_gmt":"2022-10-14 10:00:56","post_content_filtered":"","post_parent":0,"guid":"http:\/\/dev.claret.cat\/editorial\/san-pablo-editorial\/","menu_order":0,"post_type":"editorial","post_mime_type":"","comment_count":"0","filter":"raw"}],"autores-libros":[{"ID":285700,"post_author":"3","post_date":"2022-12-10 03:25:07","post_date_gmt":"2022-12-10 02:25:07","post_content":"","post_title":"NICOLE MAUBERT","post_excerpt":"","post_status":"publish","comment_status":"closed","ping_status":"closed","post_password":"","post_name":"nicole-maubert","to_ping":"","pinged":"","post_modified":"2022-12-10 03:25:07","post_modified_gmt":"2022-12-10 02:25:07","post_content_filtered":"","post_parent":0,"guid":"http:\/\/dev.claret.cat\/autor\/nicole-maubert\/","menu_order":0,"post_type":"autor","post_mime_type":"","comment_count":"0","filter":"raw"},{"ID":285698,"post_author":"3","post_date":"2022-12-10 03:25:05","post_date_gmt":"2022-12-10 02:25:05","post_content":"","post_title":"CAMILE AULAS","post_excerpt":"","post_status":"publish","comment_status":"closed","ping_status":"closed","post_password":"","post_name":"camile-aulas","to_ping":"","pinged":"","post_modified":"2022-12-10 03:25:05","post_modified_gmt":"2022-12-10 02:25:05","post_content_filtered":"","post_parent":0,"guid":"http:\/\/dev.claret.cat\/autor\/camile-aulas\/","menu_order":0,"post_type":"autor","post_mime_type":"","comment_count":"0","filter":"raw"},{"ID":285699,"post_author":"3","post_date":"2022-12-10 03:25:06","post_date_gmt":"2022-12-10 02:25:06","post_content":"","post_title":"FRAN\u00c7OIS AULAS","post_excerpt":"","post_status":"publish","comment_status":"closed","ping_status":"closed","post_password":"","post_name":"francois-aulas","to_ping":"","pinged":"","post_modified":"2022-12-10 03:25:06","post_modified_gmt":"2022-12-10 02:25:06","post_content_filtered":"","post_parent":0,"guid":"http:\/\/dev.claret.cat\/autor\/francois-aulas\/","menu_order":0,"post_type":"autor","post_mime_type":"","comment_count":"0","filter":"raw"}]},"aioseo_notices":[],"_links":{"self":[{"href":"https:\/\/www.claret.cat\/es\/wp-json\/wp\/v2\/product\/225135","targetHints":{"allow":["GET"]}}],"collection":[{"href":"https:\/\/www.claret.cat\/es\/wp-json\/wp\/v2\/product"}],"about":[{"href":"https:\/\/www.claret.cat\/es\/wp-json\/wp\/v2\/types\/product"}],"wp:featuredmedia":[{"embeddable":true,"href":"https:\/\/www.claret.cat\/es\/wp-json\/wp\/v2\/media\/335141"}],"wp:attachment":[{"href":"https:\/\/www.claret.cat\/es\/wp-json\/wp\/v2\/media?parent=225135"}],"wp:term":[{"taxonomy":"product_brand","embeddable":true,"href":"https:\/\/www.claret.cat\/es\/wp-json\/wp\/v2\/product_brand?post=225135"},{"taxonomy":"product_cat","embeddable":true,"href":"https:\/\/www.claret.cat\/es\/wp-json\/wp\/v2\/product_cat?post=225135"},{"taxonomy":"product_tag","embeddable":true,"href":"https:\/\/www.claret.cat\/es\/wp-json\/wp\/v2\/product_tag?post=225135"}],"curies":[{"name":"wp","href":"https:\/\/api.w.org\/{rel}","templated":true}]}}