{"id":225232,"date":"2022-10-20T17:21:45","date_gmt":"2022-10-20T15:21:45","guid":{"rendered":"http:\/\/dev.claret.cat\/producte\/santo-tomas-de-aquino-2\/"},"modified":"2025-10-28T12:05:30","modified_gmt":"2025-10-28T11:05:30","slug":"santo-tomas-de-aquino-9788432146909","status":"publish","type":"product","link":"https:\/\/www.claret.cat\/es\/libro\/santo-tomas-de-aquino-9788432146909\/","title":{"rendered":"SANTO TOM\u00c1S DE AQUINO"},"content":{"rendered":"<p>Quien est\u00e9 familiarizado con Chesterton sabr\u00e1 que sus biograf\u00edas no son nada convencionales. Es este caso, concluye la vida de santo Tom\u00e1s en el cap\u00edtulo 5, cuando a\u00fan queda un tercio de la obra, cosa l\u00f3gica si hay que debatir con nuestro propio tiempo. Estamos ante un libro de filosof\u00eda, de historia, de antropolog\u00eda, de sociolog\u00eda del conocimiento y de cr\u00edtica cultural, adem\u00e1s de una maravilla intelectual. Bien se dijo de Chesterton que era un maestro de la paradoja, porque este es un libro sobre el tiempo actual, tanto o m\u00e1s que sobre la Edad Media.<\/p>\n","protected":false},"excerpt":{"rendered":"<p>CHESTERTON, G.K.<\/p>\n","protected":false},"featured_media":1062030,"template":"","meta":{"_acf_changed":false,"om_disable_all_campaigns":false,"rs_blank_template":"","rs_page_bg_color":"","slide_template_v7":"","inline_featured_image":false,"_monsterinsights_skip_tracking":false,"_monsterinsights_sitenote_active":false,"_monsterinsights_sitenote_note":"","_monsterinsights_sitenote_category":0},"product_brand":[],"product_cat":[549,99,345,79,545,95],"product_tag":[],"class_list":{"0":"post-225232","1":"product","2":"type-product","3":"status-publish","4":"has-post-thumbnail","6":"product_cat-biografias","7":"product_cat-biografies","8":"product_cat-espiritualidad","9":"product_cat-espiritualitat","10":"product_cat-santoral-1_espiritualidad-spa","11":"product_cat-santoral","13":"first","14":"outofstock","15":"taxable","16":"shipping-taxable","17":"purchasable","18":"product-type-simple"},"acf":{"autor":"CHESTERTON, G.K.","codart":"843214690","libros-coleccion":"","ediciones":"1","encuadernacion":"Carpeta","fecha_de_publicacion":"01\/10\/2016","novedad":"0","paginas":"269","subtitulo":"","orden":"999","portada":"0","idioma":"spa","autores-libros":[{"ID":5501,"post_author":"3","post_date":"2022-07-28 17:25:20","post_date_gmt":"2022-07-28 15:25:20","post_content":"","post_title":"G.K. CHESTERTON","post_excerpt":"","post_status":"publish","comment_status":"closed","ping_status":"closed","post_password":"","post_name":"g-k-chesterton","to_ping":"","pinged":"","post_modified":"2022-07-28 17:25:20","post_modified_gmt":"2022-07-28 15:25:20","post_content_filtered":"","post_parent":0,"guid":"http:\/\/dev.claret.cat\/autor\/g-k-chesterton\/","menu_order":0,"post_type":"autor","post_mime_type":"","comment_count":"0","filter":"raw"}],"editorial":[{"ID":262018,"post_author":"3","post_date":"2022-10-24 11:18:52","post_date_gmt":"2022-10-24 09:18:52","post_content":"","post_title":"Ediciones Rialp","post_excerpt":"","post_status":"publish","comment_status":"closed","ping_status":"closed","post_password":"","post_name":"ediciones-rialp","to_ping":"","pinged":"","post_modified":"2022-10-24 11:18:52","post_modified_gmt":"2022-10-24 09:18:52","post_content_filtered":"","post_parent":0,"guid":"http:\/\/dev.claret.cat\/editorial\/ediciones-rialp\/","menu_order":0,"post_type":"editorial","post_mime_type":"","comment_count":"0","filter":"raw"}],"booktrailer":"","resenas":""},"aioseo_notices":[],"_links":{"self":[{"href":"https:\/\/www.claret.cat\/es\/wp-json\/wp\/v2\/product\/225232","targetHints":{"allow":["GET"]}}],"collection":[{"href":"https:\/\/www.claret.cat\/es\/wp-json\/wp\/v2\/product"}],"about":[{"href":"https:\/\/www.claret.cat\/es\/wp-json\/wp\/v2\/types\/product"}],"wp:featuredmedia":[{"embeddable":true,"href":"https:\/\/www.claret.cat\/es\/wp-json\/wp\/v2\/media\/1062030"}],"wp:attachment":[{"href":"https:\/\/www.claret.cat\/es\/wp-json\/wp\/v2\/media?parent=225232"}],"wp:term":[{"taxonomy":"product_brand","embeddable":true,"href":"https:\/\/www.claret.cat\/es\/wp-json\/wp\/v2\/product_brand?post=225232"},{"taxonomy":"product_cat","embeddable":true,"href":"https:\/\/www.claret.cat\/es\/wp-json\/wp\/v2\/product_cat?post=225232"},{"taxonomy":"product_tag","embeddable":true,"href":"https:\/\/www.claret.cat\/es\/wp-json\/wp\/v2\/product_tag?post=225232"}],"curies":[{"name":"wp","href":"https:\/\/api.w.org\/{rel}","templated":true}]}}