{"id":225396,"date":"2022-10-20T17:25:20","date_gmt":"2022-10-20T15:25:20","guid":{"rendered":"http:\/\/dev.claret.cat\/producte\/la-familia-de-la-vajilla-impar-premio-album-ilustrado-2016\/"},"modified":"2023-01-28T13:58:54","modified_gmt":"2023-01-28T12:58:54","slug":"la-familia-de-la-vajilla-impar-premio-album-ilustrado-2016-9788414006146","status":"publish","type":"product","link":"https:\/\/www.claret.cat\/es\/libro\/la-familia-de-la-vajilla-impar-premio-album-ilustrado-2016-9788414006146\/","title":{"rendered":"LA FAMILIA DE LA VAJILLA IMPAR &#8211; PREMIO \u00c1LBUM ILUSTRADO 2016"},"content":{"rendered":"<p>: La vida de una familia tiene mucho en com\u00fan con los acontecimientos de su vajilla. En este \u00e1lbum podemos ver, a lo largo de varios a\u00f1os, el devenir de la vida de esta familia compuesta por el padre, la abuela, dos ni\u00f1os y su hermana, un perro y un gato en paralelo con los cambios y sucesos de la vajilla familiar.<br \/> Mientras el texto del \u00e1lbum nos hace un recuento de los objetos de la vajilla que se rompen o cambian su funci\u00f3n, en las im\u00e1genes vemos el motivo de esas restas de elementos a trav\u00e9s de escenas cotidianas de la familia.<br \/> El libro empieza con un cumplea\u00f1os del padre, cuando los ni\u00f1os son todav\u00eda peque\u00f1os, y acaba con un nuevo cumplea\u00f1os, varios a\u00f1os despu\u00e9s, con los ni\u00f1os ya crecidos. Entre esas dos celebraciones asistimos a un picnic en primavera, el primer beso de la ni\u00f1a, la enfermedad de la abuela, las celebraciones con los vecinos&#8230;<\/p>\n","protected":false},"excerpt":{"rendered":"<p>GONZ\u00c1LEZ VILAR, CATALINA<\/p>\n","protected":false},"featured_media":225397,"template":"","meta":{"_acf_changed":false,"om_disable_all_campaigns":false,"rs_blank_template":"","rs_page_bg_color":"","slide_template_v7":"","inline_featured_image":false,"_monsterinsights_skip_tracking":false,"_monsterinsights_sitenote_active":false,"_monsterinsights_sitenote_note":"","_monsterinsights_sitenote_category":0},"product_brand":[],"product_cat":[86],"product_tag":[],"class_list":{"0":"post-225396","1":"product","2":"type-product","3":"status-publish","4":"has-post-thumbnail","6":"product_cat-infantil","8":"first","9":"instock","10":"taxable","11":"shipping-taxable","12":"purchasable","13":"product-type-simple"},"acf":{"autor":"GONZ\u00c1LEZ VILAR, CATALINA","codart":"841400614","libros-coleccion":"SUSHI BOOKS","ediciones":"1","encuadernacion":"R\u00fastica","fecha_de_publicacion":"01\/10\/2016","novedad":"1","paginas":"32","subtitulo":"","orden":"0","portada":"0","idioma":"spa","editorial":[{"ID":6229,"post_author":"3","post_date":"2022-07-28 17:47:40","post_date_gmt":"2022-07-28 15:47:40","post_content":"","post_title":"Editorial Luis Vives (Edelvives)","post_excerpt":"","post_status":"publish","comment_status":"closed","ping_status":"closed","post_password":"","post_name":"editorial-luis-vives-edelvives","to_ping":"","pinged":"","post_modified":"2022-07-28 17:47:40","post_modified_gmt":"2022-07-28 15:47:40","post_content_filtered":"","post_parent":0,"guid":"http:\/\/dev.claret.cat\/editorial\/editorial-luis-vives-edelvives\/","menu_order":0,"post_type":"editorial","post_mime_type":"","comment_count":"0","filter":"raw"}],"autores-libros":[{"ID":152563,"post_author":"3","post_date":"2022-10-14 14:49:46","post_date_gmt":"2022-10-14 12:49:46","post_content":"","post_title":"CATALINA GONZ\u00c1LEZ VILAR","post_excerpt":"","post_status":"publish","comment_status":"closed","ping_status":"closed","post_password":"","post_name":"catalina-gonzalez-vilar","to_ping":"","pinged":"","post_modified":"2022-10-14 14:49:46","post_modified_gmt":"2022-10-14 12:49:46","post_content_filtered":"","post_parent":0,"guid":"http:\/\/dev.claret.cat\/autor\/catalina-gonzalez-vilar\/","menu_order":0,"post_type":"autor","post_mime_type":"","comment_count":"0","filter":"raw"}]},"aioseo_notices":[],"_links":{"self":[{"href":"https:\/\/www.claret.cat\/es\/wp-json\/wp\/v2\/product\/225396","targetHints":{"allow":["GET"]}}],"collection":[{"href":"https:\/\/www.claret.cat\/es\/wp-json\/wp\/v2\/product"}],"about":[{"href":"https:\/\/www.claret.cat\/es\/wp-json\/wp\/v2\/types\/product"}],"wp:featuredmedia":[{"embeddable":true,"href":"https:\/\/www.claret.cat\/es\/wp-json\/wp\/v2\/media\/225397"}],"wp:attachment":[{"href":"https:\/\/www.claret.cat\/es\/wp-json\/wp\/v2\/media?parent=225396"}],"wp:term":[{"taxonomy":"product_brand","embeddable":true,"href":"https:\/\/www.claret.cat\/es\/wp-json\/wp\/v2\/product_brand?post=225396"},{"taxonomy":"product_cat","embeddable":true,"href":"https:\/\/www.claret.cat\/es\/wp-json\/wp\/v2\/product_cat?post=225396"},{"taxonomy":"product_tag","embeddable":true,"href":"https:\/\/www.claret.cat\/es\/wp-json\/wp\/v2\/product_tag?post=225396"}],"curies":[{"name":"wp","href":"https:\/\/api.w.org\/{rel}","templated":true}]}}