{"id":225471,"date":"2022-10-20T17:27:01","date_gmt":"2022-10-20T15:27:01","guid":{"rendered":"http:\/\/dev.claret.cat\/producte\/una-escuela-tan-grande-como-el-mundo\/"},"modified":"2023-01-28T20:42:49","modified_gmt":"2023-01-28T19:42:49","slug":"una-escuela-tan-grande-como-el-mundo-9788416648863","status":"publish","type":"product","link":"https:\/\/www.claret.cat\/es\/libro\/una-escuela-tan-grande-como-el-mundo-9788416648863\/","title":{"rendered":"UNA ESCUELA TAN GRANDE COMO EL MUNDO"},"content":{"rendered":"<p>Existe una escuela tan grande como el mundo. Ella ense\u00f1a a maestros, profesores, abogados, constructores, periodistas&#8230; Les ense\u00f1a las se\u00f1ales de tr\u00e1fico, el sol, las tormentas el\u00e9ctricas, las estrellas. Hay lecciones f\u00e1ciles y lecciones dif\u00edciles. En ella se aprende a hablar, a jugar, a dormir, a despertar, a amar, e incluso a enfadarse. Hay ex\u00e1menes a cada momento, pero nadie repite curso. El aprendizaje nunca termina, y cada vez lo que se aprende es m\u00e1s importante que lo que ya se sabe. Esta escuela es el mundo entero: \u00bfest\u00e1s listo para la graduaci\u00f3n?<\/p>\n","protected":false},"excerpt":{"rendered":"<p>RODARI, GIANNI<\/p>\n","protected":false},"featured_media":225472,"template":"","meta":{"_acf_changed":false,"om_disable_all_campaigns":false,"rs_blank_template":"","rs_page_bg_color":"","slide_template_v7":"","inline_featured_image":false,"_monsterinsights_skip_tracking":false,"_monsterinsights_sitenote_active":false,"_monsterinsights_sitenote_note":"","_monsterinsights_sitenote_category":0},"product_brand":[],"product_cat":[86],"product_tag":[],"class_list":{"0":"post-225471","1":"product","2":"type-product","3":"status-publish","4":"has-post-thumbnail","6":"product_cat-infantil","8":"first","9":"instock","10":"taxable","11":"shipping-taxable","12":"purchasable","13":"product-type-simple"},"acf":{"autor":"RODARI, GIANNI","codart":"841664886","libros-coleccion":"","ediciones":"1","encuadernacion":"Carton\u00e9","fecha_de_publicacion":"01\/10\/2016","novedad":"0","paginas":"40","subtitulo":"","orden":"999","portada":"0","idioma":"spa","editorial":[{"ID":6329,"post_author":"3","post_date":"2022-07-28 17:49:51","post_date_gmt":"2022-07-28 15:49:51","post_content":"","post_title":"PICARONA","post_excerpt":"","post_status":"publish","comment_status":"closed","ping_status":"closed","post_password":"","post_name":"picarona","to_ping":"","pinged":"","post_modified":"2022-07-28 17:49:51","post_modified_gmt":"2022-07-28 15:49:51","post_content_filtered":"","post_parent":0,"guid":"http:\/\/dev.claret.cat\/editorial\/picarona\/","menu_order":0,"post_type":"editorial","post_mime_type":"","comment_count":"0","filter":"raw"}],"autores-libros":[{"ID":156866,"post_author":"3","post_date":"2022-10-14 15:24:14","post_date_gmt":"2022-10-14 13:24:14","post_content":"","post_title":"GIANNI RODARI","post_excerpt":"","post_status":"publish","comment_status":"closed","ping_status":"closed","post_password":"","post_name":"gianni-rodari","to_ping":"","pinged":"","post_modified":"2022-10-14 15:24:14","post_modified_gmt":"2022-10-14 13:24:14","post_content_filtered":"","post_parent":0,"guid":"http:\/\/dev.claret.cat\/autor\/gianni-rodari\/","menu_order":0,"post_type":"autor","post_mime_type":"","comment_count":"0","filter":"raw"}]},"aioseo_notices":[],"_links":{"self":[{"href":"https:\/\/www.claret.cat\/es\/wp-json\/wp\/v2\/product\/225471","targetHints":{"allow":["GET"]}}],"collection":[{"href":"https:\/\/www.claret.cat\/es\/wp-json\/wp\/v2\/product"}],"about":[{"href":"https:\/\/www.claret.cat\/es\/wp-json\/wp\/v2\/types\/product"}],"wp:featuredmedia":[{"embeddable":true,"href":"https:\/\/www.claret.cat\/es\/wp-json\/wp\/v2\/media\/225472"}],"wp:attachment":[{"href":"https:\/\/www.claret.cat\/es\/wp-json\/wp\/v2\/media?parent=225471"}],"wp:term":[{"taxonomy":"product_brand","embeddable":true,"href":"https:\/\/www.claret.cat\/es\/wp-json\/wp\/v2\/product_brand?post=225471"},{"taxonomy":"product_cat","embeddable":true,"href":"https:\/\/www.claret.cat\/es\/wp-json\/wp\/v2\/product_cat?post=225471"},{"taxonomy":"product_tag","embeddable":true,"href":"https:\/\/www.claret.cat\/es\/wp-json\/wp\/v2\/product_tag?post=225471"}],"curies":[{"name":"wp","href":"https:\/\/api.w.org\/{rel}","templated":true}]}}