{"id":225480,"date":"2022-10-20T17:27:13","date_gmt":"2022-10-20T15:27:13","guid":{"rendered":"http:\/\/dev.claret.cat\/producte\/zara-edicion-actualizada\/"},"modified":"2023-01-28T09:08:12","modified_gmt":"2023-01-28T08:08:12","slug":"zara-edicion-actualizada-9788416029839","status":"publish","type":"product","link":"https:\/\/www.claret.cat\/es\/libro\/zara-edicion-actualizada-9788416029839\/","title":{"rendered":"ZARA (EDICI\u00d3N ACTUALIZADA)"},"content":{"rendered":"<p>Las claves del mayor milagro empresarial de las \u00faltimas d\u00e9cadas solo  se pueden comprender conociendo a su creador, Amancio Ortega.El espectacular crecimiento de Zara es el fen\u00f3meno empresarial m\u00e1s  destacado de la historia reciente de nuestro pa\u00eds. Nacida en un momento  de clara decadencia de la industria textil, Zara se basa en un modelo de  negocio que se ha demostrado imbatible, y que constituye un caso \u00fanico,  estudiado y admirado en todo el mundo. Su vertiginosa expansi\u00f3n y su  \u00e9xito est\u00e1n inseparablemente ligados a la figura de su fundador, Amancio Ortega, y a su visi\u00f3n \u00fanica del cliente y del negocio.Zara analiza cu\u00e1les son los principios y estrategias que a lo  largo de las diferentes etapas de consolidaci\u00f3n y crecimiento de la  compa\u00f1\u00eda han inspirado a Amancio Ortega a tomar las decisiones claves en  cada momento y que constituyen la base de esta multinacional. Desde la  gesti\u00f3n de las tiendas hasta el sistema de dise\u00f1o y aprovisionamiento de  Inditex, el libro recorre todos los aspectos de una brillante trayectoria que est\u00e1 estrechamente vinculada a la biograf\u00eda y la  personalidad excepcionales de su fundador, y a su forma de entender a los clientes y de gestionar su empresa.Los expertos opinan&#8230;\u00abPor fin un libro equilibrado entre la historia de su patr\u00f3n y la de la  empresa que cre\u00f3. Un libro interesante, repleto de datos in\u00e9ditos, pero,  sobre todo, valiente, ya que hay que serlo para poder escribir una  historia optimista de una gran empresa espa\u00f1ola en los tiempos que corren.\u00bb<br \/>Jos\u00e9 Luis Nueno, catedr\u00e1tico de Marketing del IESE\u00abPasar por delante de los amplios escaparates de Zara en Manhattan nos  lleva a plantearnos \u00bfc\u00f3mo ha llegado esta empresa a alcanzar su enorme  \u00e9xito internacional, y cu\u00e1les son las claves de la personalidad de quien  ha impulsado esta aventura? El libro de David responde a estas preguntas con enorme claridad.\u00bb<br \/>Emili J. Blasco, corresponsal de ABC en EE.UU\u00abSi alguien es digno de la admiraci\u00f3n general es Amancio Ortega, que ha  sido capaz de transformar todo un sector a nivel mundial. Cualquier  esfuerzo encaminado a acercarnos a su figura, tal como realiza David  Mart\u00ednez, es un gran beneficio para todos los interesados en aprender a aportar valor de forma innovadora.\u00bb<br \/>Juan Ramis, profesor de Innovaci\u00f3n de ESADE<\/p>\n","protected":false},"excerpt":{"rendered":"<p>MARTINEZ, DAVID<\/p>\n","protected":false},"featured_media":225481,"template":"","meta":{"_acf_changed":false,"om_disable_all_campaigns":false,"rs_blank_template":"","rs_page_bg_color":"","slide_template_v7":"","inline_featured_image":false,"_monsterinsights_skip_tracking":false,"_monsterinsights_sitenote_active":false,"_monsterinsights_sitenote_note":"","_monsterinsights_sitenote_category":0},"product_brand":[],"product_cat":[84],"product_tag":[],"class_list":{"0":"post-225480","1":"product","2":"type-product","3":"status-publish","4":"has-post-thumbnail","6":"product_cat-sociologia","8":"first","9":"instock","10":"taxable","11":"shipping-taxable","12":"purchasable","13":"product-type-simple"},"acf":{"autor":"MARTINEZ, DAVID","codart":"841602983","libros-coleccion":"","ediciones":"1","encuadernacion":"R\u00fastica","fecha_de_publicacion":"01\/10\/2016","novedad":"0","paginas":"218","subtitulo":"VISI\u00d3N Y ESTRATEGIA DE AMANCIO ORTEGA","orden":"999","portada":"0","idioma":"spa","editorial":[{"ID":147656,"post_author":"3","post_date":"2022-10-14 11:52:14","post_date_gmt":"2022-10-14 09:52:14","post_content":"","post_title":"CONECTA","post_excerpt":"","post_status":"publish","comment_status":"closed","ping_status":"closed","post_password":"","post_name":"conecta","to_ping":"","pinged":"","post_modified":"2022-10-14 11:52:14","post_modified_gmt":"2022-10-14 09:52:14","post_content_filtered":"","post_parent":0,"guid":"http:\/\/dev.claret.cat\/editorial\/conecta\/","menu_order":0,"post_type":"editorial","post_mime_type":"","comment_count":"0","filter":"raw"}],"autores-libros":[{"ID":5390,"post_author":"3","post_date":"2022-07-28 17:22:57","post_date_gmt":"2022-07-28 15:22:57","post_content":"","post_title":"DAVID MARTINEZ","post_excerpt":"","post_status":"publish","comment_status":"closed","ping_status":"closed","post_password":"","post_name":"david-martinez","to_ping":"","pinged":"","post_modified":"2022-07-28 17:22:57","post_modified_gmt":"2022-07-28 15:22:57","post_content_filtered":"","post_parent":0,"guid":"http:\/\/dev.claret.cat\/autor\/david-martinez\/","menu_order":0,"post_type":"autor","post_mime_type":"","comment_count":"0","filter":"raw"}]},"aioseo_notices":[],"_links":{"self":[{"href":"https:\/\/www.claret.cat\/es\/wp-json\/wp\/v2\/product\/225480","targetHints":{"allow":["GET"]}}],"collection":[{"href":"https:\/\/www.claret.cat\/es\/wp-json\/wp\/v2\/product"}],"about":[{"href":"https:\/\/www.claret.cat\/es\/wp-json\/wp\/v2\/types\/product"}],"wp:featuredmedia":[{"embeddable":true,"href":"https:\/\/www.claret.cat\/es\/wp-json\/wp\/v2\/media\/225481"}],"wp:attachment":[{"href":"https:\/\/www.claret.cat\/es\/wp-json\/wp\/v2\/media?parent=225480"}],"wp:term":[{"taxonomy":"product_brand","embeddable":true,"href":"https:\/\/www.claret.cat\/es\/wp-json\/wp\/v2\/product_brand?post=225480"},{"taxonomy":"product_cat","embeddable":true,"href":"https:\/\/www.claret.cat\/es\/wp-json\/wp\/v2\/product_cat?post=225480"},{"taxonomy":"product_tag","embeddable":true,"href":"https:\/\/www.claret.cat\/es\/wp-json\/wp\/v2\/product_tag?post=225480"}],"curies":[{"name":"wp","href":"https:\/\/api.w.org\/{rel}","templated":true}]}}