{"id":225627,"date":"2022-10-20T17:30:40","date_gmt":"2022-10-20T15:30:40","guid":{"rendered":"http:\/\/dev.claret.cat\/producte\/mision-casi-imposible\/"},"modified":"2023-01-28T17:33:43","modified_gmt":"2023-01-28T16:33:43","slug":"mision-casi-imposible-9788469816318","status":"publish","type":"product","link":"https:\/\/www.claret.cat\/es\/libro\/mision-casi-imposible-9788469816318\/","title":{"rendered":"MISI\u00d3N (CASI) IMPOSIBLE"},"content":{"rendered":"<p>Arman, Tim y toda la pandilla tienen que ayudar a Rosvita, una amiga del pa\u00eds vecino de Kachachof. Necesitar\u00e1n el Transmutador Distanciativo y el poder secreto de Arman para resolver un misterio con un ladr\u00f3n nocturno, unos documentos secretos, un pol\u00edtico corrupto y un complot internacional. \u00bfConseguir\u00e1n los objetivos que se proponen? \u00bfQu\u00e9 tiene que ver todo esto con la madre de Lij? Y, mientras tanto, \u00bfqu\u00e9 pretenden hacer Mika, el malvado ministro Zhirkov y su fiel esbirro Drazan Palurdovski?<\/p>\n","protected":false},"excerpt":{"rendered":"<p>LLORT, LLU\u00cdS \/ MACIP, SALVADOR<\/p>\n","protected":false},"featured_media":225628,"template":"","meta":{"_acf_changed":false,"om_disable_all_campaigns":false,"rs_blank_template":"","rs_page_bg_color":"","slide_template_v7":"","inline_featured_image":false,"_monsterinsights_skip_tracking":false,"_monsterinsights_sitenote_active":false,"_monsterinsights_sitenote_note":"","_monsterinsights_sitenote_category":0},"product_brand":[],"product_cat":[86],"product_tag":[],"class_list":{"0":"post-225627","1":"product","2":"type-product","3":"status-publish","4":"has-post-thumbnail","6":"product_cat-infantil","8":"first","9":"instock","10":"taxable","11":"shipping-taxable","12":"purchasable","13":"product-type-simple"},"acf":{"autor":"LLORT, LLU\u00cdS \/ MACIP, SALVADOR","codart":"846981631","libros-coleccion":"Literatura Infantil (6-11 A\u00f1os) - Narrat","ediciones":"1","encuadernacion":"Carton\u00e9","fecha_de_publicacion":"01\/10\/2016","novedad":"1","paginas":"189","subtitulo":"SOY UN ANIMAL, 3","orden":"0","portada":"0","idioma":"spa","editorial":[{"ID":147433,"post_author":"3","post_date":"2022-10-14 11:50:32","post_date_gmt":"2022-10-14 09:50:32","post_content":"","post_title":"ANAYA INFANTIL Y JUVENIL","post_excerpt":"","post_status":"publish","comment_status":"closed","ping_status":"closed","post_password":"","post_name":"anaya-infantil-y-juvenil","to_ping":"","pinged":"","post_modified":"2022-10-14 11:50:32","post_modified_gmt":"2022-10-14 09:50:32","post_content_filtered":"","post_parent":0,"guid":"http:\/\/dev.claret.cat\/editorial\/anaya-infantil-y-juvenil\/","menu_order":0,"post_type":"editorial","post_mime_type":"","comment_count":"0","filter":"raw"}],"autores-libros":[{"ID":6008,"post_author":"3","post_date":"2022-07-28 17:36:12","post_date_gmt":"2022-07-28 15:36:12","post_content":"","post_title":"SALVADOR MACIP","post_excerpt":"","post_status":"publish","comment_status":"closed","ping_status":"closed","post_password":"","post_name":"salvador-macip","to_ping":"","pinged":"","post_modified":"2022-07-28 17:36:12","post_modified_gmt":"2022-07-28 15:36:12","post_content_filtered":"","post_parent":0,"guid":"http:\/\/dev.claret.cat\/autor\/salvador-macip\/","menu_order":0,"post_type":"autor","post_mime_type":"","comment_count":"0","filter":"raw"},{"ID":162359,"post_author":"3","post_date":"2022-10-14 17:30:23","post_date_gmt":"2022-10-14 15:30:23","post_content":"","post_title":"LLUIS LLORT","post_excerpt":"","post_status":"publish","comment_status":"closed","ping_status":"closed","post_password":"","post_name":"lluis-llort","to_ping":"","pinged":"","post_modified":"2022-10-14 17:30:23","post_modified_gmt":"2022-10-14 15:30:23","post_content_filtered":"","post_parent":0,"guid":"http:\/\/dev.claret.cat\/autor\/lluis-llort\/","menu_order":0,"post_type":"autor","post_mime_type":"","comment_count":"0","filter":"raw"}]},"aioseo_notices":[],"_links":{"self":[{"href":"https:\/\/www.claret.cat\/es\/wp-json\/wp\/v2\/product\/225627","targetHints":{"allow":["GET"]}}],"collection":[{"href":"https:\/\/www.claret.cat\/es\/wp-json\/wp\/v2\/product"}],"about":[{"href":"https:\/\/www.claret.cat\/es\/wp-json\/wp\/v2\/types\/product"}],"wp:featuredmedia":[{"embeddable":true,"href":"https:\/\/www.claret.cat\/es\/wp-json\/wp\/v2\/media\/225628"}],"wp:attachment":[{"href":"https:\/\/www.claret.cat\/es\/wp-json\/wp\/v2\/media?parent=225627"}],"wp:term":[{"taxonomy":"product_brand","embeddable":true,"href":"https:\/\/www.claret.cat\/es\/wp-json\/wp\/v2\/product_brand?post=225627"},{"taxonomy":"product_cat","embeddable":true,"href":"https:\/\/www.claret.cat\/es\/wp-json\/wp\/v2\/product_cat?post=225627"},{"taxonomy":"product_tag","embeddable":true,"href":"https:\/\/www.claret.cat\/es\/wp-json\/wp\/v2\/product_tag?post=225627"}],"curies":[{"name":"wp","href":"https:\/\/api.w.org\/{rel}","templated":true}]}}