{"id":225675,"date":"2022-10-20T17:31:51","date_gmt":"2022-10-20T15:31:51","guid":{"rendered":"http:\/\/dev.claret.cat\/producte\/el-amor-te-hara-inmortal\/"},"modified":"2023-01-28T10:19:33","modified_gmt":"2023-01-28T09:19:33","slug":"el-amor-te-hara-inmortal-9788401017865","status":"publish","type":"product","link":"https:\/\/www.claret.cat\/es\/libro\/el-amor-te-hara-inmortal-9788401017865\/","title":{"rendered":"EL AMOR TE HAR\u00c1 INMORTAL"},"content":{"rendered":"<p>Ramon Gener, director y conductor del exitoso programa de televisi\u00f3n This is Opera, nos sorprende con un libro imaginativo y distinto,  un apasionante viaje por las emociones a trav\u00e9s de la m\u00fasica repleto de  historias inspiradoras que se convierten en lecciones de vida.\u00abMi padre muri\u00f3 dos veces. La primera, una ma\u00f1ana soleada  en la que el Alzheimer nubl\u00f3 su mente y me olvid\u00f3. La segunda, tres d\u00edas  antes de Navidad, cuando, convertido en el Bolero de Ravel, dej\u00f3 de respirar.\u00bbAislado del mundo entre sentimientos de culpa y alivio, no pod\u00eda  dejar de llorar y so\u00f1ar con \u00e9l. Perdido en su enorme ausencia,  busqu\u00e9  una explicaci\u00f3n a todas las emociones que me abrumaban en las vidas de  otros hombres y mujeres que hab\u00edan pasado por lo mismo que yo. Emprend\u00ed  un viaje por el espacio y el tiempo para encontrar respuestas. Vol\u00e9 hasta el cuchitril en el que Verdi compuso Nabucco; estuve en la  brumosa estaci\u00f3n de tren en la que Clara Schumann se despidi\u00f3 para  siempre de Johannes Brahms; asist\u00ed a la noche m\u00e1gica en la que Joaqu\u00edn Rodrigo dio vida al Concierto de Aranjuez&#8230; Y record\u00e9 la tarde de  primavera en la que mi padre lleg\u00f3 a casa con tres peque\u00f1os cipreses.Ellos me descubrieron el camino de regreso a la vida. Ellos me  ayudaron a evitar que mi padre muriese por tercera vez. Ellos me ense\u00f1aron que solo el amor puede hacernos inmortales.\u00bbEl gran director de orquesta italiano Riccardo Muti, preguntado en  cierta ocasi\u00f3n por el verdadero misterio que encerraba su trabajo,  respondi\u00f3 que la suya le parec\u00eda una de las profesiones m\u00e1s complejas  del mundo, pues para extraer los sentimientos que se encuentran ocultos  en una partitura hab\u00eda que seguir un camino muy largo, el que lleva hasta el alma de los m\u00fasicos que van a interpretarla.Cuando perdi\u00f3 a su padre, Ramon Gener necesit\u00f3 recorrer ese camino  en busca de los sentimientos que inspiraron a los m\u00e1s grandes artistas  de la historia. El resultado de su viaje es este libro, lleno de  fantas\u00eda y verdad, en el que asistimos al ocaso inevitable de la mayor  diva de su \u00e9poca, Maria Callas; descubrimos c\u00f3mo del inalcanzable deseo  de Hector Berlioz nace la Sinfon\u00eda Fant\u00e1stica y velamos junto a  Farinelli el cuerpo de su hermano, el hombre que le convirti\u00f3 en el  castrado m\u00e1s grande la historia, pero que, al mismo tiempo, le arrebat\u00f3 la vida.Una m\u00e1quina del tiempo emocional en la que la historia de la m\u00fasica y  la literatura se representan ante nosotros para despertar nuestras ganas  de vivir y celebrar la memoria como manifestaci\u00f3n m\u00e1xima del amor.<\/p>\n","protected":false},"excerpt":{"rendered":"<p>GENER, RAMON<\/p>\n","protected":false},"featured_media":225676,"template":"","meta":{"_acf_changed":false,"om_disable_all_campaigns":false,"rs_blank_template":"","rs_page_bg_color":"","slide_template_v7":"","inline_featured_image":false,"_monsterinsights_skip_tracking":false,"_monsterinsights_sitenote_active":false,"_monsterinsights_sitenote_note":"","_monsterinsights_sitenote_category":0},"product_brand":[],"product_cat":[82],"product_tag":[],"class_list":{"0":"post-225675","1":"product","2":"type-product","3":"status-publish","4":"has-post-thumbnail","6":"product_cat-pedagogia","8":"first","9":"instock","10":"taxable","11":"shipping-taxable","12":"purchasable","13":"product-type-simple"},"acf":{"autor":"GENER, RAMON","codart":"840101786","libros-coleccion":"","ediciones":"1","encuadernacion":"R\u00fastica","fecha_de_publicacion":"01\/10\/2016","novedad":"0","paginas":"286","subtitulo":"M\u00daSICA, MEMORIA Y VIDA","orden":"999","portada":"0","idioma":"spa","editorial":[{"ID":148684,"post_author":"3","post_date":"2022-10-14 12:00:11","post_date_gmt":"2022-10-14 10:00:11","post_content":"","post_title":"PLAZA JANES, S.A.","post_excerpt":"","post_status":"publish","comment_status":"closed","ping_status":"closed","post_password":"","post_name":"plaza-janes-s-a-2","to_ping":"","pinged":"","post_modified":"2022-10-14 12:00:11","post_modified_gmt":"2022-10-14 10:00:11","post_content_filtered":"","post_parent":0,"guid":"http:\/\/dev.claret.cat\/editorial\/plaza-janes-s-a-2\/","menu_order":0,"post_type":"editorial","post_mime_type":"","comment_count":"0","filter":"raw"}],"autores-libros":[{"ID":167720,"post_author":"3","post_date":"2022-10-14 18:13:28","post_date_gmt":"2022-10-14 16:13:28","post_content":"","post_title":"RAMON GENER","post_excerpt":"","post_status":"publish","comment_status":"closed","ping_status":"closed","post_password":"","post_name":"ramon-gener","to_ping":"","pinged":"","post_modified":"2022-10-14 18:13:28","post_modified_gmt":"2022-10-14 16:13:28","post_content_filtered":"","post_parent":0,"guid":"http:\/\/dev.claret.cat\/autor\/ramon-gener\/","menu_order":0,"post_type":"autor","post_mime_type":"","comment_count":"0","filter":"raw"}]},"aioseo_notices":[],"_links":{"self":[{"href":"https:\/\/www.claret.cat\/es\/wp-json\/wp\/v2\/product\/225675","targetHints":{"allow":["GET"]}}],"collection":[{"href":"https:\/\/www.claret.cat\/es\/wp-json\/wp\/v2\/product"}],"about":[{"href":"https:\/\/www.claret.cat\/es\/wp-json\/wp\/v2\/types\/product"}],"wp:featuredmedia":[{"embeddable":true,"href":"https:\/\/www.claret.cat\/es\/wp-json\/wp\/v2\/media\/225676"}],"wp:attachment":[{"href":"https:\/\/www.claret.cat\/es\/wp-json\/wp\/v2\/media?parent=225675"}],"wp:term":[{"taxonomy":"product_brand","embeddable":true,"href":"https:\/\/www.claret.cat\/es\/wp-json\/wp\/v2\/product_brand?post=225675"},{"taxonomy":"product_cat","embeddable":true,"href":"https:\/\/www.claret.cat\/es\/wp-json\/wp\/v2\/product_cat?post=225675"},{"taxonomy":"product_tag","embeddable":true,"href":"https:\/\/www.claret.cat\/es\/wp-json\/wp\/v2\/product_tag?post=225675"}],"curies":[{"name":"wp","href":"https:\/\/api.w.org\/{rel}","templated":true}]}}