{"id":225705,"date":"2022-10-20T17:32:35","date_gmt":"2022-10-20T15:32:35","guid":{"rendered":"http:\/\/dev.claret.cat\/producte\/babuixka-un-conte-classic-de-nadal\/"},"modified":"2025-12-24T09:47:38","modified_gmt":"2025-12-24T08:47:38","slug":"babuixka-un-conte-classic-de-nadal-9788491360056","status":"publish","type":"product","link":"https:\/\/www.claret.cat\/es\/libro\/babuixka-un-conte-classic-de-nadal-9788491360056\/","title":{"rendered":"BABUIXKA. UN CONTE CL\u00c0SSIC DE NADAL"},"content":{"rendered":"<p>Descobreix la fant\u00e0stica hist\u00f2ria de Nadal d&#8217;una velleta menuda, rodanxona i tendra de nom Babuixka.<\/p>\n","protected":false},"excerpt":{"rendered":"<p>CAMPOS GARCIA, TERESA<\/p>\n","protected":false},"featured_media":360508,"template":"","meta":{"_acf_changed":false,"om_disable_all_campaigns":false,"rs_blank_template":"","rs_page_bg_color":"","slide_template_v7":"","inline_featured_image":false,"_monsterinsights_skip_tracking":false,"_monsterinsights_sitenote_active":false,"_monsterinsights_sitenote_note":"","_monsterinsights_sitenote_category":0},"product_brand":[],"product_cat":[581,86,352],"product_tag":[],"class_list":{"0":"post-225705","1":"product","2":"type-product","3":"status-publish","4":"has-post-thumbnail","6":"product_cat-editorial-claret","7":"product_cat-infantil","8":"product_cat-infantil-3_infantil-juvenil-spa","10":"first","11":"instock","12":"taxable","13":"shipping-taxable","14":"purchasable","15":"product-type-simple"},"acf":{"autor":"CAMPOS GARCIA, TERESA","codart":"849136005","libros-coleccion":"","ediciones":"1","encuadernacion":"Carton\u00e9","fecha_de_publicacion":"01\/10\/2016","novedad":"0","paginas":"32","subtitulo":"","orden":"999","portada":"0","idioma":"cat","editorial":[{"ID":6158,"post_author":"3","post_date":"2022-07-28 17:46:08","post_date_gmt":"2022-07-28 15:46:08","post_content":"","post_title":"CLARET","post_excerpt":"","post_status":"publish","comment_status":"closed","ping_status":"closed","post_password":"","post_name":"claret","to_ping":"","pinged":"","post_modified":"2022-07-28 17:46:08","post_modified_gmt":"2022-07-28 15:46:08","post_content_filtered":"","post_parent":0,"guid":"http:\/\/dev.claret.cat\/editorial\/claret\/","menu_order":0,"post_type":"editorial","post_mime_type":"","comment_count":"0","filter":"raw"}],"autores-libros":[{"ID":6052,"post_author":"3","post_date":"2022-07-28 17:37:07","post_date_gmt":"2022-07-28 15:37:07","post_content":"","post_title":"TERESA CAMPOS","post_excerpt":"","post_status":"publish","comment_status":"closed","ping_status":"closed","post_password":"","post_name":"teresa-campos","to_ping":"","pinged":"","post_modified":"2022-07-28 17:37:07","post_modified_gmt":"2022-07-28 15:37:07","post_content_filtered":"","post_parent":0,"guid":"http:\/\/dev.claret.cat\/autor\/teresa-campos\/","menu_order":0,"post_type":"autor","post_mime_type":"","comment_count":"0","filter":"raw"}],"booktrailer":"","linkebook":"","ficha":"849136005_1688643194.pdf","muestra":"","precioebook":"0","presentacion":"","resenas":""},"aioseo_notices":[],"_links":{"self":[{"href":"https:\/\/www.claret.cat\/es\/wp-json\/wp\/v2\/product\/225705","targetHints":{"allow":["GET"]}}],"collection":[{"href":"https:\/\/www.claret.cat\/es\/wp-json\/wp\/v2\/product"}],"about":[{"href":"https:\/\/www.claret.cat\/es\/wp-json\/wp\/v2\/types\/product"}],"wp:featuredmedia":[{"embeddable":true,"href":"https:\/\/www.claret.cat\/es\/wp-json\/wp\/v2\/media\/360508"}],"wp:attachment":[{"href":"https:\/\/www.claret.cat\/es\/wp-json\/wp\/v2\/media?parent=225705"}],"wp:term":[{"taxonomy":"product_brand","embeddable":true,"href":"https:\/\/www.claret.cat\/es\/wp-json\/wp\/v2\/product_brand?post=225705"},{"taxonomy":"product_cat","embeddable":true,"href":"https:\/\/www.claret.cat\/es\/wp-json\/wp\/v2\/product_cat?post=225705"},{"taxonomy":"product_tag","embeddable":true,"href":"https:\/\/www.claret.cat\/es\/wp-json\/wp\/v2\/product_tag?post=225705"}],"curies":[{"name":"wp","href":"https:\/\/api.w.org\/{rel}","templated":true}]}}