{"id":225711,"date":"2022-10-20T17:32:45","date_gmt":"2022-10-20T15:32:45","guid":{"rendered":"http:\/\/dev.claret.cat\/producte\/un-missatge-urgent-sos\/"},"modified":"2024-11-04T13:23:24","modified_gmt":"2024-11-04T12:23:24","slug":"un-missatge-urgent-sos-9788491360001","status":"publish","type":"product","link":"https:\/\/www.claret.cat\/es\/libro\/un-missatge-urgent-sos-9788491360001\/","title":{"rendered":"UN MISSATGE URGENT: SOS"},"content":{"rendered":"<p>L&#8217;any 1854, un Gran Cap indi, el CabdillSeattle, s&#8217;adre\u00e7\u00e0 al President dels Estats Units d&#8217;Am\u00e8rica amb aquest missatge: hi ha una sola Terra; entre tots, respectem-la i estimem-la.<\/p>\n","protected":false},"excerpt":{"rendered":"<p>CAMPOS GARCIA, TERESA<\/p>\n","protected":false},"featured_media":481217,"template":"","meta":{"_acf_changed":false,"om_disable_all_campaigns":false,"rs_blank_template":"","rs_page_bg_color":"","slide_template_v7":"","inline_featured_image":false,"_monsterinsights_skip_tracking":false,"_monsterinsights_sitenote_active":false,"_monsterinsights_sitenote_note":"","_monsterinsights_sitenote_category":0},"product_brand":[],"product_cat":[132,581,86,352,362],"product_tag":[],"class_list":{"0":"post-225711","1":"product","2":"type-product","3":"status-publish","4":"has-post-thumbnail","6":"product_cat-lectures-per-preadolescents-6-12-anys","7":"product_cat-editorial-claret","8":"product_cat-infantil","9":"product_cat-infantil-3_infantil-juvenil-spa","10":"product_cat-libros-preadolescentes-6-12-anos","12":"first","13":"instock","14":"taxable","15":"shipping-taxable","16":"purchasable","17":"product-type-simple"},"acf":{"autor":"CAMPOS GARCIA, TERESA","codart":"849136000","libros-coleccion":"","ediciones":"1","encuadernacion":"Carton\u00e9","fecha_de_publicacion":"01\/10\/2016","novedad":"0","paginas":"32","subtitulo":"UN MISSATGE URGENT","orden":"999","portada":"0","idioma":"cat","editorial":[{"ID":6158,"post_author":"3","post_date":"2022-07-28 17:46:08","post_date_gmt":"2022-07-28 15:46:08","post_content":"","post_title":"CLARET","post_excerpt":"","post_status":"publish","comment_status":"closed","ping_status":"closed","post_password":"","post_name":"claret","to_ping":"","pinged":"","post_modified":"2022-07-28 17:46:08","post_modified_gmt":"2022-07-28 15:46:08","post_content_filtered":"","post_parent":0,"guid":"http:\/\/dev.claret.cat\/editorial\/claret\/","menu_order":0,"post_type":"editorial","post_mime_type":"","comment_count":"0","filter":"raw"}],"autores-libros":[{"ID":6052,"post_author":"3","post_date":"2022-07-28 17:37:07","post_date_gmt":"2022-07-28 15:37:07","post_content":"","post_title":"TERESA CAMPOS","post_excerpt":"","post_status":"publish","comment_status":"closed","ping_status":"closed","post_password":"","post_name":"teresa-campos","to_ping":"","pinged":"","post_modified":"2022-07-28 17:37:07","post_modified_gmt":"2022-07-28 15:37:07","post_content_filtered":"","post_parent":0,"guid":"http:\/\/dev.claret.cat\/autor\/teresa-campos\/","menu_order":0,"post_type":"autor","post_mime_type":"","comment_count":"0","filter":"raw"}],"booktrailer":"","linkebook":"","ficha":"849136000_1688643260.pdf","muestra":"","precioebook":"0","presentacion":"","resenas":""},"aioseo_notices":[],"_links":{"self":[{"href":"https:\/\/www.claret.cat\/es\/wp-json\/wp\/v2\/product\/225711","targetHints":{"allow":["GET"]}}],"collection":[{"href":"https:\/\/www.claret.cat\/es\/wp-json\/wp\/v2\/product"}],"about":[{"href":"https:\/\/www.claret.cat\/es\/wp-json\/wp\/v2\/types\/product"}],"wp:featuredmedia":[{"embeddable":true,"href":"https:\/\/www.claret.cat\/es\/wp-json\/wp\/v2\/media\/481217"}],"wp:attachment":[{"href":"https:\/\/www.claret.cat\/es\/wp-json\/wp\/v2\/media?parent=225711"}],"wp:term":[{"taxonomy":"product_brand","embeddable":true,"href":"https:\/\/www.claret.cat\/es\/wp-json\/wp\/v2\/product_brand?post=225711"},{"taxonomy":"product_cat","embeddable":true,"href":"https:\/\/www.claret.cat\/es\/wp-json\/wp\/v2\/product_cat?post=225711"},{"taxonomy":"product_tag","embeddable":true,"href":"https:\/\/www.claret.cat\/es\/wp-json\/wp\/v2\/product_tag?post=225711"}],"curies":[{"name":"wp","href":"https:\/\/api.w.org\/{rel}","templated":true}]}}