{"id":225714,"date":"2022-10-20T17:32:49","date_gmt":"2022-10-20T15:32:49","guid":{"rendered":"http:\/\/dev.claret.cat\/producte\/un-mensaje-urgente-sos\/"},"modified":"2024-05-23T04:37:49","modified_gmt":"2024-05-23T02:37:49","slug":"un-mensaje-urgente-sos-9788491360018","status":"publish","type":"product","link":"https:\/\/www.claret.cat\/es\/libro\/un-mensaje-urgente-sos-9788491360018\/","title":{"rendered":"UN MENSAJE URGENTE: SOS"},"content":{"rendered":"<p>En el a\u00f1o 1854, un Gran Jefe indio, el Jefe Seattle, se dirigi\u00f3 al Presidente de los Estados Unidos de Am\u00e9rica con este mensaje: solo existe una Tierra; entre todos, \u00a1am\u00e9mosla y respet\u00e9mosla!<\/p>\n","protected":false},"excerpt":{"rendered":"<p>CAMPOS GARCIA, TERESA<\/p>\n","protected":false},"featured_media":480850,"template":"","meta":{"_acf_changed":false,"om_disable_all_campaigns":false,"rs_blank_template":"","rs_page_bg_color":"","slide_template_v7":"","inline_featured_image":false,"_monsterinsights_skip_tracking":false,"_monsterinsights_sitenote_active":false,"_monsterinsights_sitenote_note":"","_monsterinsights_sitenote_category":0},"product_brand":[],"product_cat":[132,581,352,86,362],"product_tag":[],"class_list":{"0":"post-225714","1":"product","2":"type-product","3":"status-publish","4":"has-post-thumbnail","6":"product_cat-lectures-per-preadolescents-6-12-anys","7":"product_cat-editorial-claret","8":"product_cat-infantil-3_infantil-juvenil-spa","9":"product_cat-infantil","10":"product_cat-libros-preadolescentes-6-12-anos","12":"first","13":"instock","14":"taxable","15":"shipping-taxable","16":"purchasable","17":"product-type-simple"},"acf":{"autor":"CAMPOS GARCIA, TERESA","codart":"849136001","libros-coleccion":"","ediciones":"1","encuadernacion":"Carton\u00e9","fecha_de_publicacion":"01\/10\/2016","novedad":"0","paginas":"32","subtitulo":"UN MENSAJE URGENTE","orden":"999","portada":"0","idioma":"spa","editorial":[{"ID":6158,"post_author":"3","post_date":"2022-07-28 17:46:08","post_date_gmt":"2022-07-28 15:46:08","post_content":"","post_title":"CLARET","post_excerpt":"","post_status":"publish","comment_status":"closed","ping_status":"closed","post_password":"","post_name":"claret","to_ping":"","pinged":"","post_modified":"2022-07-28 17:46:08","post_modified_gmt":"2022-07-28 15:46:08","post_content_filtered":"","post_parent":0,"guid":"http:\/\/dev.claret.cat\/editorial\/claret\/","menu_order":0,"post_type":"editorial","post_mime_type":"","comment_count":"0","filter":"raw"}],"autores-libros":[{"ID":6052,"post_author":"3","post_date":"2022-07-28 17:37:07","post_date_gmt":"2022-07-28 15:37:07","post_content":"","post_title":"TERESA CAMPOS","post_excerpt":"","post_status":"publish","comment_status":"closed","ping_status":"closed","post_password":"","post_name":"teresa-campos","to_ping":"","pinged":"","post_modified":"2022-07-28 17:37:07","post_modified_gmt":"2022-07-28 15:37:07","post_content_filtered":"","post_parent":0,"guid":"http:\/\/dev.claret.cat\/autor\/teresa-campos\/","menu_order":0,"post_type":"autor","post_mime_type":"","comment_count":"0","filter":"raw"}]},"aioseo_notices":[],"_links":{"self":[{"href":"https:\/\/www.claret.cat\/es\/wp-json\/wp\/v2\/product\/225714","targetHints":{"allow":["GET"]}}],"collection":[{"href":"https:\/\/www.claret.cat\/es\/wp-json\/wp\/v2\/product"}],"about":[{"href":"https:\/\/www.claret.cat\/es\/wp-json\/wp\/v2\/types\/product"}],"wp:featuredmedia":[{"embeddable":true,"href":"https:\/\/www.claret.cat\/es\/wp-json\/wp\/v2\/media\/480850"}],"wp:attachment":[{"href":"https:\/\/www.claret.cat\/es\/wp-json\/wp\/v2\/media?parent=225714"}],"wp:term":[{"taxonomy":"product_brand","embeddable":true,"href":"https:\/\/www.claret.cat\/es\/wp-json\/wp\/v2\/product_brand?post=225714"},{"taxonomy":"product_cat","embeddable":true,"href":"https:\/\/www.claret.cat\/es\/wp-json\/wp\/v2\/product_cat?post=225714"},{"taxonomy":"product_tag","embeddable":true,"href":"https:\/\/www.claret.cat\/es\/wp-json\/wp\/v2\/product_tag?post=225714"}],"curies":[{"name":"wp","href":"https:\/\/api.w.org\/{rel}","templated":true}]}}