{"id":225822,"date":"2022-10-20T17:35:24","date_gmt":"2022-10-20T15:35:24","guid":{"rendered":"http:\/\/dev.claret.cat\/producte\/cocina-sana-en-familia\/"},"modified":"2023-01-28T21:45:56","modified_gmt":"2023-01-28T20:45:56","slug":"cocina-sana-en-familia-9788416449569","status":"publish","type":"product","link":"https:\/\/www.claret.cat\/es\/libro\/cocina-sana-en-familia-9788416449569\/","title":{"rendered":"COCINA SANA EN FAMILIA"},"content":{"rendered":"<p>Un nuevo libro de recetas de Jamie Oliver que aporta un novedoso enfoque a la alimentaci\u00f3n familiar saludable.La palabra familia significa algo distinto para cada uno de nosotros,  especialmente cuando se trata de comida. Para m\u00ed, evoca la comida que me  hace sentir a gusto, reconfortante y preparada para compartir, pero que  la mayor\u00eda de las veces no te conviene probar. Pero \u00a1en este libro no es  as\u00ed! Lo \u00fanico que pretende es animarte a disfrutar de una comida  excelente que te alimente, tanto si la est\u00e1s tomando solo como en familia o acompa\u00f1ado de tus amigos.Un abrazo,Jamie Oliver<\/p>\n","protected":false},"excerpt":{"rendered":"<p>OLIVER, JAMIE<\/p>\n","protected":false},"featured_media":225823,"template":"","meta":{"_acf_changed":false,"om_disable_all_campaigns":false,"rs_blank_template":"","rs_page_bg_color":"","slide_template_v7":"","inline_featured_image":false,"_monsterinsights_skip_tracking":false,"_monsterinsights_sitenote_active":false,"_monsterinsights_sitenote_note":"","_monsterinsights_sitenote_category":0},"product_brand":[],"product_cat":[103],"product_tag":[],"class_list":{"0":"post-225822","1":"product","2":"type-product","3":"status-publish","4":"has-post-thumbnail","6":"product_cat-cuina","8":"first","9":"instock","10":"taxable","11":"shipping-taxable","12":"purchasable","13":"product-type-simple"},"acf":{"autor":"OLIVER, JAMIE","codart":"841644956","libros-coleccion":"","ediciones":"1","encuadernacion":"Carton\u00e9","fecha_de_publicacion":"01\/10\/2016","novedad":"0","paginas":"288","subtitulo":"","orden":"999","portada":"0","idioma":"spa","editorial":[{"ID":148283,"post_author":"3","post_date":"2022-10-14 11:57:02","post_date_gmt":"2022-10-14 09:57:02","post_content":"","post_title":"ILUSTRADOS GRIJALBO\/LUMEN","post_excerpt":"","post_status":"publish","comment_status":"closed","ping_status":"closed","post_password":"","post_name":"ilustrados-grijalbo-lumen","to_ping":"","pinged":"","post_modified":"2022-10-14 11:57:02","post_modified_gmt":"2022-10-14 09:57:02","post_content_filtered":"","post_parent":0,"guid":"http:\/\/dev.claret.cat\/editorial\/ilustrados-grijalbo-lumen\/","menu_order":0,"post_type":"editorial","post_mime_type":"","comment_count":"0","filter":"raw"}],"autores-libros":[{"ID":158450,"post_author":"3","post_date":"2022-10-14 15:36:57","post_date_gmt":"2022-10-14 13:36:57","post_content":"","post_title":"JAMIE OLIVER","post_excerpt":"","post_status":"publish","comment_status":"closed","ping_status":"closed","post_password":"","post_name":"jamie-oliver","to_ping":"","pinged":"","post_modified":"2022-10-14 15:36:57","post_modified_gmt":"2022-10-14 13:36:57","post_content_filtered":"","post_parent":0,"guid":"http:\/\/dev.claret.cat\/autor\/jamie-oliver\/","menu_order":0,"post_type":"autor","post_mime_type":"","comment_count":"0","filter":"raw"}]},"aioseo_notices":[],"_links":{"self":[{"href":"https:\/\/www.claret.cat\/es\/wp-json\/wp\/v2\/product\/225822","targetHints":{"allow":["GET"]}}],"collection":[{"href":"https:\/\/www.claret.cat\/es\/wp-json\/wp\/v2\/product"}],"about":[{"href":"https:\/\/www.claret.cat\/es\/wp-json\/wp\/v2\/types\/product"}],"wp:featuredmedia":[{"embeddable":true,"href":"https:\/\/www.claret.cat\/es\/wp-json\/wp\/v2\/media\/225823"}],"wp:attachment":[{"href":"https:\/\/www.claret.cat\/es\/wp-json\/wp\/v2\/media?parent=225822"}],"wp:term":[{"taxonomy":"product_brand","embeddable":true,"href":"https:\/\/www.claret.cat\/es\/wp-json\/wp\/v2\/product_brand?post=225822"},{"taxonomy":"product_cat","embeddable":true,"href":"https:\/\/www.claret.cat\/es\/wp-json\/wp\/v2\/product_cat?post=225822"},{"taxonomy":"product_tag","embeddable":true,"href":"https:\/\/www.claret.cat\/es\/wp-json\/wp\/v2\/product_tag?post=225822"}],"curies":[{"name":"wp","href":"https:\/\/api.w.org\/{rel}","templated":true}]}}