{"id":225846,"date":"2022-10-20T17:35:57","date_gmt":"2022-10-20T15:35:57","guid":{"rendered":"http:\/\/dev.claret.cat\/producte\/tots-els-noms-del-desig\/"},"modified":"2023-12-13T14:07:47","modified_gmt":"2023-12-13T13:07:47","slug":"tots-els-noms-del-desig-9788416430505","status":"publish","type":"product","link":"https:\/\/www.claret.cat\/es\/libro\/tots-els-noms-del-desig-9788416430505\/","title":{"rendered":"TOTS ELS NOMS DEL DESIG"},"content":{"rendered":"<p>Tots els noms del desig reuneix m\u00e9s de vint relats amb nom de  dona: Elisenda, Montse, Ester&#8230;, tots ells tenen un fil conductor com\u00fa: el desig. Les seves protagonistes, dones actuals i vitals, es mouen per Barcelona intentant satisfer els seus anhels m\u00e9s \u00edntims.S\u00edlvia, Montse, Elena, M\u00f2nica, Eva&#8230; Tots aquests personatges, a banda  de ser dones, tenen m\u00e9s coses en com\u00fa: senten, viuen, somnien, pateixen, es diverteixen, pensen, actuen&#8230; I totes, tinguin l&#8221;edat que tinguin, siguin com siguin, tenen desitjos. Unes volen que els facin un pet\u00f3, altres no caure en el seu propi oblit, per\u00f2 totes, sense excepci\u00f3, el que volen de veritat \u00e9s viure.Amb els relats les coneixerem i gr\u00e0cies a la personalitat narrativa,  sensualitat i mirada personal de la Marta Romagosa viatjarem junts per textos amb car\u00e0cter, intel\u00b7lig\u00e8ncia i sentit de l&#8221;humor. I, fins i tot, qui sap si tamb\u00e9 aconseguirem acomplir algun dels nostres desitjos&#8230;<\/p>\n","protected":false},"excerpt":{"rendered":"<p>ROMAGOSA, MARTA<\/p>\n","protected":false},"featured_media":225847,"template":"","meta":{"_acf_changed":false,"om_disable_all_campaigns":false,"rs_blank_template":"","rs_page_bg_color":"","slide_template_v7":"","inline_featured_image":false,"_monsterinsights_skip_tracking":false,"_monsterinsights_sitenote_active":false,"_monsterinsights_sitenote_note":"","_monsterinsights_sitenote_category":0},"product_brand":[],"product_cat":[87,353],"product_tag":[],"class_list":{"0":"post-225846","1":"product","2":"type-product","3":"status-publish","4":"has-post-thumbnail","6":"product_cat-literatura","7":"product_cat-literatura-2_humanidades","9":"first","10":"instock","11":"taxable","12":"shipping-taxable","13":"purchasable","14":"product-type-simple"},"acf":{"autor":"ROMAGOSA, MARTA","codart":"841643050","libros-coleccion":"","ediciones":"1","encuadernacion":"R\u00fastica","fecha_de_publicacion":"01\/10\/2016","novedad":"0","paginas":"192","subtitulo":"","orden":"999","portada":"0","idioma":"cat","editorial":[{"ID":6350,"post_author":"3","post_date":"2022-07-28 17:50:18","post_date_gmt":"2022-07-28 15:50:18","post_content":"","post_title":"ROSA DELS VENTS","post_excerpt":"","post_status":"publish","comment_status":"closed","ping_status":"closed","post_password":"","post_name":"rosa-dels-vents","to_ping":"","pinged":"","post_modified":"2022-07-28 17:50:18","post_modified_gmt":"2022-07-28 15:50:18","post_content_filtered":"","post_parent":0,"guid":"http:\/\/dev.claret.cat\/editorial\/rosa-dels-vents\/","menu_order":0,"post_type":"editorial","post_mime_type":"","comment_count":"0","filter":"raw"}],"autores-libros":[{"ID":164212,"post_author":"3","post_date":"2022-10-14 17:45:16","post_date_gmt":"2022-10-14 15:45:16","post_content":"","post_title":"MARTA ROMAGOSA","post_excerpt":"","post_status":"publish","comment_status":"closed","ping_status":"closed","post_password":"","post_name":"marta-romagosa","to_ping":"","pinged":"","post_modified":"2022-10-14 17:45:16","post_modified_gmt":"2022-10-14 15:45:16","post_content_filtered":"","post_parent":0,"guid":"http:\/\/dev.claret.cat\/autor\/marta-romagosa\/","menu_order":0,"post_type":"autor","post_mime_type":"","comment_count":"0","filter":"raw"}]},"aioseo_notices":[],"_links":{"self":[{"href":"https:\/\/www.claret.cat\/es\/wp-json\/wp\/v2\/product\/225846","targetHints":{"allow":["GET"]}}],"collection":[{"href":"https:\/\/www.claret.cat\/es\/wp-json\/wp\/v2\/product"}],"about":[{"href":"https:\/\/www.claret.cat\/es\/wp-json\/wp\/v2\/types\/product"}],"wp:featuredmedia":[{"embeddable":true,"href":"https:\/\/www.claret.cat\/es\/wp-json\/wp\/v2\/media\/225847"}],"wp:attachment":[{"href":"https:\/\/www.claret.cat\/es\/wp-json\/wp\/v2\/media?parent=225846"}],"wp:term":[{"taxonomy":"product_brand","embeddable":true,"href":"https:\/\/www.claret.cat\/es\/wp-json\/wp\/v2\/product_brand?post=225846"},{"taxonomy":"product_cat","embeddable":true,"href":"https:\/\/www.claret.cat\/es\/wp-json\/wp\/v2\/product_cat?post=225846"},{"taxonomy":"product_tag","embeddable":true,"href":"https:\/\/www.claret.cat\/es\/wp-json\/wp\/v2\/product_tag?post=225846"}],"curies":[{"name":"wp","href":"https:\/\/api.w.org\/{rel}","templated":true}]}}