{"id":225930,"date":"2022-10-20T17:37:57","date_gmt":"2022-10-20T15:37:57","guid":{"rendered":"http:\/\/dev.claret.cat\/producte\/penny-berry-i-la-pocio-magica\/"},"modified":"2023-01-28T22:44:29","modified_gmt":"2023-01-28T21:44:29","slug":"penny-berry-i-la-pocio-magica-9788466141741","status":"publish","type":"product","link":"https:\/\/www.claret.cat\/es\/libro\/penny-berry-i-la-pocio-magica-9788466141741\/","title":{"rendered":"PENNY BERRY I LA POCI\u00d3 M\u00c0GICA"},"content":{"rendered":"<p>La Penny Berry t\u00e9 dotze anys, i viu a Londres amb els seus tiets des que els pares van morir en un accident de tr\u00e0nsit. Per\u00f2 aquest estiu l&#8217;envien a Esc\u00f2cia a con\u00e8ixer la seva \u00e0via Octavia. El que no sap la Penny \u00e9s que a la mansi\u00f3 de l&#8217;\u00e0via hi ha amagats molts secrets. Secrets que la seva fam\u00edlia guarda des de fa segles. I \u00e9s que els Berry s\u00f3n una nissaga de mags que han cuidat i protegit els boscos d&#8217;Esc\u00f2cia i les criatures que hi viuen des de temps immemorials. Per\u00f2, ara, aquests boscos estan en perill, perqu\u00e8\u00a0l&#8217;innomenable t\u00e9 un gran poder i ho vol destruir tot. Qu\u00e8 pot fer, una nena de dotze anys, per impedir-ho?<br \/> Potser el m\u00e9s important \u00e9s descobrir qui \u00e9s en realitat la Penny Berry.<\/p>\n","protected":false},"excerpt":{"rendered":"<p>PRATS MART\u00cdNEZ, LLU\u00cdS<\/p>\n","protected":false},"featured_media":225931,"template":"","meta":{"_acf_changed":false,"om_disable_all_campaigns":false,"rs_blank_template":"","rs_page_bg_color":"","slide_template_v7":"","inline_featured_image":false,"_monsterinsights_skip_tracking":false,"_monsterinsights_sitenote_active":false,"_monsterinsights_sitenote_note":"","_monsterinsights_sitenote_category":0},"product_brand":[],"product_cat":[86],"product_tag":[],"class_list":{"0":"post-225930","1":"product","2":"type-product","3":"status-publish","4":"has-post-thumbnail","6":"product_cat-infantil","8":"first","9":"instock","10":"taxable","11":"shipping-taxable","12":"purchasable","13":"product-type-simple"},"acf":{"autor":"PRATS MART\u00cdNEZ, LLU\u00cdS","codart":"846614174","libros-coleccion":"","ediciones":"1","encuadernacion":"Carton\u00e9","fecha_de_publicacion":"01\/10\/2016","novedad":"0","paginas":"285","subtitulo":"","orden":"999","portada":"0","idioma":"cat","autores-libros":[{"ID":162379,"post_author":"3","post_date":"2022-10-14 17:30:33","post_date_gmt":"2022-10-14 15:30:33","post_content":"","post_title":"LLUIS PRATS MART\u00cdNEZ","post_excerpt":"","post_status":"publish","comment_status":"closed","ping_status":"closed","post_password":"","post_name":"lluis-prats-martinez","to_ping":"","pinged":"","post_modified":"2022-10-14 17:30:33","post_modified_gmt":"2022-10-14 15:30:33","post_content_filtered":"","post_parent":0,"guid":"http:\/\/dev.claret.cat\/autor\/lluis-prats-martinez\/","menu_order":0,"post_type":"autor","post_mime_type":"","comment_count":"0","filter":"raw"}]},"aioseo_notices":[],"_links":{"self":[{"href":"https:\/\/www.claret.cat\/es\/wp-json\/wp\/v2\/product\/225930","targetHints":{"allow":["GET"]}}],"collection":[{"href":"https:\/\/www.claret.cat\/es\/wp-json\/wp\/v2\/product"}],"about":[{"href":"https:\/\/www.claret.cat\/es\/wp-json\/wp\/v2\/types\/product"}],"wp:featuredmedia":[{"embeddable":true,"href":"https:\/\/www.claret.cat\/es\/wp-json\/wp\/v2\/media\/225931"}],"wp:attachment":[{"href":"https:\/\/www.claret.cat\/es\/wp-json\/wp\/v2\/media?parent=225930"}],"wp:term":[{"taxonomy":"product_brand","embeddable":true,"href":"https:\/\/www.claret.cat\/es\/wp-json\/wp\/v2\/product_brand?post=225930"},{"taxonomy":"product_cat","embeddable":true,"href":"https:\/\/www.claret.cat\/es\/wp-json\/wp\/v2\/product_cat?post=225930"},{"taxonomy":"product_tag","embeddable":true,"href":"https:\/\/www.claret.cat\/es\/wp-json\/wp\/v2\/product_tag?post=225930"}],"curies":[{"name":"wp","href":"https:\/\/api.w.org\/{rel}","templated":true}]}}