{"id":225933,"date":"2022-10-20T17:38:01","date_gmt":"2022-10-20T15:38:01","guid":{"rendered":"http:\/\/dev.claret.cat\/producte\/penny-berry-i-larbre-dor-de-xangri-la\/"},"modified":"2023-01-28T14:14:40","modified_gmt":"2023-01-28T13:14:40","slug":"penny-berry-i-larbre-dor-de-xangrila-9788466141758","status":"publish","type":"product","link":"https:\/\/www.claret.cat\/es\/libro\/penny-berry-i-larbre-dor-de-xangrila-9788466141758\/","title":{"rendered":"PENNY BERRY I L&#8217;ARBRE D&#8217;OR DE XANGRI-LA"},"content":{"rendered":"<p>S&#8217;acosta Nadal, i la Penny es prepara per tornar a casa de la seva \u00e0via Octavia, a Esc\u00f2cia, on va passar l&#8217;\u00faltim estiu i el millor de la seva vida. Per\u00f2, un cop all\u00e0, l&#8217;\u00e0via li explica els plans que li ha preparat: anir\u00e0 a Xangri-La per fer un curs d&#8217;astros\u00e0uria, i a m\u00e9s hauria de collir un dels fruits de l&#8217;arbre d&#8221;or. I \u00e9s que aquest arbre fa revelacions sorprenents a qui se&#8217;n menja els fruits, l&#8217;\u00fanica condici\u00f3 \u00e9s que s&#8217;han de fer les preguntes adequades. La Penny est\u00e0 entusiasmada, ja que potser l&#8217;arbre li dir\u00e0 on s\u00f3n els seus pares. A m\u00e9s, l&#8217;acompanyaran la Pippa i en Noel, o sigui que segur que viuran una gran aventura.<\/p>\n","protected":false},"excerpt":{"rendered":"<p>PRATS MART\u00cdNEZ, LLU\u00cdS<\/p>\n","protected":false},"featured_media":225934,"template":"","meta":{"_acf_changed":false,"om_disable_all_campaigns":false,"rs_blank_template":"","rs_page_bg_color":"","slide_template_v7":"","inline_featured_image":false,"_monsterinsights_skip_tracking":false,"_monsterinsights_sitenote_active":false,"_monsterinsights_sitenote_note":"","_monsterinsights_sitenote_category":0},"product_brand":[],"product_cat":[86],"product_tag":[],"class_list":{"0":"post-225933","1":"product","2":"type-product","3":"status-publish","4":"has-post-thumbnail","6":"product_cat-infantil","8":"first","9":"instock","10":"taxable","11":"shipping-taxable","12":"purchasable","13":"product-type-simple"},"acf":{"autor":"PRATS MART\u00cdNEZ, LLU\u00cdS","codart":"846614175","libros-coleccion":"","ediciones":"1","encuadernacion":"Carton\u00e9","fecha_de_publicacion":"01\/10\/2016","novedad":"0","paginas":"254","subtitulo":"","orden":"999","portada":"0","idioma":"cat","autores-libros":[{"ID":162379,"post_author":"3","post_date":"2022-10-14 17:30:33","post_date_gmt":"2022-10-14 15:30:33","post_content":"","post_title":"LLUIS PRATS MART\u00cdNEZ","post_excerpt":"","post_status":"publish","comment_status":"closed","ping_status":"closed","post_password":"","post_name":"lluis-prats-martinez","to_ping":"","pinged":"","post_modified":"2022-10-14 17:30:33","post_modified_gmt":"2022-10-14 15:30:33","post_content_filtered":"","post_parent":0,"guid":"http:\/\/dev.claret.cat\/autor\/lluis-prats-martinez\/","menu_order":0,"post_type":"autor","post_mime_type":"","comment_count":"0","filter":"raw"}]},"aioseo_notices":[],"_links":{"self":[{"href":"https:\/\/www.claret.cat\/es\/wp-json\/wp\/v2\/product\/225933","targetHints":{"allow":["GET"]}}],"collection":[{"href":"https:\/\/www.claret.cat\/es\/wp-json\/wp\/v2\/product"}],"about":[{"href":"https:\/\/www.claret.cat\/es\/wp-json\/wp\/v2\/types\/product"}],"wp:featuredmedia":[{"embeddable":true,"href":"https:\/\/www.claret.cat\/es\/wp-json\/wp\/v2\/media\/225934"}],"wp:attachment":[{"href":"https:\/\/www.claret.cat\/es\/wp-json\/wp\/v2\/media?parent=225933"}],"wp:term":[{"taxonomy":"product_brand","embeddable":true,"href":"https:\/\/www.claret.cat\/es\/wp-json\/wp\/v2\/product_brand?post=225933"},{"taxonomy":"product_cat","embeddable":true,"href":"https:\/\/www.claret.cat\/es\/wp-json\/wp\/v2\/product_cat?post=225933"},{"taxonomy":"product_tag","embeddable":true,"href":"https:\/\/www.claret.cat\/es\/wp-json\/wp\/v2\/product_tag?post=225933"}],"curies":[{"name":"wp","href":"https:\/\/api.w.org\/{rel}","templated":true}]}}