{"id":225987,"date":"2022-10-20T17:39:17","date_gmt":"2022-10-20T15:39:17","guid":{"rendered":"http:\/\/dev.claret.cat\/producte\/diaris-del-sahara\/"},"modified":"2025-01-30T19:03:50","modified_gmt":"2025-01-30T18:03:50","slug":"diaris-del-sahara-9788494489167","status":"publish","type":"product","link":"https:\/\/www.claret.cat\/es\/libro\/diaris-del-sahara-9788494489167\/","title":{"rendered":"DIARIS DEL S\u00c0HARA"},"content":{"rendered":"<p>Certament, espero que els amics que m&#8217;estimen entenguin la meva situaci\u00f3. Si us plau, que no us s\u00e0piga greu que no ens puguem veure. L&#8217;avantatge de la literatura \u00e9s que cada lector recrea l&#8217;obra en el moment de llegir. La Sanmao de carn i ossos no \u00e9s m\u00e9s que algun dels seus petits personatges.<br \/>Si la veieu us sentireu decebuts. Fins i tot ella mateixa, quan llegeix els seus propis relats i es mira al mirall per contemplar-se, tampoc no se sent real. Per tant, el que m&#8217;agradaria que entengu\u00e9ssiu, amics meus, \u00e9s que cada cop que es publica una obra meva estem conversant en silenci.<\/p>\n","protected":false},"excerpt":{"rendered":"<p>MAO, SAN<\/p>\n","protected":false},"featured_media":225988,"template":"","meta":{"_acf_changed":false,"om_disable_all_campaigns":false,"rs_blank_template":"","rs_page_bg_color":"","slide_template_v7":"","inline_featured_image":false,"_monsterinsights_skip_tracking":false,"_monsterinsights_sitenote_active":false,"_monsterinsights_sitenote_note":"","_monsterinsights_sitenote_category":0},"product_brand":[],"product_cat":[87,353],"product_tag":[],"class_list":{"0":"post-225987","1":"product","2":"type-product","3":"status-publish","4":"has-post-thumbnail","6":"product_cat-literatura","7":"product_cat-literatura-2_humanidades","9":"first","10":"instock","11":"taxable","12":"shipping-taxable","13":"purchasable","14":"product-type-simple"},"acf":{"autor":"MAO, SAN","codart":"849448916","libros-coleccion":"","ediciones":"1","encuadernacion":"Carpeta","fecha_de_publicacion":"01\/10\/2016","novedad":"0","paginas":"472","subtitulo":"","orden":"999","portada":"0","idioma":"cat","editorial":[{"ID":261759,"post_author":"3","post_date":"2022-10-24 11:15:28","post_date_gmt":"2022-10-24 09:15:28","post_content":"","post_title":":RATA_ (RATA)","post_excerpt":"","post_status":"publish","comment_status":"closed","ping_status":"closed","post_password":"","post_name":"rata_-rata","to_ping":"","pinged":"","post_modified":"2022-10-24 11:15:28","post_modified_gmt":"2022-10-24 09:15:28","post_content_filtered":"","post_parent":0,"guid":"http:\/\/dev.claret.cat\/editorial\/rata_-rata\/","menu_order":0,"post_type":"editorial","post_mime_type":"","comment_count":"0","filter":"raw"}],"autores-libros":[{"ID":428440,"post_author":"3","post_date":"2023-05-16 09:27:05","post_date_gmt":"2023-05-16 07:27:05","post_content":"","post_title":"SAN MAO","post_excerpt":"","post_status":"publish","comment_status":"closed","ping_status":"closed","post_password":"","post_name":"san-mao","to_ping":"","pinged":"","post_modified":"2023-05-16 09:27:05","post_modified_gmt":"2023-05-16 07:27:05","post_content_filtered":"","post_parent":0,"guid":"https:\/\/www.claret.cat\/autor\/san-mao\/","menu_order":0,"post_type":"autor","post_mime_type":"","comment_count":"0","filter":"raw"}]},"aioseo_notices":[],"_links":{"self":[{"href":"https:\/\/www.claret.cat\/es\/wp-json\/wp\/v2\/product\/225987","targetHints":{"allow":["GET"]}}],"collection":[{"href":"https:\/\/www.claret.cat\/es\/wp-json\/wp\/v2\/product"}],"about":[{"href":"https:\/\/www.claret.cat\/es\/wp-json\/wp\/v2\/types\/product"}],"wp:featuredmedia":[{"embeddable":true,"href":"https:\/\/www.claret.cat\/es\/wp-json\/wp\/v2\/media\/225988"}],"wp:attachment":[{"href":"https:\/\/www.claret.cat\/es\/wp-json\/wp\/v2\/media?parent=225987"}],"wp:term":[{"taxonomy":"product_brand","embeddable":true,"href":"https:\/\/www.claret.cat\/es\/wp-json\/wp\/v2\/product_brand?post=225987"},{"taxonomy":"product_cat","embeddable":true,"href":"https:\/\/www.claret.cat\/es\/wp-json\/wp\/v2\/product_cat?post=225987"},{"taxonomy":"product_tag","embeddable":true,"href":"https:\/\/www.claret.cat\/es\/wp-json\/wp\/v2\/product_tag?post=225987"}],"curies":[{"name":"wp","href":"https:\/\/api.w.org\/{rel}","templated":true}]}}