{"id":225990,"date":"2022-10-20T17:39:21","date_gmt":"2022-10-20T15:39:21","guid":{"rendered":"http:\/\/dev.claret.cat\/producte\/diarios-del-sahara\/"},"modified":"2025-01-30T19:03:59","modified_gmt":"2025-01-30T18:03:59","slug":"diarios-del-sahara-9788494489174","status":"publish","type":"product","link":"https:\/\/www.claret.cat\/es\/libro\/diarios-del-sahara-9788494489174\/","title":{"rendered":"DIARIOS DEL S\u00c1HARA"},"content":{"rendered":"<p>Deseo de veras que los amigos que me aprecian entiendan mi situaci\u00f3n actual. Por favor, no cre\u00e1is que es una l\u00e1stima que no nos podamos ver, pues lo que tiene la literatura es que cada lector, cuando lee, puede crear lo que desee.<br \/>Os parecer\u00e1 que es una pena no conocer a la Sanmano de carne y hueso. Pero os puedo decir que se trata de alguien sin importancia, y al verla no solo vosotros os sentir\u00e9is decepcionados, incluso ella al leer sus propios relatos busca un espejo para mirarse y tambi\u00e9n se siente ficticia. Por tanto, deseo hacer ver a mis amigos que cada vez que se publican mis obras, estamos charlando en silencio.<\/p>\n","protected":false},"excerpt":{"rendered":"<p>MAO, SAN<\/p>\n","protected":false},"featured_media":998451,"template":"","meta":{"_acf_changed":false,"om_disable_all_campaigns":false,"rs_blank_template":"","rs_page_bg_color":"","slide_template_v7":"","inline_featured_image":false,"_monsterinsights_skip_tracking":false,"_monsterinsights_sitenote_active":false,"_monsterinsights_sitenote_note":"","_monsterinsights_sitenote_category":0},"product_brand":[],"product_cat":[87,353],"product_tag":[],"class_list":{"0":"post-225990","1":"product","2":"type-product","3":"status-publish","4":"has-post-thumbnail","6":"product_cat-literatura","7":"product_cat-literatura-2_humanidades","9":"first","10":"outofstock","11":"taxable","12":"shipping-taxable","13":"purchasable","14":"product-type-simple"},"acf":{"autor":"MAO, SAN","codart":"849448917","libros-coleccion":"","ediciones":"1","encuadernacion":"R\u00fastica","fecha_de_publicacion":"01\/10\/2016","novedad":"0","paginas":"446","subtitulo":"","orden":"999","portada":"0","idioma":"spa","editorial":[{"ID":261759,"post_author":"3","post_date":"2022-10-24 11:15:28","post_date_gmt":"2022-10-24 09:15:28","post_content":"","post_title":":RATA_ (RATA)","post_excerpt":"","post_status":"publish","comment_status":"closed","ping_status":"closed","post_password":"","post_name":"rata_-rata","to_ping":"","pinged":"","post_modified":"2022-10-24 11:15:28","post_modified_gmt":"2022-10-24 09:15:28","post_content_filtered":"","post_parent":0,"guid":"http:\/\/dev.claret.cat\/editorial\/rata_-rata\/","menu_order":0,"post_type":"editorial","post_mime_type":"","comment_count":"0","filter":"raw"}],"autores-libros":[{"ID":428440,"post_author":"3","post_date":"2023-05-16 09:27:05","post_date_gmt":"2023-05-16 07:27:05","post_content":"","post_title":"SAN MAO","post_excerpt":"","post_status":"publish","comment_status":"closed","ping_status":"closed","post_password":"","post_name":"san-mao","to_ping":"","pinged":"","post_modified":"2023-05-16 09:27:05","post_modified_gmt":"2023-05-16 07:27:05","post_content_filtered":"","post_parent":0,"guid":"https:\/\/www.claret.cat\/autor\/san-mao\/","menu_order":0,"post_type":"autor","post_mime_type":"","comment_count":"0","filter":"raw"}]},"aioseo_notices":[],"_links":{"self":[{"href":"https:\/\/www.claret.cat\/es\/wp-json\/wp\/v2\/product\/225990","targetHints":{"allow":["GET"]}}],"collection":[{"href":"https:\/\/www.claret.cat\/es\/wp-json\/wp\/v2\/product"}],"about":[{"href":"https:\/\/www.claret.cat\/es\/wp-json\/wp\/v2\/types\/product"}],"wp:featuredmedia":[{"embeddable":true,"href":"https:\/\/www.claret.cat\/es\/wp-json\/wp\/v2\/media\/998451"}],"wp:attachment":[{"href":"https:\/\/www.claret.cat\/es\/wp-json\/wp\/v2\/media?parent=225990"}],"wp:term":[{"taxonomy":"product_brand","embeddable":true,"href":"https:\/\/www.claret.cat\/es\/wp-json\/wp\/v2\/product_brand?post=225990"},{"taxonomy":"product_cat","embeddable":true,"href":"https:\/\/www.claret.cat\/es\/wp-json\/wp\/v2\/product_cat?post=225990"},{"taxonomy":"product_tag","embeddable":true,"href":"https:\/\/www.claret.cat\/es\/wp-json\/wp\/v2\/product_tag?post=225990"}],"curies":[{"name":"wp","href":"https:\/\/api.w.org\/{rel}","templated":true}]}}