{"id":226035,"date":"2022-10-20T17:40:23","date_gmt":"2022-10-20T15:40:23","guid":{"rendered":"http:\/\/dev.claret.cat\/producte\/la-nena-dels-llibres\/"},"modified":"2023-05-12T14:41:10","modified_gmt":"2023-05-12T12:41:10","slug":"la-nena-dels-llibres-9788416394371","status":"publish","type":"product","link":"https:\/\/www.claret.cat\/es\/libro\/la-nena-dels-llibres-9788416394371\/","title":{"rendered":"LA NENA DELS LLIBRES"},"content":{"rendered":"<p>L&#8217;\u00e0lbum il\u00b7lustrat La nena dels llibres ens explica la hist\u00f2ria d&#8217;una petita que navega &#8216;a trav\u00e9s d&#8217;un mar de paraules&#8217; per arribar a la casa d&#8217;un nen. La protagonista convida al seu nou amic a comen\u00e7ar una aventura a trav\u00e9s dels &#8216;boscos de contes de fades , de les muntanyes de fantasia i a &#8216;dormir en els n\u00favols de les can\u00e7ons .<\/p>\n<p> Aquest \u00e0lbum ha estat il\u00b7lustrat pel bestseller internacional Oliver Jeffers sobre uns singulars fons tipogr\u00e0fics elaborats per Sam Winston, a partir d&#8221;extractes dels cl\u00e0ssics de la literatura juvenil i infantil i de can\u00e7ons de bressol per a nens .<\/p>\n<p> Un homenatge a la hist\u00f2ria de la literatura en general. Un treball basat en els llibres que han llegit els nens i adolescents de totes les \u00e8poques, en les hist\u00f2ries que ens van impactar i ens van influir. Aquest llibre \u00e9s tamb\u00e9 un homenatge als creadors del passat, per\u00f2 al mateix temps una inspiaci\u00f3 per a les noves generacions del futur.<\/p>\n","protected":false},"excerpt":{"rendered":"<p>JEFFERS, OLIVER \/ WINSTON, SAM<\/p>\n","protected":false},"featured_media":226036,"template":"","meta":{"_acf_changed":false,"om_disable_all_campaigns":false,"rs_blank_template":"","rs_page_bg_color":"","slide_template_v7":"","inline_featured_image":false,"_monsterinsights_skip_tracking":false,"_monsterinsights_sitenote_active":false,"_monsterinsights_sitenote_note":"","_monsterinsights_sitenote_category":0},"product_brand":[],"product_cat":[90,540],"product_tag":[],"class_list":{"0":"post-226035","1":"product","2":"type-product","3":"status-publish","4":"has-post-thumbnail","6":"product_cat-altres","7":"product_cat-otros","9":"first","10":"instock","11":"taxable","12":"shipping-taxable","13":"purchasable","14":"product-type-simple"},"acf":{"autor":"JEFFERS, OLIVER \/ WINSTON, SAM","codart":"841639437","libros-coleccion":"\u00c0lbums Locomotora","ediciones":"1","encuadernacion":"Carton\u00e9","fecha_de_publicacion":"01\/10\/2016","novedad":"1","paginas":"32","subtitulo":"","orden":"0","portada":"0","idioma":"cat","editorial":[{"ID":147439,"post_author":"3","post_date":"2022-10-14 11:50:35","post_date_gmt":"2022-10-14 09:50:35","post_content":"","post_title":"Andana Editorial","post_excerpt":"","post_status":"publish","comment_status":"closed","ping_status":"closed","post_password":"","post_name":"andana-editorial","to_ping":"","pinged":"","post_modified":"2022-10-14 11:50:35","post_modified_gmt":"2022-10-14 09:50:35","post_content_filtered":"","post_parent":0,"guid":"http:\/\/dev.claret.cat\/editorial\/andana-editorial\/","menu_order":0,"post_type":"editorial","post_mime_type":"","comment_count":"0","filter":"raw"}],"autores-libros":[{"ID":166175,"post_author":"3","post_date":"2022-10-14 18:01:02","post_date_gmt":"2022-10-14 16:01:02","post_content":"","post_title":"OLIVER JEFFERS","post_excerpt":"","post_status":"publish","comment_status":"closed","ping_status":"closed","post_password":"","post_name":"oliver-jeffers","to_ping":"","pinged":"","post_modified":"2022-10-14 18:01:02","post_modified_gmt":"2022-10-14 16:01:02","post_content_filtered":"","post_parent":0,"guid":"http:\/\/dev.claret.cat\/autor\/oliver-jeffers\/","menu_order":0,"post_type":"autor","post_mime_type":"","comment_count":"0","filter":"raw"}]},"aioseo_notices":[],"_links":{"self":[{"href":"https:\/\/www.claret.cat\/es\/wp-json\/wp\/v2\/product\/226035","targetHints":{"allow":["GET"]}}],"collection":[{"href":"https:\/\/www.claret.cat\/es\/wp-json\/wp\/v2\/product"}],"about":[{"href":"https:\/\/www.claret.cat\/es\/wp-json\/wp\/v2\/types\/product"}],"wp:featuredmedia":[{"embeddable":true,"href":"https:\/\/www.claret.cat\/es\/wp-json\/wp\/v2\/media\/226036"}],"wp:attachment":[{"href":"https:\/\/www.claret.cat\/es\/wp-json\/wp\/v2\/media?parent=226035"}],"wp:term":[{"taxonomy":"product_brand","embeddable":true,"href":"https:\/\/www.claret.cat\/es\/wp-json\/wp\/v2\/product_brand?post=226035"},{"taxonomy":"product_cat","embeddable":true,"href":"https:\/\/www.claret.cat\/es\/wp-json\/wp\/v2\/product_cat?post=226035"},{"taxonomy":"product_tag","embeddable":true,"href":"https:\/\/www.claret.cat\/es\/wp-json\/wp\/v2\/product_tag?post=226035"}],"curies":[{"name":"wp","href":"https:\/\/api.w.org\/{rel}","templated":true}]}}