{"id":226059,"date":"2022-10-20T17:40:55","date_gmt":"2022-10-20T15:40:55","guid":{"rendered":"http:\/\/dev.claret.cat\/producte\/les-quatre-estacions-den-bru\/"},"modified":"2023-01-28T19:33:10","modified_gmt":"2023-01-28T18:33:10","slug":"les-quatre-estacions-den-bru-9788499757919","status":"publish","type":"product","link":"https:\/\/www.claret.cat\/es\/libro\/les-quatre-estacions-den-bru-9788499757919\/","title":{"rendered":"LES QUATRE ESTACIONS D&#8217;EN BRU"},"content":{"rendered":"<p>Les quatre estacions d&#8217;en Bru presenta quatre contes amb quatre aventures quotidianes d&#8217;un \u00f3s anomenat Bru i la seva fam\u00edlia. Un per cada estaci\u00f3 de l&#8217;any.<br \/> Tot i que els contes i els protagonistes s\u00f3n inventats, estan inspirats en la vida i els costums dels \u00f3ssos bruns que es mouen pels Pirineus i per altres muntanyes semblants d&#8217;arreu del m\u00f3n. Els contes descriuen els primers anys de la vida d&#8217;en Bru, des que neix fins que es fa gran.<\/p>\n","protected":false},"excerpt":{"rendered":"<p>MOLIST SADURN\u00cd, PEP \/ CELEJ, ZUZANNA<\/p>\n","protected":false},"featured_media":226060,"template":"","meta":{"_acf_changed":false,"om_disable_all_campaigns":false,"rs_blank_template":"","rs_page_bg_color":"","slide_template_v7":"","inline_featured_image":false,"_monsterinsights_skip_tracking":false,"_monsterinsights_sitenote_active":false,"_monsterinsights_sitenote_note":"","_monsterinsights_sitenote_category":0},"product_brand":[],"product_cat":[86],"product_tag":[],"class_list":{"0":"post-226059","1":"product","2":"type-product","3":"status-publish","4":"has-post-thumbnail","6":"product_cat-infantil","8":"first","9":"instock","10":"taxable","11":"shipping-taxable","12":"purchasable","13":"product-type-simple"},"acf":{"autor":"MOLIST SADURN\u00cd, PEP \/ CELEJ, ZUZANNA","codart":"849975791","libros-coleccion":"Nandib\u00fa","ediciones":"1","encuadernacion":"R\u00fastica","fecha_de_publicacion":"01\/10\/2016","novedad":"1","paginas":"35","subtitulo":"","orden":"0","portada":"0","idioma":"cat","editorial":[{"ID":6322,"post_author":"3","post_date":"2022-07-28 17:49:42","post_date_gmt":"2022-07-28 15:49:42","post_content":"","post_title":"PAG\u00c8S EDITORS","post_excerpt":"","post_status":"publish","comment_status":"closed","ping_status":"closed","post_password":"","post_name":"pages-editors","to_ping":"","pinged":"","post_modified":"2022-07-28 17:49:42","post_modified_gmt":"2022-07-28 15:49:42","post_content_filtered":"","post_parent":0,"guid":"http:\/\/dev.claret.cat\/editorial\/pages-editors\/","menu_order":0,"post_type":"editorial","post_mime_type":"","comment_count":"0","filter":"raw"}],"autores-libros":[{"ID":166962,"post_author":"3","post_date":"2022-10-14 18:07:26","post_date_gmt":"2022-10-14 16:07:26","post_content":"","post_title":"PEP MOLIST SADURN\u00cd","post_excerpt":"","post_status":"publish","comment_status":"closed","ping_status":"closed","post_password":"","post_name":"pep-molist-sadurni","to_ping":"","pinged":"","post_modified":"2022-10-14 18:07:26","post_modified_gmt":"2022-10-14 16:07:26","post_content_filtered":"","post_parent":0,"guid":"http:\/\/dev.claret.cat\/autor\/pep-molist-sadurni\/","menu_order":0,"post_type":"autor","post_mime_type":"","comment_count":"0","filter":"raw"}]},"aioseo_notices":[],"_links":{"self":[{"href":"https:\/\/www.claret.cat\/es\/wp-json\/wp\/v2\/product\/226059","targetHints":{"allow":["GET"]}}],"collection":[{"href":"https:\/\/www.claret.cat\/es\/wp-json\/wp\/v2\/product"}],"about":[{"href":"https:\/\/www.claret.cat\/es\/wp-json\/wp\/v2\/types\/product"}],"wp:featuredmedia":[{"embeddable":true,"href":"https:\/\/www.claret.cat\/es\/wp-json\/wp\/v2\/media\/226060"}],"wp:attachment":[{"href":"https:\/\/www.claret.cat\/es\/wp-json\/wp\/v2\/media?parent=226059"}],"wp:term":[{"taxonomy":"product_brand","embeddable":true,"href":"https:\/\/www.claret.cat\/es\/wp-json\/wp\/v2\/product_brand?post=226059"},{"taxonomy":"product_cat","embeddable":true,"href":"https:\/\/www.claret.cat\/es\/wp-json\/wp\/v2\/product_cat?post=226059"},{"taxonomy":"product_tag","embeddable":true,"href":"https:\/\/www.claret.cat\/es\/wp-json\/wp\/v2\/product_tag?post=226059"}],"curies":[{"name":"wp","href":"https:\/\/api.w.org\/{rel}","templated":true}]}}