{"id":226216,"date":"2022-10-20T17:44:27","date_gmt":"2022-10-20T15:44:27","guid":{"rendered":"http:\/\/dev.claret.cat\/producte\/merrick\/"},"modified":"2024-01-31T17:19:47","modified_gmt":"2024-01-31T16:19:47","slug":"merrick-9788466421287","status":"publish","type":"product","link":"https:\/\/www.claret.cat\/es\/libro\/merrick-9788466421287\/","title":{"rendered":"MERRICK"},"content":{"rendered":"<p>Com \u00e9s que un home d?aspecte monstru\u00f3s com Joseph Carey Merrick, ?l?home elefant?, ha arribat a\u00a0ser conegut universalment? Per qu\u00e8 el visitaven freq\u00fcentment a l?hospital les arist\u00f2crates de Londres i\u00a0la futura reina d?Anglaterra? Quin secret s?amaga darrere la seva grotesca fi gura?<br \/>La resposta a aquestes preguntes \u00e9s ben senzilla: l?amor d?una mare ho pot tot. I encara que la de\u00a0?l?home elefant? mor\u00eds quan ell tenia nom\u00e9s onze anys, el seu record el va ajudar a suportar-ho tot\u00a0com un gran cavaller.<br \/>Un relat dol\u00e7, emocionant i sorprenent a l?abast de tota mena de p\u00fablic, versemblant i ben documentat,\u00a0que retrata l?Anglaterra victoriana on va viure Joseph Merrick.<\/p>\n","protected":false},"excerpt":{"rendered":"<p>PRATS MART\u00cdNEZ, LLU\u00cdS<\/p>\n","protected":false},"featured_media":226217,"template":"","meta":{"_acf_changed":false,"om_disable_all_campaigns":false,"rs_blank_template":"","rs_page_bg_color":"","slide_template_v7":"","inline_featured_image":false,"_monsterinsights_skip_tracking":false,"_monsterinsights_sitenote_active":false,"_monsterinsights_sitenote_note":"","_monsterinsights_sitenote_category":0},"product_brand":[],"product_cat":[87,353],"product_tag":[],"class_list":{"0":"post-226216","1":"product","2":"type-product","3":"status-publish","4":"has-post-thumbnail","6":"product_cat-literatura","7":"product_cat-literatura-2_humanidades","9":"first","10":"instock","11":"taxable","12":"shipping-taxable","13":"purchasable","14":"product-type-simple"},"acf":{"autor":"PRATS MART\u00cdNEZ, LLU\u00cdS","codart":"846642128","libros-coleccion":"","ediciones":"1","encuadernacion":"R\u00fastica","fecha_de_publicacion":"01\/10\/2016","novedad":"0","paginas":"250","subtitulo":"LA VERITABLE I MERAVELLOSA HIST\u00d2RIA DE L?HOME ELEFANT","orden":"999","portada":"0","idioma":"cat","editorial":[{"ID":6166,"post_author":"3","post_date":"2022-07-28 17:46:19","post_date_gmt":"2022-07-28 15:46:19","post_content":"","post_title":"Columna CAT","post_excerpt":"","post_status":"publish","comment_status":"closed","ping_status":"closed","post_password":"","post_name":"columna-cat","to_ping":"","pinged":"","post_modified":"2022-07-28 17:46:19","post_modified_gmt":"2022-07-28 15:46:19","post_content_filtered":"","post_parent":0,"guid":"http:\/\/dev.claret.cat\/editorial\/columna-cat\/","menu_order":0,"post_type":"editorial","post_mime_type":"","comment_count":"0","filter":"raw"}],"autores-libros":[{"ID":162379,"post_author":"3","post_date":"2022-10-14 17:30:33","post_date_gmt":"2022-10-14 15:30:33","post_content":"","post_title":"LLUIS PRATS MART\u00cdNEZ","post_excerpt":"","post_status":"publish","comment_status":"closed","ping_status":"closed","post_password":"","post_name":"lluis-prats-martinez","to_ping":"","pinged":"","post_modified":"2022-10-14 17:30:33","post_modified_gmt":"2022-10-14 15:30:33","post_content_filtered":"","post_parent":0,"guid":"http:\/\/dev.claret.cat\/autor\/lluis-prats-martinez\/","menu_order":0,"post_type":"autor","post_mime_type":"","comment_count":"0","filter":"raw"}]},"aioseo_notices":[],"_links":{"self":[{"href":"https:\/\/www.claret.cat\/es\/wp-json\/wp\/v2\/product\/226216","targetHints":{"allow":["GET"]}}],"collection":[{"href":"https:\/\/www.claret.cat\/es\/wp-json\/wp\/v2\/product"}],"about":[{"href":"https:\/\/www.claret.cat\/es\/wp-json\/wp\/v2\/types\/product"}],"wp:featuredmedia":[{"embeddable":true,"href":"https:\/\/www.claret.cat\/es\/wp-json\/wp\/v2\/media\/226217"}],"wp:attachment":[{"href":"https:\/\/www.claret.cat\/es\/wp-json\/wp\/v2\/media?parent=226216"}],"wp:term":[{"taxonomy":"product_brand","embeddable":true,"href":"https:\/\/www.claret.cat\/es\/wp-json\/wp\/v2\/product_brand?post=226216"},{"taxonomy":"product_cat","embeddable":true,"href":"https:\/\/www.claret.cat\/es\/wp-json\/wp\/v2\/product_cat?post=226216"},{"taxonomy":"product_tag","embeddable":true,"href":"https:\/\/www.claret.cat\/es\/wp-json\/wp\/v2\/product_tag?post=226216"}],"curies":[{"name":"wp","href":"https:\/\/api.w.org\/{rel}","templated":true}]}}