{"id":226222,"date":"2022-10-20T17:44:35","date_gmt":"2022-10-20T15:44:35","guid":{"rendered":"http:\/\/dev.claret.cat\/producte\/14-lautobiografia\/"},"modified":"2024-01-31T17:20:05","modified_gmt":"2024-01-31T16:20:05","slug":"14-lautobiografia-9788466421386","status":"publish","type":"product","link":"https:\/\/www.claret.cat\/es\/libro\/14-lautobiografia-9788466421386\/","title":{"rendered":"14. L&#8217;AUTOBIOGRAFIA"},"content":{"rendered":"<p>Considerat una dels personatges m\u00e9s influents de la hist\u00f2ria del futbol, el seu estil futbol\u00edstic i la seva filosofia han influ\u00eft en entrenadors i jugadors de la talla de Pep Guardiola, Ars\u00e8ne Wenger, \u00c9ric Cantona o Xavi Hern\u00e0ndez. Els \u00e8xits m\u00e9s recents del futbol i especialment d&#8217;un equip com el Bar\u00e7a, tant en l&#8217;\u00e0mbit del club com en l&#8217;internacional, han estat considerats per molts experts com el resultat evident de l&#8217;impacte de Cruyff en el futbol contemporani. 14. L&#8217;autobiografia explica la hist\u00f2ria personal i professional de Johan Cruyff i ens revela la filosofia que va definir el seu joc i que ha marcat generacions de futbolistes, entrenadors i seguidors.\u00abEl llenguatge de Cruyff \u00e9s tan universal com la seva l\u00f2gica, aix\u00ed que la seva obra transcendeix la seva persona fins a convertir-se en una religi\u00f3 amb una arma inofensiva: s&#8217;explica a partir d&#8217;una pilota i d&#8217;un rondo, de la mateixa manera que el joc dep\u00e8n d&#8217;un cent\u00edmetre i d&#8217;un segon, com es pot veure a cada partit del Bar\u00e7a. El cruyffisme est\u00e0 m\u00e9s est\u00e8s que mai des que Cruyff no hi \u00e9s. No hi ha un entrenador m\u00e9s cruyffista que Guardiola. Fins i tot Messi llan\u00e7a els penals com Cruyff\u00bb. Ramon Besa, El Pa\u00eds<\/p>\n","protected":false},"excerpt":{"rendered":"<p>CRUYFF, JOHAN<\/p>\n","protected":false},"featured_media":226223,"template":"","meta":{"_acf_changed":false,"om_disable_all_campaigns":false,"rs_blank_template":"","rs_page_bg_color":"","slide_template_v7":"","inline_featured_image":false,"_monsterinsights_skip_tracking":false,"_monsterinsights_sitenote_active":false,"_monsterinsights_sitenote_note":"","_monsterinsights_sitenote_category":0},"product_brand":[],"product_cat":[549,99],"product_tag":[],"class_list":{"0":"post-226222","1":"product","2":"type-product","3":"status-publish","4":"has-post-thumbnail","6":"product_cat-biografias","7":"product_cat-biografies","9":"first","10":"instock","11":"taxable","12":"shipping-taxable","13":"purchasable","14":"product-type-simple"},"acf":{"autor":"CRUYFF, JOHAN","codart":"846642138","libros-coleccion":"","ediciones":"1","encuadernacion":"Carton\u00e9","fecha_de_publicacion":"01\/10\/2016","novedad":"1","paginas":"320","subtitulo":"","orden":"999","portada":"0","idioma":"cat","editorial":[{"ID":6166,"post_author":"3","post_date":"2022-07-28 17:46:19","post_date_gmt":"2022-07-28 15:46:19","post_content":"","post_title":"Columna CAT","post_excerpt":"","post_status":"publish","comment_status":"closed","ping_status":"closed","post_password":"","post_name":"columna-cat","to_ping":"","pinged":"","post_modified":"2022-07-28 17:46:19","post_modified_gmt":"2022-07-28 15:46:19","post_content_filtered":"","post_parent":0,"guid":"http:\/\/dev.claret.cat\/editorial\/columna-cat\/","menu_order":0,"post_type":"editorial","post_mime_type":"","comment_count":"0","filter":"raw"}],"autores-libros":[{"ID":424221,"post_author":"3","post_date":"2023-05-16 07:56:01","post_date_gmt":"2023-05-16 05:56:01","post_content":"","post_title":"JOHAN CRUYFF","post_excerpt":"","post_status":"publish","comment_status":"closed","ping_status":"closed","post_password":"","post_name":"johan-cruyff","to_ping":"","pinged":"","post_modified":"2023-05-16 07:56:01","post_modified_gmt":"2023-05-16 05:56:01","post_content_filtered":"","post_parent":0,"guid":"https:\/\/www.claret.cat\/autor\/johan-cruyff\/","menu_order":0,"post_type":"autor","post_mime_type":"","comment_count":"0","filter":"raw"}]},"aioseo_notices":[],"_links":{"self":[{"href":"https:\/\/www.claret.cat\/es\/wp-json\/wp\/v2\/product\/226222","targetHints":{"allow":["GET"]}}],"collection":[{"href":"https:\/\/www.claret.cat\/es\/wp-json\/wp\/v2\/product"}],"about":[{"href":"https:\/\/www.claret.cat\/es\/wp-json\/wp\/v2\/types\/product"}],"wp:featuredmedia":[{"embeddable":true,"href":"https:\/\/www.claret.cat\/es\/wp-json\/wp\/v2\/media\/226223"}],"wp:attachment":[{"href":"https:\/\/www.claret.cat\/es\/wp-json\/wp\/v2\/media?parent=226222"}],"wp:term":[{"taxonomy":"product_brand","embeddable":true,"href":"https:\/\/www.claret.cat\/es\/wp-json\/wp\/v2\/product_brand?post=226222"},{"taxonomy":"product_cat","embeddable":true,"href":"https:\/\/www.claret.cat\/es\/wp-json\/wp\/v2\/product_cat?post=226222"},{"taxonomy":"product_tag","embeddable":true,"href":"https:\/\/www.claret.cat\/es\/wp-json\/wp\/v2\/product_tag?post=226222"}],"curies":[{"name":"wp","href":"https:\/\/api.w.org\/{rel}","templated":true}]}}