{"id":226351,"date":"2022-10-20T17:47:26","date_gmt":"2022-10-20T15:47:26","guid":{"rendered":"http:\/\/dev.claret.cat\/producte\/la-broma-infinita\/"},"modified":"2026-01-19T12:36:17","modified_gmt":"2026-01-19T11:36:17","slug":"la-broma-infinita-9788439732020","status":"publish","type":"product","link":"https:\/\/www.claret.cat\/es\/libro\/la-broma-infinita-9788439732020\/","title":{"rendered":"LA BROMA INFINITA"},"content":{"rendered":"<p>Una novela cr\u00edtica, amena y reflexiva sobre la adicci\u00f3n, el  consumismo y la cruda soledad de la sociedad norteamericana, escrita con gran sabidur\u00eda y sentido del humor. Un lugar: Enfield, Massachusetts. A cien millas de la Gran  Concavidad, un yermo radiactivo lleno de beb\u00e9s mutantes del tama\u00f1o de aviones, criaturas sin cr\u00e1neo y hordas de h\u00e1msters salvajes. Una \u00e9poca: el a\u00f1o de la Ropa Interior para Adultos Depend, en el  Tiempo Subsidiado, en una Am\u00e9rica regida por el totalitarismo ecol\u00f3gico de la ONAN, gobernada a su vez por la opaca Oficina de Servicios No  Especificados, en guerra perpetua contra el ultraviolento antiONANismo de Quebec. Una instituci\u00f3n: la Academia Enfield de Tenis, ultraelitista y  donde impera una f\u00e9rrea disciplina destinada a abolir todo placer. Una familia: los Incandenza. James Incandenza, \u00f3ptico militar convertido en cineasta de apr\u00e8s-garde, y su mujer, la promiscua Avril, que alimenta t\u00farbulas conexiones con la guerrilla de Quebec. Y sus  tres hijos: Orin, genial pateador de f\u00fatbol americano y seductor transnacional; Mario, enano y deforme, cineasta como su padre y poseedor de una sensibilidad prodigiosa, y Hal, promesa del tenis  juvenil y atormentado por un horrible secreto.Y una pel\u00edcula: El samizdat. El Entretenimiento. La broma infinita. Con el poder de enloquecer a todo el que la vea y destruir  as\u00ed la civilizaci\u00f3n. El arma perfecta por la que todos se enzarzar\u00e1n en la Guerra Final por el control de Am\u00e9rica.Rese\u00f1as:<br \/>\u00abColosamente disruptiva&#8230; espectacularmente buena.\u00bb<br \/>Walter Kirn, The New York Magazine\u00abDespu\u00e9s de veinte a\u00f1os La broma infinita sigue siendo hoy un reto, sigue siendo brillante.\u00bb<br \/>The Guardian\u00abTodav\u00eda se siente tan trascendente, el\u00e9ctricamente viva.\u00bb<br \/>The New York Times\u00abWallace, cuando recurre a la erudici\u00f3n, cuando disecciona toda la cultura pop de nuestra \u00e9poca es magistral.\u00bb<br \/>El Mundo\u00abEs una obra inteligente, dif\u00edcil, brillante y, no lo duden, vale la  pena llegar hasta el final. Como afirm\u00f3 el cr\u00edtico Sven Birkerts,  quienes lo hagan tendr\u00e1n el raro privilegio de contemplar el universo iluminado por un torrente de luz negra.\u00bb<br \/>Eduardo Lago,  El Pa\u00eds<\/p>\n","protected":false},"excerpt":{"rendered":"<p>WALLACE, DAVID FOSTER<\/p>\n","protected":false},"featured_media":1074314,"template":"","meta":{"_acf_changed":false,"om_disable_all_campaigns":false,"rs_blank_template":"","rs_page_bg_color":"","slide_template_v7":"","inline_featured_image":false,"_monsterinsights_skip_tracking":false,"_monsterinsights_sitenote_active":false,"_monsterinsights_sitenote_note":"","_monsterinsights_sitenote_category":0},"product_brand":[],"product_cat":[87,353],"product_tag":[],"class_list":{"0":"post-226351","1":"product","2":"type-product","3":"status-publish","4":"has-post-thumbnail","6":"product_cat-literatura","7":"product_cat-literatura-2_humanidades","9":"first","10":"outofstock","11":"taxable","12":"shipping-taxable","13":"purchasable","14":"product-type-simple"},"acf":{"autor":"WALLACE, DAVID FOSTER","codart":"843973202","libros-coleccion":"","ediciones":"1","encuadernacion":"R\u00fastica","fecha_de_publicacion":"01\/10\/2016","novedad":"0","paginas":"1216","subtitulo":"","orden":"999","portada":"0","idioma":"spa","editorial":[{"ID":6290,"post_author":"3","post_date":"2022-07-28 17:49:01","post_date_gmt":"2022-07-28 15:49:01","post_content":"","post_title":"LITERATURA RANDOM HOUSE","post_excerpt":"","post_status":"publish","comment_status":"closed","ping_status":"closed","post_password":"","post_name":"literatura-random-house","to_ping":"","pinged":"","post_modified":"2022-07-28 17:49:01","post_modified_gmt":"2022-07-28 15:49:01","post_content_filtered":"","post_parent":0,"guid":"http:\/\/dev.claret.cat\/editorial\/literatura-random-house\/","menu_order":0,"post_type":"editorial","post_mime_type":"","comment_count":"0","filter":"raw"}],"booktrailer":"","resenas":"","autores-libros":[{"ID":380499,"post_author":"3","post_date":"2023-02-02 13:12:52","post_date_gmt":"2023-02-02 12:12:52","post_content":"","post_title":"DAVID FOSTER WALLACE","post_excerpt":"","post_status":"publish","comment_status":"closed","ping_status":"closed","post_password":"","post_name":"david-foster-wallace-2","to_ping":"","pinged":"","post_modified":"2023-02-02 13:12:52","post_modified_gmt":"2023-02-02 12:12:52","post_content_filtered":"","post_parent":0,"guid":"https:\/\/www.claret.cat\/autor\/david-foster-wallace-2\/","menu_order":0,"post_type":"autor","post_mime_type":"","comment_count":"0","filter":"raw"}]},"aioseo_notices":[],"_links":{"self":[{"href":"https:\/\/www.claret.cat\/es\/wp-json\/wp\/v2\/product\/226351","targetHints":{"allow":["GET"]}}],"collection":[{"href":"https:\/\/www.claret.cat\/es\/wp-json\/wp\/v2\/product"}],"about":[{"href":"https:\/\/www.claret.cat\/es\/wp-json\/wp\/v2\/types\/product"}],"wp:featuredmedia":[{"embeddable":true,"href":"https:\/\/www.claret.cat\/es\/wp-json\/wp\/v2\/media\/1074314"}],"wp:attachment":[{"href":"https:\/\/www.claret.cat\/es\/wp-json\/wp\/v2\/media?parent=226351"}],"wp:term":[{"taxonomy":"product_brand","embeddable":true,"href":"https:\/\/www.claret.cat\/es\/wp-json\/wp\/v2\/product_brand?post=226351"},{"taxonomy":"product_cat","embeddable":true,"href":"https:\/\/www.claret.cat\/es\/wp-json\/wp\/v2\/product_cat?post=226351"},{"taxonomy":"product_tag","embeddable":true,"href":"https:\/\/www.claret.cat\/es\/wp-json\/wp\/v2\/product_tag?post=226351"}],"curies":[{"name":"wp","href":"https:\/\/api.w.org\/{rel}","templated":true}]}}