{"id":226480,"date":"2022-10-20T17:50:24","date_gmt":"2022-10-20T15:50:24","guid":{"rendered":"http:\/\/dev.claret.cat\/producte\/mensajes-de-la-maestra-kwan-yin-para-la-alquimia-de-las-emociones-spa\/"},"modified":"2023-01-27T23:50:30","modified_gmt":"2023-01-27T22:50:30","slug":"mensajes-de-la-maestra-kwan-yin-para-la-alquimia-de-las-emociones-spa-9788491111573","status":"publish","type":"product","link":"https:\/\/www.claret.cat\/es\/libro\/mensajes-de-la-maestra-kwan-yin-para-la-alquimia-de-las-emociones-spa-9788491111573\/","title":{"rendered":"MENSAJES DE LA MAESTRA KWAN YIN PARA LA ALQUIMIA DE LAS EMOCIONES (SPA)"},"content":{"rendered":"<p>\u00abMe comprometo, aqu\u00ed y ahora, a cambiar mi vibraci\u00f3n, cambiando as\u00ed mi propia historia y la de mi linaje biol\u00f3gico femenino, el cual forma parte del linaje femenino ancestral.<\/p>\n<p> Rompo, aqu\u00ed y ahora, con amor, las viejas barreras de percepci\u00f3n y comprensi\u00f3n para poder comenzar a sentir, pensar y expresarme tal y como yo elijo. Dejo atr\u00e1s para siempre todo lo que alguna vez pens\u00e9 y pensaron acerca de qui\u00e9n soy yo.<\/p>\n<p> Acepto qui\u00e9n soy yo en realidad, todo lo bueno que merezco y lo que ofrezco al mundo desde mi m\u00e1s pura esencia. Y as\u00ed es como lo manifiesto, a trav\u00e9s dell poder de la palabra.<\/p>\n<p> Renuncio, aqu\u00ed y ahora y para siempre, a la necesidad de aprender desde el sufrimiento y el deterioro f\u00edsico. Sigo adelante, con la intenci\u00f3n que acompa\u00f1a al pensamiento de quien verdaderamente soy\u00bb.<\/p>\n","protected":false},"excerpt":{"rendered":"<p>SIM\u00d3 RICO, GUILLERMINA<\/p>\n","protected":false},"featured_media":226481,"template":"","meta":{"_acf_changed":false,"om_disable_all_campaigns":false,"rs_blank_template":"","rs_page_bg_color":"","slide_template_v7":"","inline_featured_image":false,"_monsterinsights_skip_tracking":false,"_monsterinsights_sitenote_active":false,"_monsterinsights_sitenote_note":"","_monsterinsights_sitenote_category":0},"product_brand":[],"product_cat":[16],"product_tag":[],"class_list":{"0":"post-226480","1":"product","2":"type-product","3":"status-publish","4":"has-post-thumbnail","6":"product_cat-sense-categoria","8":"first","9":"instock","10":"taxable","11":"shipping-taxable","12":"purchasable","13":"product-type-simple"},"acf":{"autor":"SIM\u00d3 RICO, GUILLERMINA","codart":"849111157","libros-coleccion":"NUEVA CONSCIENCIA","ediciones":"1","encuadernacion":"R\u00fastica","fecha_de_publicacion":"01\/10\/2016","novedad":"1","paginas":"161","subtitulo":"","orden":"0","portada":"0","idioma":"spa"},"aioseo_notices":[],"_links":{"self":[{"href":"https:\/\/www.claret.cat\/es\/wp-json\/wp\/v2\/product\/226480","targetHints":{"allow":["GET"]}}],"collection":[{"href":"https:\/\/www.claret.cat\/es\/wp-json\/wp\/v2\/product"}],"about":[{"href":"https:\/\/www.claret.cat\/es\/wp-json\/wp\/v2\/types\/product"}],"wp:featuredmedia":[{"embeddable":true,"href":"https:\/\/www.claret.cat\/es\/wp-json\/wp\/v2\/media\/226481"}],"wp:attachment":[{"href":"https:\/\/www.claret.cat\/es\/wp-json\/wp\/v2\/media?parent=226480"}],"wp:term":[{"taxonomy":"product_brand","embeddable":true,"href":"https:\/\/www.claret.cat\/es\/wp-json\/wp\/v2\/product_brand?post=226480"},{"taxonomy":"product_cat","embeddable":true,"href":"https:\/\/www.claret.cat\/es\/wp-json\/wp\/v2\/product_cat?post=226480"},{"taxonomy":"product_tag","embeddable":true,"href":"https:\/\/www.claret.cat\/es\/wp-json\/wp\/v2\/product_tag?post=226480"}],"curies":[{"name":"wp","href":"https:\/\/api.w.org\/{rel}","templated":true}]}}