{"id":226735,"date":"2022-10-20T17:56:22","date_gmt":"2022-10-20T15:56:22","guid":{"rendered":"http:\/\/dev.claret.cat\/producte\/dvd-la-biblia-jesus-vol-3\/"},"modified":"2023-01-28T23:33:41","modified_gmt":"2023-01-28T22:33:41","slug":"dvd-la-biblia-jesus-vol-3-9787012984221","status":"publish","type":"product","link":"https:\/\/www.claret.cat\/es\/libro\/dvd-la-biblia-jesus-vol-3-9787012984221\/","title":{"rendered":"DVD- LA BIBLIA : JES\u00daS VOL 3"},"content":{"rendered":"<p>Jes\u00fas subi\u00f3 al monte\u2026 y comenz\u00f3 a ense\u00f1arles diciendo: \u00abDichosos los pobres de esp\u00edritu, porque suyo es el reino de los cielos. Dichosos los que sufren, porque ser\u00e1n consolados. Dichosos los humildes, porque heredar\u00e1n la tierra que Dios les ha prometido. Dichosos los que tienen hambre y sed de justicia, porque ser\u00e1n satisfechos. Dichosos los compasivos, porque Dios tendr\u00e1 compasi\u00f3n de ellos. Dichosos los de coraz\u00f3n limpio, porque ver\u00e1n a Dios. Dichosos los que trabajan por la paz, porque Dios los llamar\u00e1 hijos suyos. Dichosos los perseguidos por hacer lo que es justo, porque suyo es el reino de los cielos. Dichosos vosotros, cuando la gente os insulte y os maltrate, y cuando por causa m\u00eda digan contra vosotros toda clase de mentiras\u2026\u00bb\u201d (Mt. 5, 1-11)<br \/>Cap\u00edtulos:<br \/>\u2022 Jes\u00fas come en casa de Mateo<br \/>\u2022 Muerte de Juan el Bautista<br \/>\u2022 Lapidaci\u00f3n de la ad\u00faltera<br \/>\u2022 El tributo al C\u00e9sar<br \/>\u2022 Las Bienaventuranzas<br \/>\u2022 La elecci\u00f3n de los Ap\u00f3stoles<\/p>\n","protected":false},"excerpt":{"rendered":"<p>YOUNG, ROGER<\/p>\n","protected":false},"featured_media":226736,"template":"","meta":{"_acf_changed":false,"om_disable_all_campaigns":false,"rs_blank_template":"","rs_page_bg_color":"","slide_template_v7":"","inline_featured_image":false,"_monsterinsights_skip_tracking":false,"_monsterinsights_sitenote_active":false,"_monsterinsights_sitenote_note":"","_monsterinsights_sitenote_category":0},"product_brand":[],"product_cat":[88],"product_tag":[],"class_list":{"0":"post-226735","1":"product","2":"type-product","3":"status-publish","4":"has-post-thumbnail","6":"product_cat-multimedia","8":"first","9":"instock","10":"taxable","11":"shipping-taxable","12":"purchasable","13":"product-type-simple"},"acf":{"autor":"YOUNG, ROGER","codart":"701298422","libros-coleccion":"","ediciones":"0","encuadernacion":"Carton\u00e9","fecha_de_publicacion":"01\/10\/2016","novedad":"0","paginas":"1","subtitulo":"LAS BIENAVENTURANZAS Y LA ELECCI\u00d3N DE LOS AP\u00d3STOLES","orden":"999","portada":"0","idioma":"spa","editorial":[{"ID":148543,"post_author":"3","post_date":"2022-10-14 11:59:04","post_date_gmt":"2022-10-14 09:59:04","post_content":"","post_title":"MONTE TABOR FILMS.- BDM INTERNACIONAL","post_excerpt":"","post_status":"publish","comment_status":"closed","ping_status":"closed","post_password":"","post_name":"monte-tabor-films-bdm-internacional","to_ping":"","pinged":"","post_modified":"2022-10-14 11:59:04","post_modified_gmt":"2022-10-14 09:59:04","post_content_filtered":"","post_parent":0,"guid":"http:\/\/dev.claret.cat\/editorial\/monte-tabor-films-bdm-internacional\/","menu_order":0,"post_type":"editorial","post_mime_type":"","comment_count":"0","filter":"raw"}]},"aioseo_notices":[],"_links":{"self":[{"href":"https:\/\/www.claret.cat\/es\/wp-json\/wp\/v2\/product\/226735","targetHints":{"allow":["GET"]}}],"collection":[{"href":"https:\/\/www.claret.cat\/es\/wp-json\/wp\/v2\/product"}],"about":[{"href":"https:\/\/www.claret.cat\/es\/wp-json\/wp\/v2\/types\/product"}],"wp:featuredmedia":[{"embeddable":true,"href":"https:\/\/www.claret.cat\/es\/wp-json\/wp\/v2\/media\/226736"}],"wp:attachment":[{"href":"https:\/\/www.claret.cat\/es\/wp-json\/wp\/v2\/media?parent=226735"}],"wp:term":[{"taxonomy":"product_brand","embeddable":true,"href":"https:\/\/www.claret.cat\/es\/wp-json\/wp\/v2\/product_brand?post=226735"},{"taxonomy":"product_cat","embeddable":true,"href":"https:\/\/www.claret.cat\/es\/wp-json\/wp\/v2\/product_cat?post=226735"},{"taxonomy":"product_tag","embeddable":true,"href":"https:\/\/www.claret.cat\/es\/wp-json\/wp\/v2\/product_tag?post=226735"}],"curies":[{"name":"wp","href":"https:\/\/api.w.org\/{rel}","templated":true}]}}