{"id":226792,"date":"2022-10-20T17:57:41","date_gmt":"2022-10-20T15:57:41","guid":{"rendered":"http:\/\/dev.claret.cat\/producte\/si-no-te-ries-es-peor-el-gran-libro-de-los-chistes\/"},"modified":"2023-02-06T20:00:18","modified_gmt":"2023-02-06T19:00:18","slug":"si-no-te-ries-es-peor-el-gran-libro-de-los-chistes-9788420485072","status":"publish","type":"product","link":"https:\/\/www.claret.cat\/es\/libro\/si-no-te-ries-es-peor-el-gran-libro-de-los-chistes-9788420485072\/","title":{"rendered":"SI NO TE R\u00cdES, ES PEOR. EL GRAN LIBRO DE LOS CHISTES"},"content":{"rendered":"<p>Si no te r\u00edes es peor. El gran libro de los chistes es un libro  desternillante para llevar a todas partes y compartir con tus amigos.  Divi\u00e9rtete con sus chistes, bromas y juegos de palabras que har\u00e1n re\u00edr a quienquiera que se los cuentes.\u00bfSabes por qu\u00e9 viene del mar el marisco?<br \/>\u00a1Porque si viniera de Francia ser\u00eda el Francisco!Si te has re\u00eddo, este libro debe ser tuyo. Lee hasta que te duela la  tripa de tanto re\u00edr con el libro de chistes que arrasa en el mundo \u00a1y convi\u00e9rtete en el mejor contando los chistes m\u00e1s graciosos!\u00bfA que no sabes cu\u00e1l es el bast\u00f3n m\u00e1s vago?<br \/>El que no da palo al agua.<\/p>\n","protected":false},"excerpt":{"rendered":"<p>ELLIOT, ROB<\/p>\n","protected":false},"featured_media":384274,"template":"","meta":{"_acf_changed":false,"om_disable_all_campaigns":false,"rs_blank_template":"","rs_page_bg_color":"","slide_template_v7":"","inline_featured_image":false,"_monsterinsights_skip_tracking":false,"_monsterinsights_sitenote_active":false,"_monsterinsights_sitenote_note":"","_monsterinsights_sitenote_category":0},"product_brand":[],"product_cat":[86,352],"product_tag":[],"class_list":{"0":"post-226792","1":"product","2":"type-product","3":"status-publish","4":"has-post-thumbnail","6":"product_cat-infantil","7":"product_cat-infantil-3_infantil-juvenil-spa","9":"first","10":"instock","11":"taxable","12":"shipping-taxable","13":"purchasable","14":"product-type-simple"},"acf":{"autor":"ELLIOT, ROB","codart":"842048507","libros-coleccion":"","ediciones":"1","encuadernacion":"R\u00fastica","fecha_de_publicacion":"01\/10\/2016","novedad":"0","paginas":"117","subtitulo":"","orden":"999","portada":"0","idioma":"spa","editorial":[{"ID":6118,"post_author":"3","post_date":"2022-07-28 17:45:17","post_date_gmt":"2022-07-28 15:45:17","post_content":"","post_title":"ALFAGUARA","post_excerpt":"","post_status":"publish","comment_status":"closed","ping_status":"closed","post_password":"","post_name":"alfaguara","to_ping":"","pinged":"","post_modified":"2022-07-28 17:45:17","post_modified_gmt":"2022-07-28 15:45:17","post_content_filtered":"","post_parent":0,"guid":"http:\/\/dev.claret.cat\/editorial\/alfaguara\/","menu_order":0,"post_type":"editorial","post_mime_type":"","comment_count":"0","filter":"raw"}],"autores-libros":[{"ID":383932,"post_author":"3","post_date":"2023-02-06 14:55:34","post_date_gmt":"2023-02-06 13:55:34","post_content":"","post_title":"ROB ELLIOT","post_excerpt":"","post_status":"publish","comment_status":"closed","ping_status":"closed","post_password":"","post_name":"rob-elliot","to_ping":"","pinged":"","post_modified":"2023-02-06 14:55:34","post_modified_gmt":"2023-02-06 13:55:34","post_content_filtered":"","post_parent":0,"guid":"https:\/\/www.claret.cat\/autor\/rob-elliot\/","menu_order":0,"post_type":"autor","post_mime_type":"","comment_count":"0","filter":"raw"}]},"aioseo_notices":[],"_links":{"self":[{"href":"https:\/\/www.claret.cat\/es\/wp-json\/wp\/v2\/product\/226792","targetHints":{"allow":["GET"]}}],"collection":[{"href":"https:\/\/www.claret.cat\/es\/wp-json\/wp\/v2\/product"}],"about":[{"href":"https:\/\/www.claret.cat\/es\/wp-json\/wp\/v2\/types\/product"}],"wp:featuredmedia":[{"embeddable":true,"href":"https:\/\/www.claret.cat\/es\/wp-json\/wp\/v2\/media\/384274"}],"wp:attachment":[{"href":"https:\/\/www.claret.cat\/es\/wp-json\/wp\/v2\/media?parent=226792"}],"wp:term":[{"taxonomy":"product_brand","embeddable":true,"href":"https:\/\/www.claret.cat\/es\/wp-json\/wp\/v2\/product_brand?post=226792"},{"taxonomy":"product_cat","embeddable":true,"href":"https:\/\/www.claret.cat\/es\/wp-json\/wp\/v2\/product_cat?post=226792"},{"taxonomy":"product_tag","embeddable":true,"href":"https:\/\/www.claret.cat\/es\/wp-json\/wp\/v2\/product_tag?post=226792"}],"curies":[{"name":"wp","href":"https:\/\/api.w.org\/{rel}","templated":true}]}}