{"id":226841,"date":"2022-10-20T17:58:50","date_gmt":"2022-10-20T15:58:50","guid":{"rendered":"http:\/\/dev.claret.cat\/producte\/los-olvidados\/"},"modified":"2023-01-28T14:29:46","modified_gmt":"2023-01-28T13:29:46","slug":"los-olvidados-9788466658768","status":"publish","type":"product","link":"https:\/\/www.claret.cat\/es\/libro\/los-olvidados-9788466658768\/","title":{"rendered":"LOS OLVIDADOS"},"content":{"rendered":"<p>Un nuevo caso de John Puller, el protagonista de D\u00eda Cero.<br \/> En el Para\u00edso nada es lo que parece.<br \/>  John Puller es el mejor. Veterano de guerra y agente especial, es el hombre en quien el ej\u00e9rcito de Estados Unidos conf\u00eda para esclarecer los delitos m\u00e1s dif\u00edciles a los que se enfrenta el pa\u00eds.<br \/> Ahora debe resolver un nuevo caso, pero esta vez el delito lo afecta directamente: su t\u00eda ha sido hallada muerta en Paradise, una ciudad preciosa situada en la costa del golfo de Florida, que prospera gracias a los turistas ricos, atra\u00eddos por sus paradis\u00edacas playas y su clima maravilloso. La polic\u00eda del lugar ha decidido que la muerte de su t\u00eda se debi\u00f3 a un desgraciado accidente. Pero justo antes de morir le envi\u00f3 una carta al padre de Puller donde le dec\u00eda que, bajo su hermoso y lustroso exterior, Paradise no era lo que parec\u00eda.<br \/> Lo que Puller descubre lo convence de que la muerte de su t\u00eda no fue casual&#8230;<br \/> \u00abOtra apasionante novela de David Baldacci que te mantendr\u00e1 pegado al sof\u00e1.\u00bbExaminer<br \/> \u00abBaldacci es un maestro cuando se trata de escribir sobre conspiraciones en peque\u00f1as ciudades y un h\u00e9roe solitario que lucha contra viento y marea para erradicar la corrupci\u00f3n&#8230; La revelaci\u00f3n final sorprender\u00e1 incluso a los lectores m\u00e1s avezados.\u00bbThe Washington Post<br \/> \u00abBaldacci posee el talento suficiente para evitar que la trama pierda inter\u00e9s desde la primera p\u00e1gina hasta el final de la historia.\u00bbThe Huffington Post \u00abRepleto de personajes fascinantes y memorables, y de situaciones tensas&hellip; con mano maestra, proporciona un espl\u00e9ndido entretenimiento y un relato de un ritmo vertiginoso.\u00bbLansing State Journal<\/p>\n","protected":false},"excerpt":{"rendered":"<p>BALDACCI, DAVID<\/p>\n","protected":false},"featured_media":226842,"template":"","meta":{"_acf_changed":false,"om_disable_all_campaigns":false,"rs_blank_template":"","rs_page_bg_color":"","slide_template_v7":"","inline_featured_image":false,"_monsterinsights_skip_tracking":false,"_monsterinsights_sitenote_active":false,"_monsterinsights_sitenote_note":"","_monsterinsights_sitenote_category":0},"product_brand":[],"product_cat":[87],"product_tag":[],"class_list":{"0":"post-226841","1":"product","2":"type-product","3":"status-publish","4":"has-post-thumbnail","6":"product_cat-literatura","8":"first","9":"instock","10":"taxable","11":"shipping-taxable","12":"purchasable","13":"product-type-simple"},"acf":{"autor":"BALDACCI, DAVID","codart":"846665876","libros-coleccion":"","ediciones":"1","encuadernacion":"R\u00fastica","fecha_de_publicacion":"01\/10\/2016","novedad":"0","paginas":"462","subtitulo":"SERIE JOHN PULLER 2","orden":"999","portada":"0","idioma":"spa","autores-libros":[{"ID":153747,"post_author":"3","post_date":"2022-10-14 14:59:12","post_date_gmt":"2022-10-14 12:59:12","post_content":"","post_title":"DAVID BALDACCI","post_excerpt":"","post_status":"publish","comment_status":"closed","ping_status":"closed","post_password":"","post_name":"david-baldacci","to_ping":"","pinged":"","post_modified":"2022-10-14 14:59:12","post_modified_gmt":"2022-10-14 12:59:12","post_content_filtered":"","post_parent":0,"guid":"http:\/\/dev.claret.cat\/autor\/david-baldacci\/","menu_order":0,"post_type":"autor","post_mime_type":"","comment_count":"0","filter":"raw"}]},"aioseo_notices":[],"_links":{"self":[{"href":"https:\/\/www.claret.cat\/es\/wp-json\/wp\/v2\/product\/226841","targetHints":{"allow":["GET"]}}],"collection":[{"href":"https:\/\/www.claret.cat\/es\/wp-json\/wp\/v2\/product"}],"about":[{"href":"https:\/\/www.claret.cat\/es\/wp-json\/wp\/v2\/types\/product"}],"wp:featuredmedia":[{"embeddable":true,"href":"https:\/\/www.claret.cat\/es\/wp-json\/wp\/v2\/media\/226842"}],"wp:attachment":[{"href":"https:\/\/www.claret.cat\/es\/wp-json\/wp\/v2\/media?parent=226841"}],"wp:term":[{"taxonomy":"product_brand","embeddable":true,"href":"https:\/\/www.claret.cat\/es\/wp-json\/wp\/v2\/product_brand?post=226841"},{"taxonomy":"product_cat","embeddable":true,"href":"https:\/\/www.claret.cat\/es\/wp-json\/wp\/v2\/product_cat?post=226841"},{"taxonomy":"product_tag","embeddable":true,"href":"https:\/\/www.claret.cat\/es\/wp-json\/wp\/v2\/product_tag?post=226841"}],"curies":[{"name":"wp","href":"https:\/\/api.w.org\/{rel}","templated":true}]}}