{"id":226847,"date":"2022-10-20T17:58:59","date_gmt":"2022-10-20T15:58:59","guid":{"rendered":"http:\/\/dev.claret.cat\/producte\/obabakoak-2\/"},"modified":"2023-01-28T23:19:59","modified_gmt":"2023-01-28T22:19:59","slug":"obabakoak-9788466332309","status":"publish","type":"product","link":"https:\/\/www.claret.cat\/es\/libro\/obabakoak-9788466332309\/","title":{"rendered":"OBABAKOAK"},"content":{"rendered":"<p>Obabakoak es una de las novelas fundamentales de la literatura  del siglo XX, la que consolid\u00f3 a Bernardo Atxaga como uno de los mayores referentes de nuestro mundo literario. Obabakoak re\u00fane las apasionantes historias de los habitantes del  territorio de Obaba: el profesor de geograf\u00eda que recuerda su extra\u00f1a  relaci\u00f3n amorosa con una chica que solo conoce por correspondencia, la joven  maestra que tiene que aprender a combatir la soledad a lo largo de un  g\u00e9lido invierno, la relaci\u00f3n de un can\u00f3nigo con un ni\u00f1o perdido en la monta\u00f1a, el escritor que da un giro a su vida cuando descubre un detalle  asombroso en la ampliaci\u00f3n de una vieja foto de la escuela&#8230; Bernardo Atxaga hila con toda su maestr\u00eda todas estas historias, y las que nos  cuentan sus personajes, para celebrar el poder de la palabra: las viejas  cartas donde se consignan las confidencias y los secretos m\u00e1s \u00edntimos,  los recuerdos, los libros que nos llevan a otros lugares -las fr\u00edas  calles de Hamburgo, los verdes prados de Euskadi, la selva de la  Amazonia- y que nos tienden una mano para rescatarnos de la soledad.** Premio Euskadi.<br \/>** Premio de la Cr\u00edtica.<br \/>** Prix Millepages.<br \/>** Premio Nacional de Narrativa.<br \/>** Adaptada al cine con el t\u00edtulo  Obaba, esta novela ha sido publicada en m\u00e1s de veinte pa\u00edses.Rese\u00f1as:<br \/>\u00abEl centro de lo m\u00e1s novedoso y excitante que ofrece la literatura  europea de nuestros d\u00edas. Hay humor, iron\u00eda, magia, misterio y un lenguaje po\u00e9tico magistral. Leerlo es un placer.\u00bb<br \/>Publishing News\u00abSu enorme variedad y su mezcla \u00fanica de posibilidades gen\u00e9ricas lo  apartan de casi todo dentro de la narrativa. Sus p\u00e1ginas recrean un  mundo nuevo y fresco con una originalidad poco com\u00fan en la literatura espa\u00f1ola contempor\u00e1nea.\u00bb<br \/>The New York Times\u00abLos relatos engastados por el narrador son por s\u00ed solos peque\u00f1as obras  maestras. Hay humor y una iron\u00eda m\u00e1s mordaz que hiriente; un libro entretenido que nunca llega a ser superficial.\u00bb<br \/>The Times Literary Supplement\u00abLas cuestiones que plantea son universales, y el tiempo es indefinido.  Las historias son sorprendentemente frescas y se combinan de maravilla.  Atxaga mantiene la atenci\u00f3n con su fina destreza, con el total control  que muestra mientras nos gu\u00eda a trav\u00e9s de este juego de la oca.\u00bb<br \/>The Independent\u00abObababoak es un libro tan sorprendente y familiar como esas  galer\u00edas de espejos de las ferias que proyectan hasta el infinito nuestro rostro divertido, sorprendido, asustado.\u00bb<br \/>T\u00e9l\u00e9rama\u00abSu narrativa conserva en todo momento la capacidad de sorprender y encantar.\u00bb<br \/>Il Manifesto<\/p>\n","protected":false},"excerpt":{"rendered":"<p>ATXAGA, BERNARDO<\/p>\n","protected":false},"featured_media":226848,"template":"","meta":{"_acf_changed":false,"om_disable_all_campaigns":false,"rs_blank_template":"","rs_page_bg_color":"","slide_template_v7":"","inline_featured_image":false,"_monsterinsights_skip_tracking":false,"_monsterinsights_sitenote_active":false,"_monsterinsights_sitenote_note":"","_monsterinsights_sitenote_category":0},"product_brand":[],"product_cat":[87],"product_tag":[],"class_list":{"0":"post-226847","1":"product","2":"type-product","3":"status-publish","4":"has-post-thumbnail","6":"product_cat-literatura","8":"first","9":"instock","10":"taxable","11":"shipping-taxable","12":"purchasable","13":"product-type-simple"},"acf":{"autor":"ATXAGA, BERNARDO","codart":"846633230","libros-coleccion":"","ediciones":"1","encuadernacion":"R\u00fastica","fecha_de_publicacion":"01\/10\/2016","novedad":"0","paginas":"486","subtitulo":"","orden":"999","portada":"0","idioma":"spa","editorial":[{"ID":6178,"post_author":"3","post_date":"2022-07-28 17:46:34","post_date_gmt":"2022-07-28 15:46:34","post_content":"","post_title":"DEBOLSILLO","post_excerpt":"","post_status":"publish","comment_status":"closed","ping_status":"closed","post_password":"","post_name":"debolsillo","to_ping":"","pinged":"","post_modified":"2022-07-28 17:46:34","post_modified_gmt":"2022-07-28 15:46:34","post_content_filtered":"","post_parent":0,"guid":"http:\/\/dev.claret.cat\/editorial\/debolsillo\/","menu_order":0,"post_type":"editorial","post_mime_type":"","comment_count":"0","filter":"raw"}],"autores-libros":[{"ID":151622,"post_author":"3","post_date":"2022-10-14 14:42:19","post_date_gmt":"2022-10-14 12:42:19","post_content":"","post_title":"BERNARDO ATXAGA","post_excerpt":"","post_status":"publish","comment_status":"closed","ping_status":"closed","post_password":"","post_name":"bernardo-atxaga","to_ping":"","pinged":"","post_modified":"2022-10-14 14:42:19","post_modified_gmt":"2022-10-14 12:42:19","post_content_filtered":"","post_parent":0,"guid":"http:\/\/dev.claret.cat\/autor\/bernardo-atxaga\/","menu_order":0,"post_type":"autor","post_mime_type":"","comment_count":"0","filter":"raw"}]},"aioseo_notices":[],"_links":{"self":[{"href":"https:\/\/www.claret.cat\/es\/wp-json\/wp\/v2\/product\/226847","targetHints":{"allow":["GET"]}}],"collection":[{"href":"https:\/\/www.claret.cat\/es\/wp-json\/wp\/v2\/product"}],"about":[{"href":"https:\/\/www.claret.cat\/es\/wp-json\/wp\/v2\/types\/product"}],"wp:featuredmedia":[{"embeddable":true,"href":"https:\/\/www.claret.cat\/es\/wp-json\/wp\/v2\/media\/226848"}],"wp:attachment":[{"href":"https:\/\/www.claret.cat\/es\/wp-json\/wp\/v2\/media?parent=226847"}],"wp:term":[{"taxonomy":"product_brand","embeddable":true,"href":"https:\/\/www.claret.cat\/es\/wp-json\/wp\/v2\/product_brand?post=226847"},{"taxonomy":"product_cat","embeddable":true,"href":"https:\/\/www.claret.cat\/es\/wp-json\/wp\/v2\/product_cat?post=226847"},{"taxonomy":"product_tag","embeddable":true,"href":"https:\/\/www.claret.cat\/es\/wp-json\/wp\/v2\/product_tag?post=226847"}],"curies":[{"name":"wp","href":"https:\/\/api.w.org\/{rel}","templated":true}]}}