{"id":226856,"date":"2022-10-20T17:59:12","date_gmt":"2022-10-20T15:59:12","guid":{"rendered":"http:\/\/dev.claret.cat\/producte\/el-engano\/"},"modified":"2023-01-28T08:43:07","modified_gmt":"2023-01-28T07:43:07","slug":"el-engano-9788466334693","status":"publish","type":"product","link":"https:\/\/www.claret.cat\/es\/libro\/el-engano-9788466334693\/","title":{"rendered":"EL ENGA\u00d1O"},"content":{"rendered":"<p>\u00bfQui\u00e9n era realmente Richard Linville? \u00bfQu\u00e9 escond\u00eda? \u00bfQui\u00e9n quer\u00eda verlo muerto?Un thriller lleno de tensi\u00f3n psicol\u00f3gica que se endinsa en los  abismos m\u00e1s profundos y siniestros de la mente humana de la mano de la  autora que ha revolucionado la escena del crimen en Europa. Para Kate Linville, solitaria polic\u00eda de Scotland Yard, solo hay una  persona en el mundo que merezca su amor y su confianza: el antiguo jefe de polic\u00eda de Scarborough Richard Linville, su padre, a cuya sombra creci\u00f3. Pero cuando este aparece salvajemente asesinado  en su casa, Kate pierde su \u00faltimo apoyo. Kate abandona Londres para regresar a su hogar con el objetivo de seguir  de cerca el caso. El inspector encargado de la investigaci\u00f3n, Caleb  Hale, no le inspira excesiva confianza. Parece m\u00e1s interesado en buscar  respuestas sencillas que en averiguar la verdad. Y Kate presiente que el  caso de su padre es mucho m\u00e1s complejo de lo que cree la polic\u00eda. La investigaci\u00f3n paralela que lleva a cabo Kate para resolver el  asesinato de su padre demuestra que ella lo es todo menos una polic\u00eda  mediocre como cre\u00eda: es instintiva, inteligente y persistente. En  cambio, descubrir\u00e1 los secretos m\u00e1s oscuros de Richard Linville, un  hombre que nada ten\u00eda que ver con el que ella cre\u00eda conocer y querer. Cr\u00edticas:<br \/>\u00abUna monta\u00f1a rusa emocional narrada de forma magistral.\u00bb<br \/>Bunte\u00abCharlotte Link ofrece la mezcla perfecta de tensi\u00f3n y emoci\u00f3n.\u00bb<br \/>F\u00fcr Sie\u00abLa construcci\u00f3n profesional de tensi\u00f3n, junto al an\u00e1lisis del  comportamiento de los protagonistas, es lo que hace que merezca la pena leer esta novela criminal.\u00bb<br \/>dpa-Meldung\u00abPr\u00e1cticamente nadie escribe novelas criminales con tanto \u00e9xito en Alemania como Charlotte Link.\u00bb<br \/>Brigitte\u00abUn thriller que atrapa en el que la culpa y la venganza son los temas centrales.\u00bb<br \/>Freundin\u00abUna novela criminal escenificada de forma inteligente, con mucho suspense, y con personajes que convencen.\u00bb<br \/>Hamburger Morgenpost<\/p>\n","protected":false},"excerpt":{"rendered":"<p>LINK, CHARLOTTE<\/p>\n","protected":false},"featured_media":226857,"template":"","meta":{"_acf_changed":false,"om_disable_all_campaigns":false,"rs_blank_template":"","rs_page_bg_color":"","slide_template_v7":"","inline_featured_image":false,"_monsterinsights_skip_tracking":false,"_monsterinsights_sitenote_active":false,"_monsterinsights_sitenote_note":"","_monsterinsights_sitenote_category":0},"product_brand":[],"product_cat":[87],"product_tag":[],"class_list":{"0":"post-226856","1":"product","2":"type-product","3":"status-publish","4":"has-post-thumbnail","6":"product_cat-literatura","8":"first","9":"instock","10":"taxable","11":"shipping-taxable","12":"purchasable","13":"product-type-simple"},"acf":{"autor":"LINK, CHARLOTTE","codart":"846633469","libros-coleccion":"","ediciones":"1","encuadernacion":"R\u00fastica","fecha_de_publicacion":"01\/10\/2016","novedad":"0","paginas":"500","subtitulo":"","orden":"999","portada":"0","idioma":"spa","editorial":[{"ID":6178,"post_author":"3","post_date":"2022-07-28 17:46:34","post_date_gmt":"2022-07-28 15:46:34","post_content":"","post_title":"DEBOLSILLO","post_excerpt":"","post_status":"publish","comment_status":"closed","ping_status":"closed","post_password":"","post_name":"debolsillo","to_ping":"","pinged":"","post_modified":"2022-07-28 17:46:34","post_modified_gmt":"2022-07-28 15:46:34","post_content_filtered":"","post_parent":0,"guid":"http:\/\/dev.claret.cat\/editorial\/debolsillo\/","menu_order":0,"post_type":"editorial","post_mime_type":"","comment_count":"0","filter":"raw"}],"autores-libros":[{"ID":152798,"post_author":"3","post_date":"2022-10-14 14:51:40","post_date_gmt":"2022-10-14 12:51:40","post_content":"","post_title":"CHARLOTTE LINK","post_excerpt":"","post_status":"publish","comment_status":"closed","ping_status":"closed","post_password":"","post_name":"charlotte-link","to_ping":"","pinged":"","post_modified":"2022-10-14 14:51:40","post_modified_gmt":"2022-10-14 12:51:40","post_content_filtered":"","post_parent":0,"guid":"http:\/\/dev.claret.cat\/autor\/charlotte-link\/","menu_order":0,"post_type":"autor","post_mime_type":"","comment_count":"0","filter":"raw"}]},"aioseo_notices":[],"_links":{"self":[{"href":"https:\/\/www.claret.cat\/es\/wp-json\/wp\/v2\/product\/226856","targetHints":{"allow":["GET"]}}],"collection":[{"href":"https:\/\/www.claret.cat\/es\/wp-json\/wp\/v2\/product"}],"about":[{"href":"https:\/\/www.claret.cat\/es\/wp-json\/wp\/v2\/types\/product"}],"wp:featuredmedia":[{"embeddable":true,"href":"https:\/\/www.claret.cat\/es\/wp-json\/wp\/v2\/media\/226857"}],"wp:attachment":[{"href":"https:\/\/www.claret.cat\/es\/wp-json\/wp\/v2\/media?parent=226856"}],"wp:term":[{"taxonomy":"product_brand","embeddable":true,"href":"https:\/\/www.claret.cat\/es\/wp-json\/wp\/v2\/product_brand?post=226856"},{"taxonomy":"product_cat","embeddable":true,"href":"https:\/\/www.claret.cat\/es\/wp-json\/wp\/v2\/product_cat?post=226856"},{"taxonomy":"product_tag","embeddable":true,"href":"https:\/\/www.claret.cat\/es\/wp-json\/wp\/v2\/product_tag?post=226856"}],"curies":[{"name":"wp","href":"https:\/\/api.w.org\/{rel}","templated":true}]}}