{"id":22693,"date":"2022-10-02T09:52:37","date_gmt":"2022-10-02T07:52:37","guid":{"rendered":"http:\/\/dev.claret.cat\/producte\/rutes-per-descobrir-barcelona\/"},"modified":"2023-10-06T09:53:37","modified_gmt":"2023-10-06T07:53:37","slug":"rutes-per-descobrir-barcelona","status":"publish","type":"product","link":"https:\/\/www.claret.cat\/es\/libro\/rutes-per-descobrir-barcelona\/","title":{"rendered":"RUTES PER DESCOBRIR BARCELONA"},"content":{"rendered":"<p>Del Bes\u00f2s al Llobregat, de Collserola a la platja del Bogatell, aquest llibre ens mostra una s\u00e8rie de rutes -hist\u00f2riques, liter\u00e0ries, gastron\u00f2miques o art\u00edstiques- que ens ajudaran a redescobrir la ciutat i el seu valu\u00f3s patrimoni cultural. Es tracta d\u2019una s\u00e8rie de passejades per la capital catalana on l\u2019autora ens mostra autentiques troballes que en ocasions passen desapercebudes al vianant per\u00f2 que fan que Barcelona continu\u00ef tan viva i seductora com mai.<\/p>\n<p>Ruta dels vermutillos pel Poble-sec i Sant Antoni.<br \/>Ruta 1714, la de la ciutat assetjada.<br \/>La ruta de la Barcelona jueva.<br \/>La veritable hist\u00f2ria del Poblenou.<br \/>La ruta de la ciutat ma\u00e7\u00f2nica.<br \/>Sarri\u00e0, entre dues rieres.<br \/>Els camins dels esclaus.<br \/>Un carrer molt senyor: la Gran Via.<br \/>De la pla\u00e7a del Rei al palau de la Generalitat: un recorregut pel G\u00f2tic.<br \/>I moltes altres rutes que trobar\u00e0s en aquest llibre. Recorreguts apassionants i sorprenents per la Barcelona curiosa que no trobar\u00e0s a les guies tur\u00edstiques.<\/p>\n<p>\u00abUna lectura pausada que ens obre les portes a triar el nostre propi itinerari.<\/p>\n","protected":false},"excerpt":{"rendered":"<p>M\u00daRIA MIRET<\/p>\n","protected":false},"featured_media":57181,"template":"","meta":{"_acf_changed":false,"om_disable_all_campaigns":false,"rs_blank_template":"","rs_page_bg_color":"","slide_template_v7":"","inline_featured_image":false,"_monsterinsights_skip_tracking":false,"_monsterinsights_sitenote_active":false,"_monsterinsights_sitenote_note":"","_monsterinsights_sitenote_category":0},"product_brand":[],"product_cat":[153],"product_tag":[],"class_list":{"0":"post-22693","1":"product","2":"type-product","3":"status-publish","4":"has-post-thumbnail","6":"product_cat-catalunya","8":"first","9":"instock","10":"taxable","11":"shipping-taxable","12":"purchasable","13":"product-type-simple"},"acf":{"autor":"M\u00daRIA MIRET","codart":"841241494","libros-coleccion":"","ediciones":"1","encuadernacion":"R\u00fastica","fecha_de_publicacion":"21\/03\/2022","novedad":"1","paginas":"285","subtitulo":"","orden":"0","portada":"0","idioma":"cat","editorial":[{"ID":147455,"post_author":"3","post_date":"2022-10-14 11:50:43","post_date_gmt":"2022-10-14 09:50:43","post_content":"","post_title":"ARCA EDITORIAL, S.L.","post_excerpt":"","post_status":"publish","comment_status":"closed","ping_status":"closed","post_password":"","post_name":"arca-editorial-s-l","to_ping":"","pinged":"","post_modified":"2022-10-14 11:50:43","post_modified_gmt":"2022-10-14 09:50:43","post_content_filtered":"","post_parent":0,"guid":"http:\/\/dev.claret.cat\/editorial\/arca-editorial-s-l\/","menu_order":0,"post_type":"editorial","post_mime_type":"","comment_count":"0","filter":"raw"}],"autores-libros":[{"ID":165501,"post_author":"3","post_date":"2022-10-14 17:55:41","post_date_gmt":"2022-10-14 15:55:41","post_content":"","post_title":"M\u00daRIA MIRET","post_excerpt":"","post_status":"publish","comment_status":"closed","ping_status":"closed","post_password":"","post_name":"muria-miret","to_ping":"","pinged":"","post_modified":"2022-10-14 17:55:41","post_modified_gmt":"2022-10-14 15:55:41","post_content_filtered":"","post_parent":0,"guid":"http:\/\/dev.claret.cat\/autor\/muria-miret\/","menu_order":0,"post_type":"autor","post_mime_type":"","comment_count":"0","filter":"raw"}]},"aioseo_notices":[],"_links":{"self":[{"href":"https:\/\/www.claret.cat\/es\/wp-json\/wp\/v2\/product\/22693","targetHints":{"allow":["GET"]}}],"collection":[{"href":"https:\/\/www.claret.cat\/es\/wp-json\/wp\/v2\/product"}],"about":[{"href":"https:\/\/www.claret.cat\/es\/wp-json\/wp\/v2\/types\/product"}],"wp:featuredmedia":[{"embeddable":true,"href":"https:\/\/www.claret.cat\/es\/wp-json\/wp\/v2\/media\/57181"}],"wp:attachment":[{"href":"https:\/\/www.claret.cat\/es\/wp-json\/wp\/v2\/media?parent=22693"}],"wp:term":[{"taxonomy":"product_brand","embeddable":true,"href":"https:\/\/www.claret.cat\/es\/wp-json\/wp\/v2\/product_brand?post=22693"},{"taxonomy":"product_cat","embeddable":true,"href":"https:\/\/www.claret.cat\/es\/wp-json\/wp\/v2\/product_cat?post=22693"},{"taxonomy":"product_tag","embeddable":true,"href":"https:\/\/www.claret.cat\/es\/wp-json\/wp\/v2\/product_tag?post=22693"}],"curies":[{"name":"wp","href":"https:\/\/api.w.org\/{rel}","templated":true}]}}