{"id":226982,"date":"2022-10-20T18:02:11","date_gmt":"2022-10-20T16:02:11","guid":{"rendered":"http:\/\/dev.claret.cat\/producte\/tirant-lo-blanc-6\/"},"modified":"2024-01-31T17:48:46","modified_gmt":"2024-01-31T16:48:46","slug":"tirant-lo-blanc-9788499309835","status":"publish","type":"product","link":"https:\/\/www.claret.cat\/es\/libro\/tirant-lo-blanc-9788499309835\/","title":{"rendered":"TIRANT LO BLANC"},"content":{"rendered":"<p>Tirant lo Blanc \u00e9s una novel\u00b7la cavalleresca, o d&#8217;aventures, en la qual trobem brillants narracions,<br \/>passatges doctrinals i reflexius, per\u00f2 tamb\u00e9 episodis divertits, carregats d&#8217;ironia intel\u00b7ligent i de jove<br \/> sensualitat. <br \/>La present edici\u00f3 reprodueix el text fixat per Mart\u00ed de Riquer, revisat per a aquesta nova\u00a0edici\u00f3 a la butxaca, i precedit per un pr\u00f2leg de Joan F. Mira.<\/p>\n","protected":false},"excerpt":{"rendered":"<p>MARTORELL, JOANOT<\/p>\n","protected":false},"featured_media":226983,"template":"","meta":{"_acf_changed":false,"om_disable_all_campaigns":false,"rs_blank_template":"","rs_page_bg_color":"","slide_template_v7":"","inline_featured_image":false,"_monsterinsights_skip_tracking":false,"_monsterinsights_sitenote_active":false,"_monsterinsights_sitenote_note":"","_monsterinsights_sitenote_category":0},"product_brand":[],"product_cat":[353,87],"product_tag":[],"class_list":{"0":"post-226982","1":"product","2":"type-product","3":"status-publish","4":"has-post-thumbnail","6":"product_cat-literatura-2_humanidades","7":"product_cat-literatura","9":"first","10":"instock","11":"taxable","12":"shipping-taxable","13":"purchasable","14":"product-type-simple"},"acf":{"autor":"MARTORELL, JOANOT","codart":"849930983","libros-coleccion":"","ediciones":"1","encuadernacion":"Carton\u00e9","fecha_de_publicacion":"01\/10\/2016","novedad":"0","paginas":"1046","subtitulo":"PR\u00d2LEG DE JOAN F. MIRA. EDICI\u00d3 A CURA DE MART\u00cd DE RIQUER","orden":"999","portada":"0","idioma":"cat","editorial":[{"ID":6281,"post_author":"3","post_date":"2022-07-28 17:48:50","post_date_gmt":"2022-07-28 15:48:50","post_content":"","post_title":"LABUTXACA","post_excerpt":"","post_status":"publish","comment_status":"closed","ping_status":"closed","post_password":"","post_name":"labutxaca","to_ping":"","pinged":"","post_modified":"2022-07-28 17:48:50","post_modified_gmt":"2022-07-28 15:48:50","post_content_filtered":"","post_parent":0,"guid":"http:\/\/dev.claret.cat\/editorial\/labutxaca\/","menu_order":0,"post_type":"editorial","post_mime_type":"","comment_count":"0","filter":"raw"}],"autores-libros":[{"ID":159487,"post_author":"3","post_date":"2022-10-14 15:45:14","post_date_gmt":"2022-10-14 13:45:14","post_content":"","post_title":"JOANOT MARTORELL","post_excerpt":"","post_status":"publish","comment_status":"closed","ping_status":"closed","post_password":"","post_name":"joanot-martorell","to_ping":"","pinged":"","post_modified":"2022-10-14 15:45:14","post_modified_gmt":"2022-10-14 13:45:14","post_content_filtered":"","post_parent":0,"guid":"http:\/\/dev.claret.cat\/autor\/joanot-martorell\/","menu_order":0,"post_type":"autor","post_mime_type":"","comment_count":"0","filter":"raw"}]},"aioseo_notices":[],"_links":{"self":[{"href":"https:\/\/www.claret.cat\/es\/wp-json\/wp\/v2\/product\/226982","targetHints":{"allow":["GET"]}}],"collection":[{"href":"https:\/\/www.claret.cat\/es\/wp-json\/wp\/v2\/product"}],"about":[{"href":"https:\/\/www.claret.cat\/es\/wp-json\/wp\/v2\/types\/product"}],"wp:featuredmedia":[{"embeddable":true,"href":"https:\/\/www.claret.cat\/es\/wp-json\/wp\/v2\/media\/226983"}],"wp:attachment":[{"href":"https:\/\/www.claret.cat\/es\/wp-json\/wp\/v2\/media?parent=226982"}],"wp:term":[{"taxonomy":"product_brand","embeddable":true,"href":"https:\/\/www.claret.cat\/es\/wp-json\/wp\/v2\/product_brand?post=226982"},{"taxonomy":"product_cat","embeddable":true,"href":"https:\/\/www.claret.cat\/es\/wp-json\/wp\/v2\/product_cat?post=226982"},{"taxonomy":"product_tag","embeddable":true,"href":"https:\/\/www.claret.cat\/es\/wp-json\/wp\/v2\/product_tag?post=226982"}],"curies":[{"name":"wp","href":"https:\/\/api.w.org\/{rel}","templated":true}]}}