{"id":226997,"date":"2022-10-20T18:03:18","date_gmt":"2022-10-20T16:03:18","guid":{"rendered":"http:\/\/dev.claret.cat\/producte\/tinto-de-verano-2\/"},"modified":"2023-01-28T17:31:08","modified_gmt":"2023-01-28T16:31:08","slug":"tinto-de-verano-9788416167609","status":"publish","type":"product","link":"https:\/\/www.claret.cat\/es\/libro\/tinto-de-verano-9788416167609\/","title":{"rendered":"TINTO DE VERANO"},"content":{"rendered":"<p>Durante los meses de agosto de 2000 a 2004, Elvira Lindo escribi\u00f3 en El<br \/> Pa\u00eds la columna diaria &#8216;Tinto de verano&#8217;, donde describ\u00eda su vida junto a<br \/> sus hijos y su esposo Antonio Mu\u00f1oz Molina con grandes dosis de humor y<br \/> autoan\u00e1lisis. En palabras de la propia autora, &#8216;la sencillez es algo que cuesta<br \/> mucho esfuerzo, aunque aqu\u00ed se valore muy poco lo ligero y se tienda m\u00e1s<br \/> a la espesura&#8217;. Cr\u00f3nica familiar y social disparatada, la serie constituy\u00f3 un<br \/> fresco de la actualidad y los personajes del primer lustro del siglo xxi, y a<br \/> d\u00eda de hoy puede considerarse ya un aut\u00e9ntico cl\u00e1sico del humor espa\u00f1ol<br \/> por su osad\u00eda y su calado. La presente edici\u00f3n de Tinto de verano recoge las<br \/> cinco temporadas completas de la serie, de las que solo tres fueron recogidas<br \/> en libro, en un \u00fanico volumen integral.<\/p>\n","protected":false},"excerpt":{"rendered":"<p>LINDO GARRIDO, ELVIRA<\/p>\n","protected":false},"featured_media":277922,"template":"","meta":{"_acf_changed":false,"om_disable_all_campaigns":false,"rs_blank_template":"","rs_page_bg_color":"","slide_template_v7":"","inline_featured_image":false,"_monsterinsights_skip_tracking":false,"_monsterinsights_sitenote_active":false,"_monsterinsights_sitenote_note":"","_monsterinsights_sitenote_category":0},"product_brand":[],"product_cat":[90,540],"product_tag":[],"class_list":{"0":"post-226997","1":"product","2":"type-product","3":"status-publish","4":"has-post-thumbnail","6":"product_cat-altres","7":"product_cat-otros","9":"first","10":"instock","11":"taxable","12":"shipping-taxable","13":"purchasable","14":"product-type-simple"},"acf":{"autor":"LINDO GARRIDO, ELVIRA","codart":"841616760","libros-coleccion":"","ediciones":"1","encuadernacion":"Carton\u00e9","fecha_de_publicacion":"01\/10\/2016","novedad":"1","paginas":"261","subtitulo":"","orden":"0","portada":"0","idioma":"spa","editorial":[{"ID":148163,"post_author":"3","post_date":"2022-10-14 11:56:07","post_date_gmt":"2022-10-14 09:56:07","post_content":"","post_title":"FULGENCIO PIMENTEL","post_excerpt":"","post_status":"publish","comment_status":"closed","ping_status":"closed","post_password":"","post_name":"fulgencio-pimentel","to_ping":"","pinged":"","post_modified":"2022-10-14 11:56:07","post_modified_gmt":"2022-10-14 09:56:07","post_content_filtered":"","post_parent":0,"guid":"http:\/\/dev.claret.cat\/editorial\/fulgencio-pimentel\/","menu_order":0,"post_type":"editorial","post_mime_type":"","comment_count":"0","filter":"raw"}],"autores-libros":[{"ID":277921,"post_author":"3","post_date":"2022-12-09 08:45:59","post_date_gmt":"2022-12-09 07:45:59","post_content":"","post_title":"ELVIRA LINDO GARRIDO","post_excerpt":"","post_status":"publish","comment_status":"closed","ping_status":"closed","post_password":"","post_name":"elvira-lindo-garrido","to_ping":"","pinged":"","post_modified":"2022-12-09 08:45:59","post_modified_gmt":"2022-12-09 07:45:59","post_content_filtered":"","post_parent":0,"guid":"http:\/\/dev.claret.cat\/autor\/elvira-lindo-garrido\/","menu_order":0,"post_type":"autor","post_mime_type":"","comment_count":"0","filter":"raw"}]},"aioseo_notices":[],"_links":{"self":[{"href":"https:\/\/www.claret.cat\/es\/wp-json\/wp\/v2\/product\/226997","targetHints":{"allow":["GET"]}}],"collection":[{"href":"https:\/\/www.claret.cat\/es\/wp-json\/wp\/v2\/product"}],"about":[{"href":"https:\/\/www.claret.cat\/es\/wp-json\/wp\/v2\/types\/product"}],"wp:featuredmedia":[{"embeddable":true,"href":"https:\/\/www.claret.cat\/es\/wp-json\/wp\/v2\/media\/277922"}],"wp:attachment":[{"href":"https:\/\/www.claret.cat\/es\/wp-json\/wp\/v2\/media?parent=226997"}],"wp:term":[{"taxonomy":"product_brand","embeddable":true,"href":"https:\/\/www.claret.cat\/es\/wp-json\/wp\/v2\/product_brand?post=226997"},{"taxonomy":"product_cat","embeddable":true,"href":"https:\/\/www.claret.cat\/es\/wp-json\/wp\/v2\/product_cat?post=226997"},{"taxonomy":"product_tag","embeddable":true,"href":"https:\/\/www.claret.cat\/es\/wp-json\/wp\/v2\/product_tag?post=226997"}],"curies":[{"name":"wp","href":"https:\/\/api.w.org\/{rel}","templated":true}]}}