{"id":227333,"date":"2022-10-20T18:11:21","date_gmt":"2022-10-20T16:11:21","guid":{"rendered":"http:\/\/dev.claret.cat\/producte\/el-bosque-no-deja-ver-los-arboles\/"},"modified":"2023-01-28T15:45:09","modified_gmt":"2023-01-28T14:45:09","slug":"el-bosque-no-deja-ver-los-arboles-9788416820467","status":"publish","type":"product","link":"https:\/\/www.claret.cat\/es\/libro\/el-bosque-no-deja-ver-los-arboles-9788416820467\/","title":{"rendered":"EL BOSQUE NO DEJA VER LOS \u00c1RBOLES"},"content":{"rendered":"<p>20 de abril de 2015. Un alumno de 13 a\u00f1os, afectado por una enfermedad mental, entr\u00f3 armado en su instituto de Barcelona.<br \/> El resultado: un profesor falleci\u00f3 y dos profesoras y dos alumnos fueron heridos. \u00bfPor qu\u00e9 se produjo esta tragedia? \u00bfQu\u00e9 pas\u00f3 despu\u00e9s? \u00bfQu\u00e9 podemos aprender del suceso?<\/p>\n<p>Este libro es el testimonio de David Jurado Fern\u00e1ndez, el profesor que logr\u00f3 que el alumno agresor volviera en s\u00ed, depusiera las armas y abandonara sus pretensiones. Es tambi\u00e9n un homenaje a los 440 alumnos que vivieron los hechos y c\u00f3mo afrontaron una situaci\u00f3n para la que nadie los prepar\u00f3.<\/p>\n<p>En cada p\u00e1gina el autor expone una sucesi\u00f3n de reflexiones personales que empezaron a perfilarse tras aquel 20 de abril y que solo afloraron durante su aislamiento en la Patagonia Sur y Rapa Nui. Ofrece tambi\u00e9n un profundo an\u00e1lisis cr\u00edtico del sistema educativo, sus carencias y sus necesidades. Con la colaboraci\u00f3n<br \/> de numerosas familias y varios profesores del centro que vivieron la tragedia, David Jurado Fern\u00e1ndez brinda, en definitiva, un modelo para entender la educaci\u00f3n y la vida, basado en la esperanza, la superaci\u00f3n y la solidaridad.<\/p>\n","protected":false},"excerpt":{"rendered":"<p>JURADO FER\u00c1NDEZ, DAVID<\/p>\n","protected":false},"featured_media":227334,"template":"","meta":{"_acf_changed":false,"om_disable_all_campaigns":false,"rs_blank_template":"","rs_page_bg_color":"","slide_template_v7":"","inline_featured_image":false,"_monsterinsights_skip_tracking":false,"_monsterinsights_sitenote_active":false,"_monsterinsights_sitenote_note":"","_monsterinsights_sitenote_category":0},"product_brand":[],"product_cat":[82],"product_tag":[],"class_list":{"0":"post-227333","1":"product","2":"type-product","3":"status-publish","4":"has-post-thumbnail","6":"product_cat-pedagogia","8":"first","9":"instock","10":"taxable","11":"shipping-taxable","12":"purchasable","13":"product-type-simple"},"acf":{"autor":"JURADO FER\u00c1NDEZ, DAVID","codart":"841682046","libros-coleccion":"Ficci\u00f3n","ediciones":"1","encuadernacion":"R\u00fastica","fecha_de_publicacion":"01\/10\/2016","novedad":"1","paginas":"160","subtitulo":"","orden":"0","portada":"0","idioma":"spa","editorial":[{"ID":6331,"post_author":"3","post_date":"2022-07-28 17:49:53","post_date_gmt":"2022-07-28 15:49:53","post_content":"","post_title":"PLATAFORMA EDITORIAL","post_excerpt":"","post_status":"publish","comment_status":"closed","ping_status":"closed","post_password":"","post_name":"plataforma-editorial","to_ping":"","pinged":"","post_modified":"2022-07-28 17:49:53","post_modified_gmt":"2022-07-28 15:49:53","post_content_filtered":"","post_parent":0,"guid":"http:\/\/dev.claret.cat\/editorial\/plataforma-editorial\/","menu_order":0,"post_type":"editorial","post_mime_type":"","comment_count":"0","filter":"raw"}]},"aioseo_notices":[],"_links":{"self":[{"href":"https:\/\/www.claret.cat\/es\/wp-json\/wp\/v2\/product\/227333","targetHints":{"allow":["GET"]}}],"collection":[{"href":"https:\/\/www.claret.cat\/es\/wp-json\/wp\/v2\/product"}],"about":[{"href":"https:\/\/www.claret.cat\/es\/wp-json\/wp\/v2\/types\/product"}],"wp:featuredmedia":[{"embeddable":true,"href":"https:\/\/www.claret.cat\/es\/wp-json\/wp\/v2\/media\/227334"}],"wp:attachment":[{"href":"https:\/\/www.claret.cat\/es\/wp-json\/wp\/v2\/media?parent=227333"}],"wp:term":[{"taxonomy":"product_brand","embeddable":true,"href":"https:\/\/www.claret.cat\/es\/wp-json\/wp\/v2\/product_brand?post=227333"},{"taxonomy":"product_cat","embeddable":true,"href":"https:\/\/www.claret.cat\/es\/wp-json\/wp\/v2\/product_cat?post=227333"},{"taxonomy":"product_tag","embeddable":true,"href":"https:\/\/www.claret.cat\/es\/wp-json\/wp\/v2\/product_tag?post=227333"}],"curies":[{"name":"wp","href":"https:\/\/api.w.org\/{rel}","templated":true}]}}