{"id":227366,"date":"2022-10-20T18:12:08","date_gmt":"2022-10-20T16:12:08","guid":{"rendered":"http:\/\/dev.claret.cat\/producte\/el-jorobado-de-notre-dame-2\/"},"modified":"2024-05-22T14:10:37","modified_gmt":"2024-05-22T12:10:37","slug":"el-jorobado-de-notre-dame-9789500399920","status":"publish","type":"product","link":"https:\/\/www.claret.cat\/es\/libro\/el-jorobado-de-notre-dame-9789500399920\/","title":{"rendered":"EL JOROBADO DE NOTRE &#8211; DAME"},"content":{"rendered":"<p>V\u00edctor Hugo public\u00f3 El jorobado de Notre &#8211; Dame en marzo de 1831 en dos vol\u00famenes.  Es la obra m\u00e1s representativa de la gran narrativa rom\u00e1ntica, verdadero &#8216;relato g\u00f3tico&#8217; en que revive una Edad Media pintoresca y fascinante, de clima intenso. Son sus personajes principalesla gitana Esmeralda y el deforme campanero Quasimodo, pero la verdadera protagonista de la novela es la catedral de Nuestra Se\u00f1ora de Par\u00eds, con sus monumentales g\u00e1rgolas que vigilan desde los rincones, sus masas de sombras entre las torcidas columnatas de los ventanales y sus torres erguidas con la plaza a sus pies.<\/p>\n","protected":false},"excerpt":{"rendered":"<p>HUGO, VICTOR<\/p>\n","protected":false},"featured_media":369998,"template":"","meta":{"_acf_changed":false,"om_disable_all_campaigns":false,"rs_blank_template":"","rs_page_bg_color":"","slide_template_v7":"","inline_featured_image":false,"_monsterinsights_skip_tracking":false,"_monsterinsights_sitenote_active":false,"_monsterinsights_sitenote_note":"","_monsterinsights_sitenote_category":0},"product_brand":[],"product_cat":[90,540],"product_tag":[],"class_list":{"0":"post-227366","1":"product","2":"type-product","3":"status-publish","4":"has-post-thumbnail","6":"product_cat-altres","7":"product_cat-otros","9":"first","10":"instock","11":"taxable","12":"shipping-taxable","13":"purchasable","14":"product-type-simple"},"acf":{"autor":"HUGO, VICTOR","codart":"950039992","libros-coleccion":"","ediciones":"1","encuadernacion":"R\u00fastica","fecha_de_publicacion":"29\/09\/2016","novedad":"0","paginas":"416","subtitulo":"NUESTRA SE\u00d1ORA DE PAR\u00cdS","orden":"999","portada":"0","idioma":"spa","editorial":[{"ID":148001,"post_author":"3","post_date":"2022-10-14 11:54:52","post_date_gmt":"2022-10-14 09:54:52","post_content":"","post_title":"EDITORIAL LOSADA","post_excerpt":"","post_status":"publish","comment_status":"closed","ping_status":"closed","post_password":"","post_name":"editorial-losada","to_ping":"","pinged":"","post_modified":"2022-10-14 11:54:52","post_modified_gmt":"2022-10-14 09:54:52","post_content_filtered":"","post_parent":0,"guid":"http:\/\/dev.claret.cat\/editorial\/editorial-losada\/","menu_order":0,"post_type":"editorial","post_mime_type":"","comment_count":"0","filter":"raw"}],"autores-libros":[{"ID":171016,"post_author":"3","post_date":"2022-10-14 22:40:00","post_date_gmt":"2022-10-14 20:40:00","post_content":"","post_title":"VICTOR HUGO","post_excerpt":"","post_status":"publish","comment_status":"closed","ping_status":"closed","post_password":"","post_name":"victor-hugo-2","to_ping":"","pinged":"","post_modified":"2022-10-14 22:40:00","post_modified_gmt":"2022-10-14 20:40:00","post_content_filtered":"","post_parent":0,"guid":"http:\/\/dev.claret.cat\/autor\/victor-hugo-2\/","menu_order":0,"post_type":"autor","post_mime_type":"","comment_count":"0","filter":"raw"}]},"aioseo_notices":[],"_links":{"self":[{"href":"https:\/\/www.claret.cat\/es\/wp-json\/wp\/v2\/product\/227366","targetHints":{"allow":["GET"]}}],"collection":[{"href":"https:\/\/www.claret.cat\/es\/wp-json\/wp\/v2\/product"}],"about":[{"href":"https:\/\/www.claret.cat\/es\/wp-json\/wp\/v2\/types\/product"}],"wp:featuredmedia":[{"embeddable":true,"href":"https:\/\/www.claret.cat\/es\/wp-json\/wp\/v2\/media\/369998"}],"wp:attachment":[{"href":"https:\/\/www.claret.cat\/es\/wp-json\/wp\/v2\/media?parent=227366"}],"wp:term":[{"taxonomy":"product_brand","embeddable":true,"href":"https:\/\/www.claret.cat\/es\/wp-json\/wp\/v2\/product_brand?post=227366"},{"taxonomy":"product_cat","embeddable":true,"href":"https:\/\/www.claret.cat\/es\/wp-json\/wp\/v2\/product_cat?post=227366"},{"taxonomy":"product_tag","embeddable":true,"href":"https:\/\/www.claret.cat\/es\/wp-json\/wp\/v2\/product_tag?post=227366"}],"curies":[{"name":"wp","href":"https:\/\/api.w.org\/{rel}","templated":true}]}}