{"id":227669,"date":"2022-10-20T18:19:10","date_gmt":"2022-10-20T16:19:10","guid":{"rendered":"http:\/\/dev.claret.cat\/producte\/menudas-historias-de-la-historia\/"},"modified":"2023-01-28T11:20:46","modified_gmt":"2023-01-28T10:20:46","slug":"menudas-historias-de-la-historia-9788490606742","status":"publish","type":"product","link":"https:\/\/www.claret.cat\/es\/libro\/menudas-historias-de-la-historia-9788490606742\/","title":{"rendered":"MENUDAS HISTORIAS DE LA HISTORIA"},"content":{"rendered":"<p>\u00bfC\u00f3mo es posible que Adolf Hitler fuera candidato al Premio Nobel de la Paz? \u00bfQu\u00e9 hac\u00eda B\u00fafalo Bill d\u00e1ndose un garbeo con los sioux por las Ramblas de Barcelona? \u00bfEra el marqu\u00e9s de Sade, padre del sadomasoquismo, un hombre sensible? \u00bfCu\u00e1ntas personas escucharon realmente la famosa locuci\u00f3n radiof\u00f3nica de La guerra de los mundos de Orson Welles?<\/p>\n<p> La historia universal es sin duda el mejor anecdotario que existe. El devenir de la humanidad es un continuo de desprop\u00f3sitos, coincidencias, exageraciones, curiosidades y difamaciones. Nieves Concostrina -que ya nos deleit\u00f3 con las \u00abandanzas\u00bb m\u00e1s divertidas de los muertos en Polvo eres- nos conduce con mucho humor en un sorprendente viaje por algunos de los hechos m\u00e1s curiosos que han moldeado nuestra historia.<\/p>\n","protected":false},"excerpt":{"rendered":"<p>CONCOSTRINA, NIEVES<\/p>\n","protected":false},"featured_media":227670,"template":"","meta":{"_acf_changed":false,"om_disable_all_campaigns":false,"rs_blank_template":"","rs_page_bg_color":"","slide_template_v7":"","inline_featured_image":false,"_monsterinsights_skip_tracking":false,"_monsterinsights_sitenote_active":false,"_monsterinsights_sitenote_note":"","_monsterinsights_sitenote_category":0},"product_brand":[],"product_cat":[85],"product_tag":[],"class_list":{"0":"post-227669","1":"product","2":"type-product","3":"status-publish","4":"has-post-thumbnail","6":"product_cat-historia","8":"first","9":"instock","10":"taxable","11":"shipping-taxable","12":"purchasable","13":"product-type-simple"},"acf":{"autor":"CONCOSTRINA, NIEVES","codart":"849060674","libros-coleccion":"","ediciones":"1","encuadernacion":"Carton\u00e9","fecha_de_publicacion":"01\/09\/2016","novedad":"0","paginas":"454","subtitulo":"AN\u00c9CDOTAS, DESPROP\u00d3SITOS, ALGARADAS Y MAMARRACHADAS DE LA HUMANIDAD","orden":"999","portada":"0","idioma":"spa","editorial":[{"ID":6277,"post_author":"3","post_date":"2022-07-28 17:48:44","post_date_gmt":"2022-07-28 15:48:44","post_content":"","post_title":"LA ESFERA DE LOS LIBROS","post_excerpt":"","post_status":"publish","comment_status":"closed","ping_status":"closed","post_password":"","post_name":"la-esfera-de-los-libros","to_ping":"","pinged":"","post_modified":"2022-07-28 17:48:44","post_modified_gmt":"2022-07-28 15:48:44","post_content_filtered":"","post_parent":0,"guid":"http:\/\/dev.claret.cat\/editorial\/la-esfera-de-los-libros\/","menu_order":0,"post_type":"editorial","post_mime_type":"","comment_count":"0","filter":"raw"}],"autores-libros":[{"ID":165859,"post_author":"3","post_date":"2022-10-14 17:58:30","post_date_gmt":"2022-10-14 15:58:30","post_content":"","post_title":"NIEVES CONCOSTRINA","post_excerpt":"","post_status":"publish","comment_status":"closed","ping_status":"closed","post_password":"","post_name":"nieves-concostrina","to_ping":"","pinged":"","post_modified":"2022-10-14 17:58:30","post_modified_gmt":"2022-10-14 15:58:30","post_content_filtered":"","post_parent":0,"guid":"http:\/\/dev.claret.cat\/autor\/nieves-concostrina\/","menu_order":0,"post_type":"autor","post_mime_type":"","comment_count":"0","filter":"raw"}]},"aioseo_notices":[],"_links":{"self":[{"href":"https:\/\/www.claret.cat\/es\/wp-json\/wp\/v2\/product\/227669","targetHints":{"allow":["GET"]}}],"collection":[{"href":"https:\/\/www.claret.cat\/es\/wp-json\/wp\/v2\/product"}],"about":[{"href":"https:\/\/www.claret.cat\/es\/wp-json\/wp\/v2\/types\/product"}],"wp:featuredmedia":[{"embeddable":true,"href":"https:\/\/www.claret.cat\/es\/wp-json\/wp\/v2\/media\/227670"}],"wp:attachment":[{"href":"https:\/\/www.claret.cat\/es\/wp-json\/wp\/v2\/media?parent=227669"}],"wp:term":[{"taxonomy":"product_brand","embeddable":true,"href":"https:\/\/www.claret.cat\/es\/wp-json\/wp\/v2\/product_brand?post=227669"},{"taxonomy":"product_cat","embeddable":true,"href":"https:\/\/www.claret.cat\/es\/wp-json\/wp\/v2\/product_cat?post=227669"},{"taxonomy":"product_tag","embeddable":true,"href":"https:\/\/www.claret.cat\/es\/wp-json\/wp\/v2\/product_tag?post=227669"}],"curies":[{"name":"wp","href":"https:\/\/api.w.org\/{rel}","templated":true}]}}