{"id":227696,"date":"2022-10-20T18:19:47","date_gmt":"2022-10-20T16:19:47","guid":{"rendered":"http:\/\/dev.claret.cat\/producte\/mi-dieta-cojea\/"},"modified":"2023-01-28T08:13:17","modified_gmt":"2023-01-28T07:13:17","slug":"mi-dieta-cojea-9788449332456","status":"publish","type":"product","link":"https:\/\/www.claret.cat\/es\/libro\/mi-dieta-cojea-9788449332456\/","title":{"rendered":"MI DIETA COJEA"},"content":{"rendered":"<p>Qui\u00e9n no ha o\u00eddo, y repetido, muchas veces frases como \u00abLa grasa engorda\u00bb, \u00abPara adelgazar debemos tomar menos calor\u00edas\u00bb, \u00abDesayunar es obligatorio para llevar una dieta saludable\u00bb o \u00abLos huevos suben el colesterol\u00bb.En\u00a0Mi dieta cojea, Aitor S\u00e1nchez desmonta muchos de los mitos relacionados con la alimentaci\u00f3n y nos explica qu\u00e9 verdades y mentiras se esconden detr\u00e1s de muchas creencias que suelen provenir de la falta de informaci\u00f3n rigurosa, la manipulaci\u00f3n de los mensajes publicitarios por parte de la industria alimentaria e incluso de los dogmas sociales.El principal objetivo es que el lector pueda desarrollar una conciencia cr\u00edtica y profundizar en el aprendizaje de los principales conceptos de lo que debe ser una alimentaci\u00f3n saludable.<\/p>\n","protected":false},"excerpt":{"rendered":"<p>S\u00c1NCHEZ GARC\u00cdA, AITOR<\/p>\n","protected":false},"featured_media":227697,"template":"","meta":{"_acf_changed":false,"om_disable_all_campaigns":false,"rs_blank_template":"","rs_page_bg_color":"","slide_template_v7":"","inline_featured_image":false,"_monsterinsights_skip_tracking":false,"_monsterinsights_sitenote_active":false,"_monsterinsights_sitenote_note":"","_monsterinsights_sitenote_category":0},"product_brand":[],"product_cat":[97],"product_tag":[],"class_list":{"0":"post-227696","1":"product","2":"type-product","3":"status-publish","4":"has-post-thumbnail","6":"product_cat-salut","8":"first","9":"instock","10":"taxable","11":"shipping-taxable","12":"purchasable","13":"product-type-simple"},"acf":{"autor":"S\u00c1NCHEZ GARC\u00cdA, AITOR","codart":"844933245","libros-coleccion":"","ediciones":"1","encuadernacion":"R\u00fastica","fecha_de_publicacion":"01\/09\/2016","novedad":"0","paginas":"234","subtitulo":"LOS MITOS SOBRE NUTRICI\u00d3N QUE TE HAN HECHO CREER","orden":"999","portada":"0","idioma":"spa","editorial":[{"ID":6206,"post_author":"3","post_date":"2022-07-28 17:47:08","post_date_gmt":"2022-07-28 15:47:08","post_content":"","post_title":"Ediciones Paid\u00f3s","post_excerpt":"","post_status":"publish","comment_status":"closed","ping_status":"closed","post_password":"","post_name":"ediciones-paidos","to_ping":"","pinged":"","post_modified":"2022-07-28 17:47:08","post_modified_gmt":"2022-07-28 15:47:08","post_content_filtered":"","post_parent":0,"guid":"http:\/\/dev.claret.cat\/editorial\/ediciones-paidos\/","menu_order":0,"post_type":"editorial","post_mime_type":"","comment_count":"0","filter":"raw"}],"autores-libros":[{"ID":149307,"post_author":"3","post_date":"2022-10-14 14:23:49","post_date_gmt":"2022-10-14 12:23:49","post_content":"","post_title":"AITOR S\u00c1NCHEZ GARC\u00cdA","post_excerpt":"","post_status":"publish","comment_status":"closed","ping_status":"closed","post_password":"","post_name":"aitor-sanchez-garcia","to_ping":"","pinged":"","post_modified":"2022-10-14 14:23:49","post_modified_gmt":"2022-10-14 12:23:49","post_content_filtered":"","post_parent":0,"guid":"http:\/\/dev.claret.cat\/autor\/aitor-sanchez-garcia\/","menu_order":0,"post_type":"autor","post_mime_type":"","comment_count":"0","filter":"raw"}]},"aioseo_notices":[],"_links":{"self":[{"href":"https:\/\/www.claret.cat\/es\/wp-json\/wp\/v2\/product\/227696","targetHints":{"allow":["GET"]}}],"collection":[{"href":"https:\/\/www.claret.cat\/es\/wp-json\/wp\/v2\/product"}],"about":[{"href":"https:\/\/www.claret.cat\/es\/wp-json\/wp\/v2\/types\/product"}],"wp:featuredmedia":[{"embeddable":true,"href":"https:\/\/www.claret.cat\/es\/wp-json\/wp\/v2\/media\/227697"}],"wp:attachment":[{"href":"https:\/\/www.claret.cat\/es\/wp-json\/wp\/v2\/media?parent=227696"}],"wp:term":[{"taxonomy":"product_brand","embeddable":true,"href":"https:\/\/www.claret.cat\/es\/wp-json\/wp\/v2\/product_brand?post=227696"},{"taxonomy":"product_cat","embeddable":true,"href":"https:\/\/www.claret.cat\/es\/wp-json\/wp\/v2\/product_cat?post=227696"},{"taxonomy":"product_tag","embeddable":true,"href":"https:\/\/www.claret.cat\/es\/wp-json\/wp\/v2\/product_tag?post=227696"}],"curies":[{"name":"wp","href":"https:\/\/api.w.org\/{rel}","templated":true}]}}