{"id":227798,"date":"2022-10-20T18:22:13","date_gmt":"2022-10-20T16:22:13","guid":{"rendered":"http:\/\/dev.claret.cat\/producte\/la-cuina-medieval-i-renaixentista\/"},"modified":"2025-02-01T01:22:09","modified_gmt":"2025-02-01T00:22:09","slug":"la-cuina-medieval-i-renaixentista-9788483309025","status":"publish","type":"product","link":"https:\/\/www.claret.cat\/es\/libro\/la-cuina-medieval-i-renaixentista-9788483309025\/","title":{"rendered":"LA CUINA MEDIEVAL I RENAIXENTISTA"},"content":{"rendered":"<p>L&#8221;autor ens ofereix un ampli receptari de cuina medieval i renaixentista, el m\u00e9s complet del mercat, precedit d&#8221;un recull de les t\u00e8cniques, els costums i la fusi\u00f3 de tradicions culin\u00e0ries de l&#8221;\u00e8poca.<br \/> Totes les receptes, de les m\u00e9s elementals a les m\u00e9s elaborades, s&#8221;expliquen pas a pas i se n&#8221;adapten els ingredients amb variants i alternatives.<\/p>\n","protected":false},"excerpt":{"rendered":"<p>F\u00c0BREGA I COLOM, JAUME<\/p>\n","protected":false},"featured_media":227799,"template":"","meta":{"_acf_changed":false,"om_disable_all_campaigns":false,"rs_blank_template":"","rs_page_bg_color":"","slide_template_v7":"","inline_featured_image":false,"_monsterinsights_skip_tracking":false,"_monsterinsights_sitenote_active":false,"_monsterinsights_sitenote_note":"","_monsterinsights_sitenote_category":0},"product_brand":[],"product_cat":[553,103],"product_tag":[],"class_list":{"0":"post-227798","1":"product","2":"type-product","3":"status-publish","4":"has-post-thumbnail","6":"product_cat-cocina","7":"product_cat-cuina","9":"first","10":"instock","11":"taxable","12":"shipping-taxable","13":"purchasable","14":"product-type-simple"},"acf":{"autor":"F\u00c0BREGA I COLOM, JAUME","codart":"848330902","libros-coleccion":"","ediciones":"1","encuadernacion":"R\u00fastica","fecha_de_publicacion":"01\/09\/2016","novedad":"0","paginas":"842","subtitulo":"MOROS, JUEUS I CRISTIANS","orden":"999","portada":"0","idioma":"cat","editorial":[{"ID":6392,"post_author":"3","post_date":"2022-07-28 17:51:10","post_date_gmt":"2022-07-28 15:51:10","post_content":"","post_title":"Viena","post_excerpt":"","post_status":"publish","comment_status":"closed","ping_status":"closed","post_password":"","post_name":"viena","to_ping":"","pinged":"","post_modified":"2022-07-28 17:51:10","post_modified_gmt":"2022-07-28 15:51:10","post_content_filtered":"","post_parent":0,"guid":"http:\/\/dev.claret.cat\/editorial\/viena\/","menu_order":0,"post_type":"editorial","post_mime_type":"","comment_count":"0","filter":"raw"}],"autores-libros":[{"ID":158585,"post_author":"3","post_date":"2022-10-14 15:38:01","post_date_gmt":"2022-10-14 13:38:01","post_content":"","post_title":"JAUME F\u00c0BREGA I COLOM","post_excerpt":"","post_status":"publish","comment_status":"closed","ping_status":"closed","post_password":"","post_name":"jaume-fabrega-i-colom","to_ping":"","pinged":"","post_modified":"2022-10-14 15:38:01","post_modified_gmt":"2022-10-14 13:38:01","post_content_filtered":"","post_parent":0,"guid":"http:\/\/dev.claret.cat\/autor\/jaume-fabrega-i-colom\/","menu_order":0,"post_type":"autor","post_mime_type":"","comment_count":"0","filter":"raw"}]},"aioseo_notices":[],"_links":{"self":[{"href":"https:\/\/www.claret.cat\/es\/wp-json\/wp\/v2\/product\/227798","targetHints":{"allow":["GET"]}}],"collection":[{"href":"https:\/\/www.claret.cat\/es\/wp-json\/wp\/v2\/product"}],"about":[{"href":"https:\/\/www.claret.cat\/es\/wp-json\/wp\/v2\/types\/product"}],"wp:featuredmedia":[{"embeddable":true,"href":"https:\/\/www.claret.cat\/es\/wp-json\/wp\/v2\/media\/227799"}],"wp:attachment":[{"href":"https:\/\/www.claret.cat\/es\/wp-json\/wp\/v2\/media?parent=227798"}],"wp:term":[{"taxonomy":"product_brand","embeddable":true,"href":"https:\/\/www.claret.cat\/es\/wp-json\/wp\/v2\/product_brand?post=227798"},{"taxonomy":"product_cat","embeddable":true,"href":"https:\/\/www.claret.cat\/es\/wp-json\/wp\/v2\/product_cat?post=227798"},{"taxonomy":"product_tag","embeddable":true,"href":"https:\/\/www.claret.cat\/es\/wp-json\/wp\/v2\/product_tag?post=227798"}],"curies":[{"name":"wp","href":"https:\/\/api.w.org\/{rel}","templated":true}]}}