{"id":22781,"date":"2022-10-02T09:53:46","date_gmt":"2022-10-02T07:53:46","guid":{"rendered":"http:\/\/dev.claret.cat\/producte\/vers-una-espiritualitat-dels-sentits\/"},"modified":"2025-09-22T11:45:42","modified_gmt":"2025-09-22T09:45:42","slug":"vers-una-espiritualitat-dels-sentits-9788415518280","status":"publish","type":"product","link":"https:\/\/www.claret.cat\/es\/libro\/vers-una-espiritualitat-dels-sentits-9788415518280\/","title":{"rendered":"VERS UNA ESPIRITUALITAT DELS SENTITS"},"content":{"rendered":"<p>El cos que som \u00e9s una gram\u00e0tica de D\u00e9u, n&#8217;\u00e9s la llengua materna. Per aix\u00f2, la m\u00edstica dels sentits o de l&#8217;instant \u00e9s una espiritualitat que considera els sentits com a cam\u00ed que guia i com a porta que ens obre a la trobada amb D\u00e9u.<br \/> El punt m\u00edstic d&#8217;intersecci\u00f3 de la hist\u00f2ria divina amb la hist\u00f2ria humana \u00e9s l&#8217;instant. No un instant idealitzat o abstracte, sin\u00f3 aquest instant concret. L&#8217;instant \u00e9s l&#8217;\u00fanic contacte entre les possibilitats infinites de l&#8217;amor div\u00ed i l&#8217;experi\u00e8ncia mutable i progressiva de l&#8217;hum\u00e0 en nosaltres. La m\u00edstica de l&#8217;instant ens reenvia, aix\u00ed, a l&#8217;interior d&#8217;una exist\u00e8ncia aut\u00e8ntica, ens ensenya a tornar-nos realment presents: a veure en cada fragment l&#8217;infinit, a sentir la remor de l&#8217;eternitat en cada so, a tocar l&#8217;impalpable amb els gestos m\u00e9s simples, a assaborir l&#8217;espl\u00e8ndid banquet del que \u00e9s frugal i esc\u00e0s, a embriagar-nos amb l&#8217;olor de la flor sempre nova de l&#8217;instant.<\/p>\n","protected":false},"excerpt":{"rendered":"<p>TOLENTINO MENDON\u00c7A, JOS\u00c9<\/p>\n","protected":false},"featured_media":326235,"template":"","meta":{"_acf_changed":false,"om_disable_all_campaigns":false,"rs_blank_template":"","rs_page_bg_color":"","slide_template_v7":"","inline_featured_image":false,"_monsterinsights_skip_tracking":false,"_monsterinsights_sitenote_active":false,"_monsterinsights_sitenote_note":"","_monsterinsights_sitenote_category":0},"product_brand":[],"product_cat":[90,540],"product_tag":[],"class_list":{"0":"post-22781","1":"product","2":"type-product","3":"status-publish","4":"has-post-thumbnail","6":"product_cat-altres","7":"product_cat-otros","9":"first","10":"instock","11":"taxable","12":"shipping-taxable","13":"purchasable","14":"product-type-simple"},"acf":{"autor":"TOLENTINO MENDON\u00c7A, JOS\u00c9","codart":"841551828","libros-coleccion":"","ediciones":"1","encuadernacion":"R\u00fastica","fecha_de_publicacion":"01\/05\/2016","novedad":"0","paginas":"63","subtitulo":"","orden":"0","portada":"0","idioma":"cat","editorial":[{"ID":6258,"post_author":"3","post_date":"2022-07-28 17:48:20","post_date_gmt":"2022-07-28 15:48:20","post_content":"","post_title":"FRAGMENTA EDITORIAL","post_excerpt":"","post_status":"publish","comment_status":"closed","ping_status":"closed","post_password":"","post_name":"fragmenta-editorial","to_ping":"","pinged":"","post_modified":"2022-07-28 17:48:20","post_modified_gmt":"2022-07-28 15:48:20","post_content_filtered":"","post_parent":0,"guid":"http:\/\/dev.claret.cat\/editorial\/fragmenta-editorial\/","menu_order":0,"post_type":"editorial","post_mime_type":"","comment_count":"0","filter":"raw"}],"autores-libros":[{"ID":5651,"post_author":"3","post_date":"2022-07-28 17:28:33","post_date_gmt":"2022-07-28 15:28:33","post_content":"","post_title":"JOS\u00c9 TOLENTINO MENDON\u00c7A","post_excerpt":"","post_status":"publish","comment_status":"closed","ping_status":"closed","post_password":"","post_name":"jose-tolentino-mendonca","to_ping":"","pinged":"","post_modified":"2022-07-28 17:28:33","post_modified_gmt":"2022-07-28 15:28:33","post_content_filtered":"","post_parent":0,"guid":"http:\/\/dev.claret.cat\/autor\/jose-tolentino-mendonca\/","menu_order":0,"post_type":"autor","post_mime_type":"","comment_count":"0","filter":"raw"}],"booktrailer":"","resenas":""},"aioseo_notices":[],"_links":{"self":[{"href":"https:\/\/www.claret.cat\/es\/wp-json\/wp\/v2\/product\/22781","targetHints":{"allow":["GET"]}}],"collection":[{"href":"https:\/\/www.claret.cat\/es\/wp-json\/wp\/v2\/product"}],"about":[{"href":"https:\/\/www.claret.cat\/es\/wp-json\/wp\/v2\/types\/product"}],"wp:featuredmedia":[{"embeddable":true,"href":"https:\/\/www.claret.cat\/es\/wp-json\/wp\/v2\/media\/326235"}],"wp:attachment":[{"href":"https:\/\/www.claret.cat\/es\/wp-json\/wp\/v2\/media?parent=22781"}],"wp:term":[{"taxonomy":"product_brand","embeddable":true,"href":"https:\/\/www.claret.cat\/es\/wp-json\/wp\/v2\/product_brand?post=22781"},{"taxonomy":"product_cat","embeddable":true,"href":"https:\/\/www.claret.cat\/es\/wp-json\/wp\/v2\/product_cat?post=22781"},{"taxonomy":"product_tag","embeddable":true,"href":"https:\/\/www.claret.cat\/es\/wp-json\/wp\/v2\/product_tag?post=22781"}],"curies":[{"name":"wp","href":"https:\/\/api.w.org\/{rel}","templated":true}]}}