{"id":227846,"date":"2022-10-20T18:23:20","date_gmt":"2022-10-20T16:23:20","guid":{"rendered":"http:\/\/dev.claret.cat\/producte\/el-chaval-de-la-cantera\/"},"modified":"2025-01-31T19:53:31","modified_gmt":"2025-01-31T18:53:31","slug":"el-chaval-de-la-cantera-9788424658717","status":"publish","type":"product","link":"https:\/\/www.claret.cat\/es\/libro\/el-chaval-de-la-cantera-9788424658717\/","title":{"rendered":"EL CHAVAL DE LA CANTERA"},"content":{"rendered":"<p>Nico juega tranquilamente en la plaza del pueblo. Lo que no sospecha es que dentro de pocas semanas tendr\u00e1 su sue\u00f1o al alcanze de la mano: lo llamar\u00e1n del mejor club del mundo para hacer las pruebas de acceso a la cantera de futbolistas. Nico tiene el f\u00fatbol en la cabeza, y en los pies, cuando hay otros que solo lo tienen en los pies. Y eso es lo que busca el cazatalentos: un chaval que vea el juego desde el campo, mientras se est\u00e1 jugando. Que tenga ojos en la nuca y sentido com\u00fan. Y que en lugar de botas calce guantes. Pero el d\u00eda a d\u00eda ser\u00e1 duro. Y Juan tendr\u00e1 que acostumbrarse a muchos cambios y que estos no le afecten en el campo.<\/p>\n","protected":false},"excerpt":{"rendered":"<p>PRATS MART\u00cdNEZ, LLU\u00cdS<\/p>\n","protected":false},"featured_media":227847,"template":"","meta":{"_acf_changed":false,"om_disable_all_campaigns":false,"rs_blank_template":"","rs_page_bg_color":"","slide_template_v7":"","inline_featured_image":false,"_monsterinsights_skip_tracking":false,"_monsterinsights_sitenote_active":false,"_monsterinsights_sitenote_note":"","_monsterinsights_sitenote_category":0},"product_brand":[],"product_cat":[86,352],"product_tag":[],"class_list":{"0":"post-227846","1":"product","2":"type-product","3":"status-publish","4":"has-post-thumbnail","6":"product_cat-infantil","7":"product_cat-infantil-3_infantil-juvenil-spa","9":"first","10":"instock","11":"taxable","12":"shipping-taxable","13":"purchasable","14":"product-type-simple"},"acf":{"autor":"PRATS MART\u00cdNEZ, LLU\u00cdS","codart":"842465871","libros-coleccion":"","ediciones":"1","encuadernacion":"R\u00fastica","fecha_de_publicacion":"01\/09\/2016","novedad":"0","paginas":"232","subtitulo":"","orden":"999","portada":"0","idioma":"spa","autores-libros":[{"ID":162379,"post_author":"3","post_date":"2022-10-14 17:30:33","post_date_gmt":"2022-10-14 15:30:33","post_content":"","post_title":"LLUIS PRATS MART\u00cdNEZ","post_excerpt":"","post_status":"publish","comment_status":"closed","ping_status":"closed","post_password":"","post_name":"lluis-prats-martinez","to_ping":"","pinged":"","post_modified":"2022-10-14 17:30:33","post_modified_gmt":"2022-10-14 15:30:33","post_content_filtered":"","post_parent":0,"guid":"http:\/\/dev.claret.cat\/autor\/lluis-prats-martinez\/","menu_order":0,"post_type":"autor","post_mime_type":"","comment_count":"0","filter":"raw"}],"editorial":[{"ID":262224,"post_author":"3","post_date":"2022-10-24 11:21:33","post_date_gmt":"2022-10-24 09:21:33","post_content":"","post_title":"La Galera, SAU","post_excerpt":"","post_status":"publish","comment_status":"closed","ping_status":"closed","post_password":"","post_name":"la-galera-sau","to_ping":"","pinged":"","post_modified":"2022-10-24 11:21:33","post_modified_gmt":"2022-10-24 09:21:33","post_content_filtered":"","post_parent":0,"guid":"http:\/\/dev.claret.cat\/editorial\/la-galera-sau\/","menu_order":0,"post_type":"editorial","post_mime_type":"","comment_count":"0","filter":"raw"}]},"aioseo_notices":[],"_links":{"self":[{"href":"https:\/\/www.claret.cat\/es\/wp-json\/wp\/v2\/product\/227846","targetHints":{"allow":["GET"]}}],"collection":[{"href":"https:\/\/www.claret.cat\/es\/wp-json\/wp\/v2\/product"}],"about":[{"href":"https:\/\/www.claret.cat\/es\/wp-json\/wp\/v2\/types\/product"}],"wp:featuredmedia":[{"embeddable":true,"href":"https:\/\/www.claret.cat\/es\/wp-json\/wp\/v2\/media\/227847"}],"wp:attachment":[{"href":"https:\/\/www.claret.cat\/es\/wp-json\/wp\/v2\/media?parent=227846"}],"wp:term":[{"taxonomy":"product_brand","embeddable":true,"href":"https:\/\/www.claret.cat\/es\/wp-json\/wp\/v2\/product_brand?post=227846"},{"taxonomy":"product_cat","embeddable":true,"href":"https:\/\/www.claret.cat\/es\/wp-json\/wp\/v2\/product_cat?post=227846"},{"taxonomy":"product_tag","embeddable":true,"href":"https:\/\/www.claret.cat\/es\/wp-json\/wp\/v2\/product_tag?post=227846"}],"curies":[{"name":"wp","href":"https:\/\/api.w.org\/{rel}","templated":true}]}}