{"id":227861,"date":"2022-10-20T18:23:41","date_gmt":"2022-10-20T16:23:41","guid":{"rendered":"http:\/\/dev.claret.cat\/producte\/wigetta-y-los-gusanos-guasones\/"},"modified":"2023-01-28T14:24:01","modified_gmt":"2023-01-28T13:24:01","slug":"wigetta-y-los-gusanos-guasones-9788499985534","status":"publish","type":"product","link":"https:\/\/www.claret.cat\/es\/libro\/wigetta-y-los-gusanos-guasones-9788499985534\/","title":{"rendered":"WIGETTA Y LOS GUSANOS GUASONES"},"content":{"rendered":"<p>La vida en Pueblo transcurre en paz&#8230; Nada parece amenazar la tranquilidad de nuestros amigos y sus mascotas. Sin embargo, muy pronto se ver\u00e1n obligados a enfrentarse a otra situaci\u00f3n extraordinaria, un misterio en el que estar\u00e1n involucrados algunos de los personajes que ya conocemos: el Rey Guerrero, Flordeluna, las brujas del bosque o un misterioso Tabernardo.En compa\u00f1\u00eda de todos ellos nos adentramos en un\u00a0nuevo episodio de la saga protagonizada por<br \/>Willy, Vegetta, Trotuman y Vakypandy.\u00a0En esta ocasi\u00f3n, llegaremos hasta Setilandia, donde<br \/>habitan Cipriano, Adriano y Germano, miembros\u00a0de una curiosa colonia de gusanos laboriosos<br \/>y bromistas, a los que, no obstante,\u00a0no conviene enfadar?<\/p>\n","protected":false},"excerpt":{"rendered":"<p>VEGETTA777 \/ WILLYREX<\/p>\n","protected":false},"featured_media":227862,"template":"","meta":{"_acf_changed":false,"om_disable_all_campaigns":false,"rs_blank_template":"","rs_page_bg_color":"","slide_template_v7":"","inline_featured_image":false,"_monsterinsights_skip_tracking":false,"_monsterinsights_sitenote_active":false,"_monsterinsights_sitenote_note":"","_monsterinsights_sitenote_category":0},"product_brand":[],"product_cat":[86],"product_tag":[],"class_list":{"0":"post-227861","1":"product","2":"type-product","3":"status-publish","4":"has-post-thumbnail","6":"product_cat-infantil","8":"first","9":"instock","10":"taxable","11":"shipping-taxable","12":"purchasable","13":"product-type-simple"},"acf":{"autor":"VEGETTA777 \/ WILLYREX","codart":"849998553","libros-coleccion":"","ediciones":"1","encuadernacion":"R\u00fastica","fecha_de_publicacion":"01\/09\/2016","novedad":"0","paginas":"192","subtitulo":"","orden":"999","portada":"0","idioma":"spa","editorial":[{"ID":148863,"post_author":"3","post_date":"2022-10-14 12:01:34","post_date_gmt":"2022-10-14 10:01:34","post_content":"","post_title":"TEMAS DE HOY","post_excerpt":"","post_status":"publish","comment_status":"closed","ping_status":"closed","post_password":"","post_name":"temas-de-hoy","to_ping":"","pinged":"","post_modified":"2022-10-14 12:01:34","post_modified_gmt":"2022-10-14 10:01:34","post_content_filtered":"","post_parent":0,"guid":"http:\/\/dev.claret.cat\/editorial\/temas-de-hoy\/","menu_order":0,"post_type":"editorial","post_mime_type":"","comment_count":"0","filter":"raw"}],"autores-libros":[{"ID":171349,"post_author":"3","post_date":"2022-10-14 22:42:41","post_date_gmt":"2022-10-14 20:42:41","post_content":"","post_title":"WILLYREX","post_excerpt":"","post_status":"publish","comment_status":"closed","ping_status":"closed","post_password":"","post_name":"willyrex","to_ping":"","pinged":"","post_modified":"2022-10-14 22:42:41","post_modified_gmt":"2022-10-14 20:42:41","post_content_filtered":"","post_parent":0,"guid":"http:\/\/dev.claret.cat\/autor\/willyrex\/","menu_order":0,"post_type":"autor","post_mime_type":"","comment_count":"0","filter":"raw"},{"ID":170859,"post_author":"3","post_date":"2022-10-14 22:38:44","post_date_gmt":"2022-10-14 20:38:44","post_content":"","post_title":"VEGETTA777","post_excerpt":"","post_status":"publish","comment_status":"closed","ping_status":"closed","post_password":"","post_name":"vegetta777","to_ping":"","pinged":"","post_modified":"2022-10-14 22:38:44","post_modified_gmt":"2022-10-14 20:38:44","post_content_filtered":"","post_parent":0,"guid":"http:\/\/dev.claret.cat\/autor\/vegetta777\/","menu_order":0,"post_type":"autor","post_mime_type":"","comment_count":"0","filter":"raw"}]},"aioseo_notices":[],"_links":{"self":[{"href":"https:\/\/www.claret.cat\/es\/wp-json\/wp\/v2\/product\/227861","targetHints":{"allow":["GET"]}}],"collection":[{"href":"https:\/\/www.claret.cat\/es\/wp-json\/wp\/v2\/product"}],"about":[{"href":"https:\/\/www.claret.cat\/es\/wp-json\/wp\/v2\/types\/product"}],"wp:featuredmedia":[{"embeddable":true,"href":"https:\/\/www.claret.cat\/es\/wp-json\/wp\/v2\/media\/227862"}],"wp:attachment":[{"href":"https:\/\/www.claret.cat\/es\/wp-json\/wp\/v2\/media?parent=227861"}],"wp:term":[{"taxonomy":"product_brand","embeddable":true,"href":"https:\/\/www.claret.cat\/es\/wp-json\/wp\/v2\/product_brand?post=227861"},{"taxonomy":"product_cat","embeddable":true,"href":"https:\/\/www.claret.cat\/es\/wp-json\/wp\/v2\/product_cat?post=227861"},{"taxonomy":"product_tag","embeddable":true,"href":"https:\/\/www.claret.cat\/es\/wp-json\/wp\/v2\/product_tag?post=227861"}],"curies":[{"name":"wp","href":"https:\/\/api.w.org\/{rel}","templated":true}]}}