{"id":227957,"date":"2022-10-20T18:25:55","date_gmt":"2022-10-20T16:25:55","guid":{"rendered":"http:\/\/dev.claret.cat\/producte\/el-noi-del-planter\/"},"modified":"2025-01-31T20:30:13","modified_gmt":"2025-01-31T19:30:13","slug":"el-noi-del-planter-9788424656904","status":"publish","type":"product","link":"https:\/\/www.claret.cat\/es\/libro\/el-noi-del-planter-9788424656904\/","title":{"rendered":"EL NOI DEL PLANTER"},"content":{"rendered":"<p>En Jan Dosrius juga tranquil\u00b7lament a la pla\u00e7a de Puigreig. El que no sospita \u00e9s que en poques setmanes tindr\u00e0 el seu somni a l&#8221;abast: el cridaran del millor club del m\u00f3n per fer les proves d&#8221;acc\u00e9s al planter. El Jan t\u00e9 el futbol al cap, i als peus, quan n&#8221;hi ha d&#8221;altres que nom\u00e9s el tenen a les cames. I aix\u00f2 \u00e9s el que busca el ca\u00e7atalents: un nano que vegi el joc des del camp, mentre es juga. Que tingui ulls al clatell i sentit com\u00fa. I que en lloc de botes, cal\u00e7i guants. Per\u00f2 el dia a dia \u00e9s dur. I en Jan haur\u00e0 d&#8221;acostumar-se a molts canvis i que aix\u00f2 no l&#8221;afecti quan surt al camp.<\/p>\n","protected":false},"excerpt":{"rendered":"<p>PRATS MART\u00cdNEZ, LLU\u00cdS<\/p>\n","protected":false},"featured_media":227958,"template":"","meta":{"_acf_changed":false,"om_disable_all_campaigns":false,"rs_blank_template":"","rs_page_bg_color":"","slide_template_v7":"","inline_featured_image":false,"_monsterinsights_skip_tracking":false,"_monsterinsights_sitenote_active":false,"_monsterinsights_sitenote_note":"","_monsterinsights_sitenote_category":0},"product_brand":[],"product_cat":[86,352],"product_tag":[],"class_list":{"0":"post-227957","1":"product","2":"type-product","3":"status-publish","4":"has-post-thumbnail","6":"product_cat-infantil","7":"product_cat-infantil-3_infantil-juvenil-spa","9":"first","10":"instock","11":"taxable","12":"shipping-taxable","13":"purchasable","14":"product-type-simple"},"acf":{"autor":"PRATS MART\u00cdNEZ, LLU\u00cdS","codart":"842465690","libros-coleccion":"","ediciones":"1","encuadernacion":"Carton\u00e9","fecha_de_publicacion":"01\/09\/2016","novedad":"0","paginas":"232","subtitulo":"","orden":"999","portada":"0","idioma":"cat","editorial":[{"ID":148361,"post_author":"3","post_date":"2022-10-14 11:57:38","post_date_gmt":"2022-10-14 09:57:38","post_content":"","post_title":"LA GALERA, S.A. EDITORIAL","post_excerpt":"","post_status":"publish","comment_status":"closed","ping_status":"closed","post_password":"","post_name":"la-galera-s-a-editorial","to_ping":"","pinged":"","post_modified":"2022-10-14 11:57:38","post_modified_gmt":"2022-10-14 09:57:38","post_content_filtered":"","post_parent":0,"guid":"http:\/\/dev.claret.cat\/editorial\/la-galera-s-a-editorial\/","menu_order":0,"post_type":"editorial","post_mime_type":"","comment_count":"0","filter":"raw"}],"autores-libros":[{"ID":162379,"post_author":"3","post_date":"2022-10-14 17:30:33","post_date_gmt":"2022-10-14 15:30:33","post_content":"","post_title":"LLUIS PRATS MART\u00cdNEZ","post_excerpt":"","post_status":"publish","comment_status":"closed","ping_status":"closed","post_password":"","post_name":"lluis-prats-martinez","to_ping":"","pinged":"","post_modified":"2022-10-14 17:30:33","post_modified_gmt":"2022-10-14 15:30:33","post_content_filtered":"","post_parent":0,"guid":"http:\/\/dev.claret.cat\/autor\/lluis-prats-martinez\/","menu_order":0,"post_type":"autor","post_mime_type":"","comment_count":"0","filter":"raw"}]},"aioseo_notices":[],"_links":{"self":[{"href":"https:\/\/www.claret.cat\/es\/wp-json\/wp\/v2\/product\/227957","targetHints":{"allow":["GET"]}}],"collection":[{"href":"https:\/\/www.claret.cat\/es\/wp-json\/wp\/v2\/product"}],"about":[{"href":"https:\/\/www.claret.cat\/es\/wp-json\/wp\/v2\/types\/product"}],"wp:featuredmedia":[{"embeddable":true,"href":"https:\/\/www.claret.cat\/es\/wp-json\/wp\/v2\/media\/227958"}],"wp:attachment":[{"href":"https:\/\/www.claret.cat\/es\/wp-json\/wp\/v2\/media?parent=227957"}],"wp:term":[{"taxonomy":"product_brand","embeddable":true,"href":"https:\/\/www.claret.cat\/es\/wp-json\/wp\/v2\/product_brand?post=227957"},{"taxonomy":"product_cat","embeddable":true,"href":"https:\/\/www.claret.cat\/es\/wp-json\/wp\/v2\/product_cat?post=227957"},{"taxonomy":"product_tag","embeddable":true,"href":"https:\/\/www.claret.cat\/es\/wp-json\/wp\/v2\/product_tag?post=227957"}],"curies":[{"name":"wp","href":"https:\/\/api.w.org\/{rel}","templated":true}]}}