{"id":227960,"date":"2022-10-20T18:26:00","date_gmt":"2022-10-20T16:26:00","guid":{"rendered":"http:\/\/dev.claret.cat\/producte\/por-que-solo-nosotros\/"},"modified":"2023-01-28T20:37:59","modified_gmt":"2023-01-28T19:37:59","slug":"por-que-solo-nosotros-9788499885261","status":"publish","type":"product","link":"https:\/\/www.claret.cat\/es\/libro\/por-que-solo-nosotros-9788499885261\/","title":{"rendered":"\u00bfPOR QU\u00c9 SOLO NOSOTROS?"},"content":{"rendered":"<p>Nacemos llorando. Y esos lloros son los primeros indicios del lenguaje. Al a\u00f1o de nacer, los ni\u00f1os  dominan el sistema de sonidos de su lengua; y, m\u00e1s tarde, ya mantienen conversaciones. Esta extraordinaria facultad humana plantea importantes interrogantes biol\u00f3gicos en torno al lenguaje. En este libro dos eminentes eruditos abordan en profundidad el fascinante interrogante de la evoluci\u00f3n del lenguaje. <br \/> Hasta hace poco no se pod\u00eda plantear adecuadamente el tema, porque ni siquiera sab\u00edamos definir con propiedad el \u00ablenguaje\u00bb. Pero a partir del Programa Minimalista, desarrollado por Chomsky y otros, ahora conocemos los ingredientes clave del lenguaje y somos capaces de ofrecer una explicaci\u00f3n de la evoluci\u00f3n del lenguaje humano y de lo que nos distingue de los dem\u00e1s animales. <br \/> Berwick y Chomsky ahondan en la eficacia computacional del lenguaje en tanto que sistema de pensamiento y conocimiento; del conflicto entre la idea darwinista de cambio gradual y nuestro modo actual de ver el cambio evolutivo y el lenguaje; y de evidencias obtenidas en animales no humanos, especialmente en torno al aprendizaje de vocales en aves cantoras. El resultado es un hito en el abordaje bioling\u00fc\u00edstico del lenguaje.<\/p>\n","protected":false},"excerpt":{"rendered":"<p>BERWICK, ROBERT C. \/ CHOMSKY, NOAM<\/p>\n","protected":false},"featured_media":227961,"template":"","meta":{"_acf_changed":false,"om_disable_all_campaigns":false,"rs_blank_template":"","rs_page_bg_color":"","slide_template_v7":"","inline_featured_image":false,"_monsterinsights_skip_tracking":false,"_monsterinsights_sitenote_active":false,"_monsterinsights_sitenote_note":"","_monsterinsights_sitenote_category":0},"product_brand":[],"product_cat":[81],"product_tag":[],"class_list":{"0":"post-227960","1":"product","2":"type-product","3":"status-publish","4":"has-post-thumbnail","6":"product_cat-psicologia","8":"first","9":"instock","10":"taxable","11":"shipping-taxable","12":"purchasable","13":"product-type-simple"},"acf":{"autor":"BERWICK, ROBERT C. \/ CHOMSKY, NOAM","codart":"849988526","libros-coleccion":"","ediciones":"1","encuadernacion":"R\u00fastica","fecha_de_publicacion":"01\/09\/2016","novedad":"0","paginas":"224","subtitulo":"EVOLUCI\u00d3N Y LENGUAJE","orden":"999","portada":"0","idioma":"spa","editorial":[{"ID":147993,"post_author":"3","post_date":"2022-10-14 11:54:48","post_date_gmt":"2022-10-14 09:54:48","post_content":"","post_title":"Editorial Kair\u00f3s SA","post_excerpt":"","post_status":"publish","comment_status":"closed","ping_status":"closed","post_password":"","post_name":"editorial-kairos-sa","to_ping":"","pinged":"","post_modified":"2022-10-14 11:54:48","post_modified_gmt":"2022-10-14 09:54:48","post_content_filtered":"","post_parent":0,"guid":"http:\/\/dev.claret.cat\/editorial\/editorial-kairos-sa\/","menu_order":0,"post_type":"editorial","post_mime_type":"","comment_count":"0","filter":"raw"}],"autores-libros":[{"ID":165919,"post_author":"3","post_date":"2022-10-14 17:58:59","post_date_gmt":"2022-10-14 15:58:59","post_content":"","post_title":"NOAM CHOMSKY","post_excerpt":"","post_status":"publish","comment_status":"closed","ping_status":"closed","post_password":"","post_name":"noam-chomsky","to_ping":"","pinged":"","post_modified":"2022-10-14 17:58:59","post_modified_gmt":"2022-10-14 15:58:59","post_content_filtered":"","post_parent":0,"guid":"http:\/\/dev.claret.cat\/autor\/noam-chomsky\/","menu_order":0,"post_type":"autor","post_mime_type":"","comment_count":"0","filter":"raw"}]},"aioseo_notices":[],"_links":{"self":[{"href":"https:\/\/www.claret.cat\/es\/wp-json\/wp\/v2\/product\/227960","targetHints":{"allow":["GET"]}}],"collection":[{"href":"https:\/\/www.claret.cat\/es\/wp-json\/wp\/v2\/product"}],"about":[{"href":"https:\/\/www.claret.cat\/es\/wp-json\/wp\/v2\/types\/product"}],"wp:featuredmedia":[{"embeddable":true,"href":"https:\/\/www.claret.cat\/es\/wp-json\/wp\/v2\/media\/227961"}],"wp:attachment":[{"href":"https:\/\/www.claret.cat\/es\/wp-json\/wp\/v2\/media?parent=227960"}],"wp:term":[{"taxonomy":"product_brand","embeddable":true,"href":"https:\/\/www.claret.cat\/es\/wp-json\/wp\/v2\/product_brand?post=227960"},{"taxonomy":"product_cat","embeddable":true,"href":"https:\/\/www.claret.cat\/es\/wp-json\/wp\/v2\/product_cat?post=227960"},{"taxonomy":"product_tag","embeddable":true,"href":"https:\/\/www.claret.cat\/es\/wp-json\/wp\/v2\/product_tag?post=227960"}],"curies":[{"name":"wp","href":"https:\/\/api.w.org\/{rel}","templated":true}]}}