{"id":227975,"date":"2022-10-20T18:26:21","date_gmt":"2022-10-20T16:26:21","guid":{"rendered":"http:\/\/dev.claret.cat\/producte\/pokemon-8-oro-plata-y-cristal-4\/"},"modified":"2026-04-17T19:49:58","modified_gmt":"2026-04-17T17:49:58","slug":"pokemon-8-oro-plata-y-cristal-4-9788467923308","status":"publish","type":"product","link":"https:\/\/www.claret.cat\/es\/libro\/pokemon-8-oro-plata-y-cristal-4-9788467923308\/","title":{"rendered":"POKEMON 8 ORO PLATA Y CRISTAL 4"},"content":{"rendered":"<p>\u00daLTIMO VOLUMEN DE LA SAGA: \u00a1\u00a1LA BATALLA FINAL EST\u00c1 A PUNTO DE EMPEZAR!!  \u00a1\u00a1Comienzan los combates de exhibici\u00f3n entre los L\u00edderes de Gimnasio en la Meseta A\u00f1il, como parte de la ceremonia de  apertura de la Liga Pok\u00e9mon!! Pero a medida que avanzan los co<\/p>\n","protected":false},"excerpt":{"rendered":"<p>KUSAKA\/ YAMAMOTO<\/p>\n","protected":false},"featured_media":1097510,"template":"","meta":{"_acf_changed":false,"om_disable_all_campaigns":false,"rs_blank_template":"","rs_page_bg_color":"","slide_template_v7":"","inline_featured_image":false,"_monsterinsights_skip_tracking":false,"_monsterinsights_sitenote_active":false,"_monsterinsights_sitenote_note":"","_monsterinsights_sitenote_category":0},"product_brand":[],"product_cat":[108,558],"product_tag":[],"class_list":{"0":"post-227975","1":"product","2":"type-product","3":"status-publish","4":"has-post-thumbnail","6":"product_cat-comic","7":"product_cat-comic-3_infantil-juvenil-spa-spa","9":"first","10":"outofstock","11":"taxable","12":"shipping-taxable","13":"purchasable","14":"product-type-simple"},"acf":{"autor":"KUSAKA\/ YAMAMOTO","codart":"846792330","libros-coleccion":"","ediciones":"1","encuadernacion":"Carpeta","fecha_de_publicacion":"01\/09\/2016","novedad":"0","paginas":"380","subtitulo":"","orden":"999","portada":"0","idioma":"spa","booktrailer":"","resenas":"","editorial":[{"ID":262353,"post_author":"3","post_date":"2022-10-24 11:23:15","post_date_gmt":"2022-10-24 09:23:15","post_content":"","post_title":"NORMA EDITORIAL, S. A.","post_excerpt":"","post_status":"publish","comment_status":"closed","ping_status":"closed","post_password":"","post_name":"norma-editorial-s-a-2","to_ping":"","pinged":"","post_modified":"2022-10-24 11:23:15","post_modified_gmt":"2022-10-24 09:23:15","post_content_filtered":"","post_parent":0,"guid":"http:\/\/dev.claret.cat\/editorial\/norma-editorial-s-a-2\/","menu_order":0,"post_type":"editorial","post_mime_type":"","comment_count":"0","filter":"raw"}],"autores-libros":[{"ID":425219,"post_author":"3","post_date":"2023-05-16 08:17:08","post_date_gmt":"2023-05-16 06:17:08","post_content":"","post_title":"KUSAKA","post_excerpt":"","post_status":"publish","comment_status":"closed","ping_status":"closed","post_password":"","post_name":"kusaka","to_ping":"","pinged":"","post_modified":"2023-05-16 08:17:08","post_modified_gmt":"2023-05-16 06:17:08","post_content_filtered":"","post_parent":0,"guid":"https:\/\/www.claret.cat\/autor\/kusaka\/","menu_order":0,"post_type":"autor","post_mime_type":"","comment_count":"0","filter":"raw"},{"ID":429554,"post_author":"3","post_date":"2023-05-16 09:50:49","post_date_gmt":"2023-05-16 07:50:49","post_content":"","post_title":"YAMAMOTO","post_excerpt":"","post_status":"publish","comment_status":"closed","ping_status":"closed","post_password":"","post_name":"yamamoto","to_ping":"","pinged":"","post_modified":"2023-05-16 09:50:49","post_modified_gmt":"2023-05-16 07:50:49","post_content_filtered":"","post_parent":0,"guid":"https:\/\/www.claret.cat\/autor\/yamamoto\/","menu_order":0,"post_type":"autor","post_mime_type":"","comment_count":"0","filter":"raw"}]},"aioseo_notices":[],"_links":{"self":[{"href":"https:\/\/www.claret.cat\/es\/wp-json\/wp\/v2\/product\/227975","targetHints":{"allow":["GET"]}}],"collection":[{"href":"https:\/\/www.claret.cat\/es\/wp-json\/wp\/v2\/product"}],"about":[{"href":"https:\/\/www.claret.cat\/es\/wp-json\/wp\/v2\/types\/product"}],"wp:featuredmedia":[{"embeddable":true,"href":"https:\/\/www.claret.cat\/es\/wp-json\/wp\/v2\/media\/1097510"}],"wp:attachment":[{"href":"https:\/\/www.claret.cat\/es\/wp-json\/wp\/v2\/media?parent=227975"}],"wp:term":[{"taxonomy":"product_brand","embeddable":true,"href":"https:\/\/www.claret.cat\/es\/wp-json\/wp\/v2\/product_brand?post=227975"},{"taxonomy":"product_cat","embeddable":true,"href":"https:\/\/www.claret.cat\/es\/wp-json\/wp\/v2\/product_cat?post=227975"},{"taxonomy":"product_tag","embeddable":true,"href":"https:\/\/www.claret.cat\/es\/wp-json\/wp\/v2\/product_tag?post=227975"}],"curies":[{"name":"wp","href":"https:\/\/api.w.org\/{rel}","templated":true}]}}