{"id":228023,"date":"2022-10-20T18:27:30","date_gmt":"2022-10-20T16:27:30","guid":{"rendered":"http:\/\/dev.claret.cat\/producte\/guia-para-identificar-los-personajes-de-la-mitologia-clasica\/"},"modified":"2024-11-23T11:01:31","modified_gmt":"2024-11-23T10:01:31","slug":"guia-para-identificar-los-personajes-de-la-mitologia-clasica-9788437635828","status":"publish","type":"product","link":"https:\/\/www.claret.cat\/es\/libro\/guia-para-identificar-los-personajes-de-la-mitologia-clasica-9788437635828\/","title":{"rendered":"GU\u00cdA PARA IDENTIFICAR LOS PERSONAJES DE LA MITOLOG\u00cdA CL\u00c1SICA"},"content":{"rendered":"<p>\u00bfPodr\u00edas reconocer a los personajes de la mitolog\u00eda cl\u00e1sica que aparecen representados en las obras de arte?<br \/> Esta gu\u00eda te ayudar\u00e1 a conocer y reconocer a todos estos seres m\u00edticos. En cada entrada ilustrada organizada alfab\u00e9ticamente encontrar\u00e1s un breve texto que narra la historia de cada personaje, las variantes iconogr\u00e1ficas m\u00e1s representativas, as\u00ed como los posibles atributos que los acompa\u00f1an. <br \/> Para facilitar la b\u00fasqueda se han a\u00f1adido un diccionario de atributos (donde podr\u00e1s consultar qu\u00e9 seres portan dichos atributos), as\u00ed como un vocabulario de t\u00e9rminos relacionados con el mundo grecolatino.<\/p>\n","protected":false},"excerpt":{"rendered":"<p>PLAZA ESCUDERO, LORENZO DE LA \/ MART\u00cdNEZ MURILLO, JOS\u00c9 MAR\u00cdA \/ VAQUERO IBARRA, <\/p>\n","protected":false},"featured_media":228024,"template":"","meta":{"_acf_changed":false,"om_disable_all_campaigns":false,"rs_blank_template":"","rs_page_bg_color":"","slide_template_v7":"","inline_featured_image":false,"_monsterinsights_skip_tracking":false,"_monsterinsights_sitenote_active":false,"_monsterinsights_sitenote_note":"","_monsterinsights_sitenote_category":0},"product_brand":[],"product_cat":[350,84],"product_tag":[],"class_list":{"0":"post-228023","1":"product","2":"type-product","3":"status-publish","4":"has-post-thumbnail","6":"product_cat-sociologia-2_humanidades","7":"product_cat-sociologia","9":"first","10":"instock","11":"taxable","12":"shipping-taxable","13":"purchasable","14":"product-type-simple"},"acf":{"autor":"PLAZA ESCUDERO, LORENZO DE LA \/ MART\u00cdNEZ MURILLO, JOS\u00c9 MAR\u00cdA \/ VAQUERO IBARRA, ","codart":"843763582","libros-coleccion":"","ediciones":"1","encuadernacion":"Carton\u00e9","fecha_de_publicacion":"01\/09\/2016","novedad":"0","paginas":"396","subtitulo":"","orden":"999","portada":"0","idioma":"spa","editorial":[{"ID":147789,"post_author":"3","post_date":"2022-10-14 11:53:14","post_date_gmt":"2022-10-14 09:53:14","post_content":"","post_title":"EDICIONES CATEDRA","post_excerpt":"","post_status":"publish","comment_status":"closed","ping_status":"closed","post_password":"","post_name":"ediciones-catedra","to_ping":"","pinged":"","post_modified":"2022-10-14 11:53:14","post_modified_gmt":"2022-10-14 09:53:14","post_content_filtered":"","post_parent":0,"guid":"http:\/\/dev.claret.cat\/editorial\/ediciones-catedra\/","menu_order":0,"post_type":"editorial","post_mime_type":"","comment_count":"0","filter":"raw"}],"autores-libros":[{"ID":162477,"post_author":"3","post_date":"2022-10-14 17:31:20","post_date_gmt":"2022-10-14 15:31:20","post_content":"","post_title":"LORENZO DE LA PLAZA ESCUDERO","post_excerpt":"","post_status":"publish","comment_status":"closed","ping_status":"closed","post_password":"","post_name":"lorenzo-de-la-plaza-escudero","to_ping":"","pinged":"","post_modified":"2022-10-14 17:31:20","post_modified_gmt":"2022-10-14 15:31:20","post_content_filtered":"","post_parent":0,"guid":"http:\/\/dev.claret.cat\/autor\/lorenzo-de-la-plaza-escudero\/","menu_order":0,"post_type":"autor","post_mime_type":"","comment_count":"0","filter":"raw"},{"ID":160478,"post_author":"3","post_date":"2022-10-14 15:53:24","post_date_gmt":"2022-10-14 13:53:24","post_content":"","post_title":"JOS\u00c9 MAR\u00cdA MART\u00cdNEZ MURILLO","post_excerpt":"","post_status":"publish","comment_status":"closed","ping_status":"closed","post_password":"","post_name":"jose-maria-martinez-murillo","to_ping":"","pinged":"","post_modified":"2022-10-14 15:53:24","post_modified_gmt":"2022-10-14 13:53:24","post_content_filtered":"","post_parent":0,"guid":"http:\/\/dev.claret.cat\/autor\/jose-maria-martinez-murillo\/","menu_order":0,"post_type":"autor","post_mime_type":"","comment_count":"0","filter":"raw"},{"ID":429259,"post_author":"3","post_date":"2023-05-16 09:44:33","post_date_gmt":"2023-05-16 07:44:33","post_content":"","post_title":"VAQUERO IBARRA","post_excerpt":"","post_status":"publish","comment_status":"closed","ping_status":"closed","post_password":"","post_name":"vaquero-ibarra","to_ping":"","pinged":"","post_modified":"2023-05-16 09:44:33","post_modified_gmt":"2023-05-16 07:44:33","post_content_filtered":"","post_parent":0,"guid":"https:\/\/www.claret.cat\/autor\/vaquero-ibarra\/","menu_order":0,"post_type":"autor","post_mime_type":"","comment_count":"0","filter":"raw"}]},"aioseo_notices":[],"_links":{"self":[{"href":"https:\/\/www.claret.cat\/es\/wp-json\/wp\/v2\/product\/228023","targetHints":{"allow":["GET"]}}],"collection":[{"href":"https:\/\/www.claret.cat\/es\/wp-json\/wp\/v2\/product"}],"about":[{"href":"https:\/\/www.claret.cat\/es\/wp-json\/wp\/v2\/types\/product"}],"wp:featuredmedia":[{"embeddable":true,"href":"https:\/\/www.claret.cat\/es\/wp-json\/wp\/v2\/media\/228024"}],"wp:attachment":[{"href":"https:\/\/www.claret.cat\/es\/wp-json\/wp\/v2\/media?parent=228023"}],"wp:term":[{"taxonomy":"product_brand","embeddable":true,"href":"https:\/\/www.claret.cat\/es\/wp-json\/wp\/v2\/product_brand?post=228023"},{"taxonomy":"product_cat","embeddable":true,"href":"https:\/\/www.claret.cat\/es\/wp-json\/wp\/v2\/product_cat?post=228023"},{"taxonomy":"product_tag","embeddable":true,"href":"https:\/\/www.claret.cat\/es\/wp-json\/wp\/v2\/product_tag?post=228023"}],"curies":[{"name":"wp","href":"https:\/\/api.w.org\/{rel}","templated":true}]}}