{"id":228189,"date":"2022-10-20T18:31:18","date_gmt":"2022-10-20T16:31:18","guid":{"rendered":"http:\/\/dev.claret.cat\/producte\/basada-en-hechos-reales\/"},"modified":"2026-01-04T16:25:26","modified_gmt":"2026-01-04T15:25:26","slug":"basada-en-hechos-reales-9788433979612","status":"publish","type":"product","link":"https:\/\/www.claret.cat\/es\/libro\/basada-en-hechos-reales-9788433979612\/","title":{"rendered":"BASADA EN HECHOS REALES"},"content":{"rendered":"<p>\u00abDurante casi tres a\u00f1os, no escrib\u00ed una sola l\u00ednea\u00bb, dice la protagonista y narradora. Se llama Delphine, tiene dos hijos a punto de dejar atr\u00e1s la adolescencia y mantiene una relaci\u00f3n sentimental con Fran\u00e7ois, que dirige un programa cultural en la televisi\u00f3n y est\u00e1 de viaje por Estados Unidos rodando un documental. Estos datos biogr\u00e1ficos, empezando por el nombre, parecen coincidir difusamente con los de la autora, que con Nada se opone a la noche, su anterior libro, arras\u00f3 en Francia y en medio mundo. Si en esa y en alguna otra obra anterior utilizaba los recursos novelescos para abordar una historia real, aqu\u00ed viste de relato ver\u00eddico una ficci\u00f3n. \u00bfO no?<\/p>\n<p>  Y es entonces cuando se cruza en su camino L., una mujer sofisticada y seductora, que trabaja como negra literaria redactando memorias de famosos. Comparten gustos e intiman. L. insiste a su nueva amiga en que debe abandonar el proyecto novelesco sobre la telerrealidad que tiene entre manos y volver a utilizar su propia vida como material literario. Y mientras Delphine recibe unas amenazantes cartas an\u00f3nimas que la acusan de haberse aprovechado de las historias de su familia para triunfar como escritora, L., con sus crecientes intromisiones, se va adue\u00f1ando de su vida hasta bordear la vampirizaci\u00f3n?<\/p>\n<p> Dividida en tres partes encabezadas por citas de Misery y La mitad oscura de Stephen King, Basada en hechos reales es a un tiempo un poderoso thriller psicol\u00f3gico y una sagaz reflexi\u00f3n sobre el papel del escritor en el siglo XXI. Una obra prodigiosa que se mueve entre la realidad y la ficci\u00f3n, entre lo vivido y lo imaginado; un deslumbrante juego de espejos que propone una vuelta de tuerca a un gran tema literario ?el doble? y mantiene en vilo al lector hasta la \u00faltima p\u00e1gina. Delphine es una escritora que ha pasado del \u00e9xito apabullante que la puso bajo todos los focos al v\u00e9rtigo \u00edntimo de la p\u00e1gina en blanco.<\/p>\n","protected":false},"excerpt":{"rendered":"<p>DE VIGAN, DELPHINE<\/p>\n","protected":false},"featured_media":1072618,"template":"","meta":{"_acf_changed":false,"om_disable_all_campaigns":false,"rs_blank_template":"","rs_page_bg_color":"","slide_template_v7":"","inline_featured_image":false,"_monsterinsights_skip_tracking":false,"_monsterinsights_sitenote_active":false,"_monsterinsights_sitenote_note":"","_monsterinsights_sitenote_category":0},"product_brand":[],"product_cat":[353,87],"product_tag":[],"class_list":{"0":"post-228189","1":"product","2":"type-product","3":"status-publish","4":"has-post-thumbnail","6":"product_cat-literatura-2_humanidades","7":"product_cat-literatura","9":"first","10":"outofstock","11":"taxable","12":"shipping-taxable","13":"purchasable","14":"product-type-simple"},"acf":{"autor":"DE VIGAN, DELPHINE","codart":"843397961","libros-coleccion":"","ediciones":"1","encuadernacion":"R\u00fastica","fecha_de_publicacion":"01\/09\/2016","novedad":"0","paginas":"343","subtitulo":"","orden":"999","portada":"0","idioma":"spa","editorial":[{"ID":147922,"post_author":"3","post_date":"2022-10-14 11:54:16","post_date_gmt":"2022-10-14 09:54:16","post_content":"","post_title":"Editorial Anagrama","post_excerpt":"","post_status":"publish","comment_status":"closed","ping_status":"closed","post_password":"","post_name":"editorial-anagrama","to_ping":"","pinged":"","post_modified":"2022-10-14 11:54:16","post_modified_gmt":"2022-10-14 09:54:16","post_content_filtered":"","post_parent":0,"guid":"http:\/\/dev.claret.cat\/editorial\/editorial-anagrama\/","menu_order":0,"post_type":"editorial","post_mime_type":"","comment_count":"0","filter":"raw"}],"autores-libros":[{"ID":154060,"post_author":"3","post_date":"2022-10-14 15:01:46","post_date_gmt":"2022-10-14 13:01:46","post_content":"","post_title":"DELPHINE DE VIGAN","post_excerpt":"","post_status":"publish","comment_status":"closed","ping_status":"closed","post_password":"","post_name":"delphine-de-vigan","to_ping":"","pinged":"","post_modified":"2022-10-14 15:01:46","post_modified_gmt":"2022-10-14 13:01:46","post_content_filtered":"","post_parent":0,"guid":"http:\/\/dev.claret.cat\/autor\/delphine-de-vigan\/","menu_order":0,"post_type":"autor","post_mime_type":"","comment_count":"0","filter":"raw"}],"booktrailer":"","resenas":""},"aioseo_notices":[],"_links":{"self":[{"href":"https:\/\/www.claret.cat\/es\/wp-json\/wp\/v2\/product\/228189","targetHints":{"allow":["GET"]}}],"collection":[{"href":"https:\/\/www.claret.cat\/es\/wp-json\/wp\/v2\/product"}],"about":[{"href":"https:\/\/www.claret.cat\/es\/wp-json\/wp\/v2\/types\/product"}],"wp:featuredmedia":[{"embeddable":true,"href":"https:\/\/www.claret.cat\/es\/wp-json\/wp\/v2\/media\/1072618"}],"wp:attachment":[{"href":"https:\/\/www.claret.cat\/es\/wp-json\/wp\/v2\/media?parent=228189"}],"wp:term":[{"taxonomy":"product_brand","embeddable":true,"href":"https:\/\/www.claret.cat\/es\/wp-json\/wp\/v2\/product_brand?post=228189"},{"taxonomy":"product_cat","embeddable":true,"href":"https:\/\/www.claret.cat\/es\/wp-json\/wp\/v2\/product_cat?post=228189"},{"taxonomy":"product_tag","embeddable":true,"href":"https:\/\/www.claret.cat\/es\/wp-json\/wp\/v2\/product_tag?post=228189"}],"curies":[{"name":"wp","href":"https:\/\/api.w.org\/{rel}","templated":true}]}}