{"id":228210,"date":"2022-10-20T18:31:50","date_gmt":"2022-10-20T16:31:50","guid":{"rendered":"http:\/\/dev.claret.cat\/producte\/angelina-purpurina-se-entromete\/"},"modified":"2023-01-28T12:42:17","modified_gmt":"2023-01-28T11:42:17","slug":"angelina-purpurina-se-entromete-9788414005026","status":"publish","type":"product","link":"https:\/\/www.claret.cat\/es\/libro\/angelina-purpurina-se-entromete-9788414005026\/","title":{"rendered":"ANGELINA PURPURINA SE ENTROMETE"},"content":{"rendered":"<p>\u00c1ngela odia que sus hermanos la llamen Angelina Purpurina. Tambi\u00e9n est\u00e1 cansada de que no la dejen en paz y de ser el blanco de sus burlas, pero \u00a1se ha acabado! Ahora es su turno y buscar\u00e1 el modo de hacerles pagar cada una de sus bromas.<\/p>\n","protected":false},"excerpt":{"rendered":"<p>JOLY FANNY<\/p>\n","protected":false},"featured_media":228211,"template":"","meta":{"_acf_changed":false,"om_disable_all_campaigns":false,"rs_blank_template":"","rs_page_bg_color":"","slide_template_v7":"","inline_featured_image":false,"_monsterinsights_skip_tracking":false,"_monsterinsights_sitenote_active":false,"_monsterinsights_sitenote_note":"","_monsterinsights_sitenote_category":0},"product_brand":[],"product_cat":[86],"product_tag":[],"class_list":{"0":"post-228210","1":"product","2":"type-product","3":"status-publish","4":"has-post-thumbnail","6":"product_cat-infantil","8":"first","9":"instock","10":"taxable","11":"shipping-taxable","12":"purchasable","13":"product-type-simple"},"acf":{"autor":"JOLY FANNY","codart":"841400502","libros-coleccion":"Angelina Purpurina","ediciones":"1","encuadernacion":"R\u00fastica","fecha_de_publicacion":"01\/09\/2016","novedad":"1","paginas":"120","subtitulo":"","orden":"0","portada":"0","idioma":"spa"},"aioseo_notices":[],"_links":{"self":[{"href":"https:\/\/www.claret.cat\/es\/wp-json\/wp\/v2\/product\/228210","targetHints":{"allow":["GET"]}}],"collection":[{"href":"https:\/\/www.claret.cat\/es\/wp-json\/wp\/v2\/product"}],"about":[{"href":"https:\/\/www.claret.cat\/es\/wp-json\/wp\/v2\/types\/product"}],"wp:featuredmedia":[{"embeddable":true,"href":"https:\/\/www.claret.cat\/es\/wp-json\/wp\/v2\/media\/228211"}],"wp:attachment":[{"href":"https:\/\/www.claret.cat\/es\/wp-json\/wp\/v2\/media?parent=228210"}],"wp:term":[{"taxonomy":"product_brand","embeddable":true,"href":"https:\/\/www.claret.cat\/es\/wp-json\/wp\/v2\/product_brand?post=228210"},{"taxonomy":"product_cat","embeddable":true,"href":"https:\/\/www.claret.cat\/es\/wp-json\/wp\/v2\/product_cat?post=228210"},{"taxonomy":"product_tag","embeddable":true,"href":"https:\/\/www.claret.cat\/es\/wp-json\/wp\/v2\/product_tag?post=228210"}],"curies":[{"name":"wp","href":"https:\/\/api.w.org\/{rel}","templated":true}]}}