{"id":228385,"date":"2022-10-20T18:36:16","date_gmt":"2022-10-20T16:36:16","guid":{"rendered":"http:\/\/dev.claret.cat\/producte\/escucha-tu-cuerpo\/"},"modified":"2023-01-28T08:24:49","modified_gmt":"2023-01-28T07:24:49","slug":"escucha-tu-cuerpo-9788497437387","status":"publish","type":"product","link":"https:\/\/www.claret.cat\/es\/libro\/escucha-tu-cuerpo-9788497437387\/","title":{"rendered":"ESCUCHA TU CUERPO"},"content":{"rendered":"<p>FOCUSING quiere decir enfocar el cuerpo, escucharlo y aprender<br \/> a pensar con \u00e9l para gestionar nuestras emociones, ya sean conflictivas<br \/> o gustosas. Consta de 6 sencillos pasos que cualquiera puede<br \/> aprender a usar a base de llevar la atenci\u00f3n al cuerpo y &#8216;dejarlo&#8217;<br \/> que nos gu\u00ede para conseguir la palabra, la actitud o el gesto adecuado.<br \/> Su uso es muy variado si bien se orienta hacia el bienestar<br \/> general. Se aplica en terapia, medicina paliativa, crecimiento personal,<br \/> counselling, coaching, meditaci\u00f3n, relajaci\u00f3n, arte, deporte,<br \/> educaci\u00f3n social, espiritualidad, liderazgo y direcci\u00f3n de equipos<br \/> o artes marciales, entre otros campos. Sus beneficios son numerosos:<br \/> alivio, seguridad, gusto por vivir, contacto con uno mismo&#8230;<br \/> Cualquier persona puede aprenderlo y practicarlo.<\/p>\n","protected":false},"excerpt":{"rendered":"<p>L\u00d3PEZ GONZ\u00c1LEZ, LUIS<\/p>\n","protected":false},"featured_media":228386,"template":"","meta":{"_acf_changed":false,"om_disable_all_campaigns":false,"rs_blank_template":"","rs_page_bg_color":"","slide_template_v7":"","inline_featured_image":false,"_monsterinsights_skip_tracking":false,"_monsterinsights_sitenote_active":false,"_monsterinsights_sitenote_note":"","_monsterinsights_sitenote_category":0},"product_brand":[],"product_cat":[97],"product_tag":[],"class_list":{"0":"post-228385","1":"product","2":"type-product","3":"status-publish","4":"has-post-thumbnail","6":"product_cat-salut","8":"first","9":"instock","10":"taxable","11":"shipping-taxable","12":"purchasable","13":"product-type-simple"},"acf":{"autor":"L\u00d3PEZ GONZ\u00c1LEZ, LUIS","codart":"849743738","libros-coleccion":"","ediciones":"1","encuadernacion":"R\u00fastica","fecha_de_publicacion":"01\/09\/2016","novedad":"0","paginas":"213","subtitulo":"INTRODUCCI\u00d3N AL FOCUSING","orden":"999","portada":"0","idioma":"spa","editorial":[{"ID":148531,"post_author":"3","post_date":"2022-10-14 11:58:58","post_date_gmt":"2022-10-14 09:58:58","post_content":"","post_title":"Milenio Publicaciones","post_excerpt":"","post_status":"publish","comment_status":"closed","ping_status":"closed","post_password":"","post_name":"milenio-publicaciones","to_ping":"","pinged":"","post_modified":"2022-10-14 11:58:58","post_modified_gmt":"2022-10-14 09:58:58","post_content_filtered":"","post_parent":0,"guid":"http:\/\/dev.claret.cat\/editorial\/milenio-publicaciones\/","menu_order":0,"post_type":"editorial","post_mime_type":"","comment_count":"0","filter":"raw"}],"autores-libros":[{"ID":162737,"post_author":"3","post_date":"2022-10-14 17:33:24","post_date_gmt":"2022-10-14 15:33:24","post_content":"","post_title":"LUIS L\u00d3PEZ GONZ\u00c1LEZ","post_excerpt":"","post_status":"publish","comment_status":"closed","ping_status":"closed","post_password":"","post_name":"luis-lopez-gonzalez","to_ping":"","pinged":"","post_modified":"2022-10-14 17:33:24","post_modified_gmt":"2022-10-14 15:33:24","post_content_filtered":"","post_parent":0,"guid":"http:\/\/dev.claret.cat\/autor\/luis-lopez-gonzalez\/","menu_order":0,"post_type":"autor","post_mime_type":"","comment_count":"0","filter":"raw"}]},"aioseo_notices":[],"_links":{"self":[{"href":"https:\/\/www.claret.cat\/es\/wp-json\/wp\/v2\/product\/228385","targetHints":{"allow":["GET"]}}],"collection":[{"href":"https:\/\/www.claret.cat\/es\/wp-json\/wp\/v2\/product"}],"about":[{"href":"https:\/\/www.claret.cat\/es\/wp-json\/wp\/v2\/types\/product"}],"wp:featuredmedia":[{"embeddable":true,"href":"https:\/\/www.claret.cat\/es\/wp-json\/wp\/v2\/media\/228386"}],"wp:attachment":[{"href":"https:\/\/www.claret.cat\/es\/wp-json\/wp\/v2\/media?parent=228385"}],"wp:term":[{"taxonomy":"product_brand","embeddable":true,"href":"https:\/\/www.claret.cat\/es\/wp-json\/wp\/v2\/product_brand?post=228385"},{"taxonomy":"product_cat","embeddable":true,"href":"https:\/\/www.claret.cat\/es\/wp-json\/wp\/v2\/product_cat?post=228385"},{"taxonomy":"product_tag","embeddable":true,"href":"https:\/\/www.claret.cat\/es\/wp-json\/wp\/v2\/product_tag?post=228385"}],"curies":[{"name":"wp","href":"https:\/\/api.w.org\/{rel}","templated":true}]}}