{"id":228449,"date":"2022-10-20T18:37:49","date_gmt":"2022-10-20T16:37:49","guid":{"rendered":"http:\/\/dev.claret.cat\/producte\/eduardo-galeano-para-ninas-y-ninos\/"},"modified":"2023-01-28T06:38:59","modified_gmt":"2023-01-28T05:38:59","slug":"eduardo-galeano-para-ninas-y-ninos-9788494512759","status":"publish","type":"product","link":"https:\/\/www.claret.cat\/es\/libro\/eduardo-galeano-para-ninas-y-ninos-9788494512759\/","title":{"rendered":"EDUARDO GALEANO PARA NI\u00d1AS Y NI\u00d1OS"},"content":{"rendered":"<p>Este libro es la historia de una entrevista, de una charla con Galeano, nuestro h\u00e9roe de la palabra justa (por exacta y por su b\u00fasqueda de justicia). Revivi\u00f3 historias olvidadas, como la de Sim\u00f3n Rodr\u00edguez, como la de Juana Azurduy, y en este libro nos la cuenta a nosotros y a nosotras, en voz bien bajita, para que prestemos mucha atenci\u00f3n&#8230;<\/p>\n","protected":false},"excerpt":{"rendered":"<p>FINK, NADIA \/ SAA, PITU<\/p>\n","protected":false},"featured_media":228450,"template":"","meta":{"_acf_changed":false,"om_disable_all_campaigns":false,"rs_blank_template":"","rs_page_bg_color":"","slide_template_v7":"","inline_featured_image":false,"_monsterinsights_skip_tracking":false,"_monsterinsights_sitenote_active":false,"_monsterinsights_sitenote_note":"","_monsterinsights_sitenote_category":0},"product_brand":[],"product_cat":[86],"product_tag":[],"class_list":{"0":"post-228449","1":"product","2":"type-product","3":"status-publish","4":"has-post-thumbnail","6":"product_cat-infantil","8":"first","9":"instock","10":"taxable","11":"shipping-taxable","12":"purchasable","13":"product-type-simple"},"acf":{"autor":"FINK, NADIA \/ SAA, PITU","codart":"849451275","libros-coleccion":"Otros H\u00e9roes","ediciones":"1","encuadernacion":"R\u00fastica","fecha_de_publicacion":"01\/09\/2016","novedad":"1","paginas":"24","subtitulo":"","orden":"0","portada":"0","idioma":"spa","autores-libros":[{"ID":165572,"post_author":"3","post_date":"2022-10-14 17:56:15","post_date_gmt":"2022-10-14 15:56:15","post_content":"","post_title":"NADIA FINK","post_excerpt":"","post_status":"publish","comment_status":"closed","ping_status":"closed","post_password":"","post_name":"nadia-fink","to_ping":"","pinged":"","post_modified":"2022-10-14 17:56:15","post_modified_gmt":"2022-10-14 15:56:15","post_content_filtered":"","post_parent":0,"guid":"http:\/\/dev.claret.cat\/autor\/nadia-fink\/","menu_order":0,"post_type":"autor","post_mime_type":"","comment_count":"0","filter":"raw"}]},"aioseo_notices":[],"_links":{"self":[{"href":"https:\/\/www.claret.cat\/es\/wp-json\/wp\/v2\/product\/228449","targetHints":{"allow":["GET"]}}],"collection":[{"href":"https:\/\/www.claret.cat\/es\/wp-json\/wp\/v2\/product"}],"about":[{"href":"https:\/\/www.claret.cat\/es\/wp-json\/wp\/v2\/types\/product"}],"wp:featuredmedia":[{"embeddable":true,"href":"https:\/\/www.claret.cat\/es\/wp-json\/wp\/v2\/media\/228450"}],"wp:attachment":[{"href":"https:\/\/www.claret.cat\/es\/wp-json\/wp\/v2\/media?parent=228449"}],"wp:term":[{"taxonomy":"product_brand","embeddable":true,"href":"https:\/\/www.claret.cat\/es\/wp-json\/wp\/v2\/product_brand?post=228449"},{"taxonomy":"product_cat","embeddable":true,"href":"https:\/\/www.claret.cat\/es\/wp-json\/wp\/v2\/product_cat?post=228449"},{"taxonomy":"product_tag","embeddable":true,"href":"https:\/\/www.claret.cat\/es\/wp-json\/wp\/v2\/product_tag?post=228449"}],"curies":[{"name":"wp","href":"https:\/\/api.w.org\/{rel}","templated":true}]}}