{"id":228492,"date":"2022-10-20T18:38:50","date_gmt":"2022-10-20T16:38:50","guid":{"rendered":"http:\/\/dev.claret.cat\/producte\/el-ingeniero-menni\/"},"modified":"2023-01-28T10:58:12","modified_gmt":"2023-01-28T09:58:12","slug":"el-ingeniero-menni-9788494455599","status":"publish","type":"product","link":"https:\/\/www.claret.cat\/es\/libro\/el-ingeniero-menni-9788494455599\/","title":{"rendered":"EL INGENIERO MENNI"},"content":{"rendered":"<p>Un cl\u00e1sico recuperado de la ciencia ficci\u00f3n, secuela de &#8216;Estrella roja&#8217;, una amplificaci\u00f3n del imaginario de la primera novela.<\/p>\n<p>Esta novela, secuela de &#8216;Estrella roja&#8217;, expande tanto el mundo creado como las ideas del cl\u00e1sico per-revolucionario. Bogd\u00e1nov nos presenta el contexto y los antecedentes de la primera novela, la historia del desarrollo de Marte, y las formas en las que una aparentemente \u00abperfecta\u00bb sociedad puede contener en sin misma las semillas del conflicto. Bogd\u00e1nov no se limita a una edulcorada visi\u00f3n de un posible sistema sovi\u00e9tico, sino que desmonta una tras otras todas las verdades \u00ababsolutas\u00bb de cualquier sistema aut\u00e1rquico.<\/p>\n","protected":false},"excerpt":{"rendered":"<p>ALEXANDER BOGD\u00c1NOV<\/p>\n","protected":false},"featured_media":228493,"template":"","meta":{"_acf_changed":false,"om_disable_all_campaigns":false,"rs_blank_template":"","rs_page_bg_color":"","slide_template_v7":"","inline_featured_image":false,"_monsterinsights_skip_tracking":false,"_monsterinsights_sitenote_active":false,"_monsterinsights_sitenote_note":"","_monsterinsights_sitenote_category":0},"product_brand":[],"product_cat":[87],"product_tag":[],"class_list":{"0":"post-228492","1":"product","2":"type-product","3":"status-publish","4":"has-post-thumbnail","6":"product_cat-literatura","8":"first","9":"instock","10":"taxable","11":"shipping-taxable","12":"purchasable","13":"product-type-simple"},"acf":{"autor":"ALEXANDER BOGD\u00c1NOV","codart":"849445559","libros-coleccion":"","ediciones":"1","encuadernacion":"R\u00fastica","fecha_de_publicacion":"01\/09\/2016","novedad":"0","paginas":"174","subtitulo":"","orden":"999","portada":"0","idioma":"spa"},"aioseo_notices":[],"_links":{"self":[{"href":"https:\/\/www.claret.cat\/es\/wp-json\/wp\/v2\/product\/228492","targetHints":{"allow":["GET"]}}],"collection":[{"href":"https:\/\/www.claret.cat\/es\/wp-json\/wp\/v2\/product"}],"about":[{"href":"https:\/\/www.claret.cat\/es\/wp-json\/wp\/v2\/types\/product"}],"wp:featuredmedia":[{"embeddable":true,"href":"https:\/\/www.claret.cat\/es\/wp-json\/wp\/v2\/media\/228493"}],"wp:attachment":[{"href":"https:\/\/www.claret.cat\/es\/wp-json\/wp\/v2\/media?parent=228492"}],"wp:term":[{"taxonomy":"product_brand","embeddable":true,"href":"https:\/\/www.claret.cat\/es\/wp-json\/wp\/v2\/product_brand?post=228492"},{"taxonomy":"product_cat","embeddable":true,"href":"https:\/\/www.claret.cat\/es\/wp-json\/wp\/v2\/product_cat?post=228492"},{"taxonomy":"product_tag","embeddable":true,"href":"https:\/\/www.claret.cat\/es\/wp-json\/wp\/v2\/product_tag?post=228492"}],"curies":[{"name":"wp","href":"https:\/\/api.w.org\/{rel}","templated":true}]}}