{"id":228534,"date":"2022-10-20T18:39:48","date_gmt":"2022-10-20T16:39:48","guid":{"rendered":"http:\/\/dev.claret.cat\/producte\/mi-book-de-moda\/"},"modified":"2024-04-11T11:25:22","modified_gmt":"2024-04-11T09:25:22","slug":"mi-book-de-moda-9789876374743","status":"publish","type":"product","link":"https:\/\/www.claret.cat\/es\/libro\/mi-book-de-moda-9789876374743\/","title":{"rendered":"MI BOOK DE MODA"},"content":{"rendered":"<p>Un libro que incluye todo lo que necesit\u00e1s para liberar al dise\u00f1ador de moda que llevas dentro.<\/p>\n<p>Elige tus estampados (denim, lentejuelas, animal print), recorta y pega las muestras siguiendo la gu\u00eda que est\u00e1 debajo del patr\u00f3n, da vuelta la p\u00e1gina&#8230; \u00a1Y revela tu dise\u00f1o terminado! Incluye 60 p\u00e1ginas con instrucciones y consejos para inspirarte, 21 patrones, 30 papeles de doble vista, 1 l\u00e1mina de cinta adhesiva de doble vista y 1 l\u00e1mina de stickers dorados y plateados.<\/p>\n","protected":false},"excerpt":{"rendered":"<p>LOS EDITORES DE KLUTZ<\/p>\n","protected":false},"featured_media":228535,"template":"","meta":{"_acf_changed":false,"om_disable_all_campaigns":false,"rs_blank_template":"","rs_page_bg_color":"","slide_template_v7":"","inline_featured_image":false,"_monsterinsights_skip_tracking":false,"_monsterinsights_sitenote_active":false,"_monsterinsights_sitenote_note":"","_monsterinsights_sitenote_category":0},"product_brand":[],"product_cat":[86,352],"product_tag":[],"class_list":{"0":"post-228534","1":"product","2":"type-product","3":"status-publish","4":"has-post-thumbnail","6":"product_cat-infantil","7":"product_cat-infantil-3_infantil-juvenil-spa","9":"first","10":"instock","11":"taxable","12":"shipping-taxable","13":"purchasable","14":"product-type-simple"},"acf":{"autor":"LOS EDITORES DE KLUTZ","codart":"987637474","libros-coleccion":"","ediciones":"1","encuadernacion":"Carpeta","fecha_de_publicacion":"01\/09\/2016","novedad":"0","paginas":"60","subtitulo":"","orden":"999","portada":"0","idioma":"spa","editorial":[{"ID":8225,"post_author":"3","post_date":"2022-09-30 09:21:13","post_date_gmt":"2022-09-30 07:21:13","post_content":"","post_title":"CATAPULTA EDITORES","post_excerpt":"","post_status":"publish","comment_status":"closed","ping_status":"closed","post_password":"","post_name":"catapulta-editores","to_ping":"","pinged":"","post_modified":"2022-09-30 09:21:13","post_modified_gmt":"2022-09-30 07:21:13","post_content_filtered":"","post_parent":0,"guid":"http:\/\/dev.claret.cat\/editorial\/catapulta-editores\/","menu_order":0,"post_type":"editorial","post_mime_type":"","comment_count":"0","filter":"raw"}],"autores-libros":[{"ID":162506,"post_author":"3","post_date":"2022-10-14 17:31:33","post_date_gmt":"2022-10-14 15:31:33","post_content":"","post_title":"LOS EDITORES DE KLUTZ","post_excerpt":"","post_status":"publish","comment_status":"closed","ping_status":"closed","post_password":"","post_name":"los-editores-de-klutz","to_ping":"","pinged":"","post_modified":"2022-10-14 17:31:33","post_modified_gmt":"2022-10-14 15:31:33","post_content_filtered":"","post_parent":0,"guid":"http:\/\/dev.claret.cat\/autor\/los-editores-de-klutz\/","menu_order":0,"post_type":"autor","post_mime_type":"","comment_count":"0","filter":"raw"}]},"aioseo_notices":[],"_links":{"self":[{"href":"https:\/\/www.claret.cat\/es\/wp-json\/wp\/v2\/product\/228534","targetHints":{"allow":["GET"]}}],"collection":[{"href":"https:\/\/www.claret.cat\/es\/wp-json\/wp\/v2\/product"}],"about":[{"href":"https:\/\/www.claret.cat\/es\/wp-json\/wp\/v2\/types\/product"}],"wp:featuredmedia":[{"embeddable":true,"href":"https:\/\/www.claret.cat\/es\/wp-json\/wp\/v2\/media\/228535"}],"wp:attachment":[{"href":"https:\/\/www.claret.cat\/es\/wp-json\/wp\/v2\/media?parent=228534"}],"wp:term":[{"taxonomy":"product_brand","embeddable":true,"href":"https:\/\/www.claret.cat\/es\/wp-json\/wp\/v2\/product_brand?post=228534"},{"taxonomy":"product_cat","embeddable":true,"href":"https:\/\/www.claret.cat\/es\/wp-json\/wp\/v2\/product_cat?post=228534"},{"taxonomy":"product_tag","embeddable":true,"href":"https:\/\/www.claret.cat\/es\/wp-json\/wp\/v2\/product_tag?post=228534"}],"curies":[{"name":"wp","href":"https:\/\/api.w.org\/{rel}","templated":true}]}}